{"id":742029,"date":"2025-08-28T01:02:20","date_gmt":"2025-08-27T22:02:20","guid":{"rendered":"https:\/\/roveyayinevi.com.tr\/index.php\/urun\/necip-bey\/"},"modified":"2026-04-16T02:53:16","modified_gmt":"2026-04-15T23:53:16","slug":"necip-bey","status":"publish","type":"product","link":"https:\/\/roveyayinevi.com.tr\/index.php\/urun\/necip-bey\/","title":{"rendered":"Necip Bey!"},"content":{"rendered":"<p>B\u00fct\u00fcn bunlar ya\u015fan\u0131rken kimse beni elimden tutup okula g\u00f6t\u00fcrmedi. Hi\u00e7 kimse okula ka\u00e7ta gidip ne zaman \u00e7\u0131kt\u0131\u011f\u0131m\u0131 sormad\u0131. Babam ise ka\u00e7\u0131nc\u0131 s\u0131n\u0131fta oldu\u011fumu bile bilmezdi. Hangi s\u0131nava girdi\u011fimiz, hangi notu ald\u0131\u011f\u0131m\u0131z ne bilinir ne de sorulurdu. B\u00fct\u00fcn sorumluluk sana aitti. Evden \u00e7\u0131k\u0131p mahallemizin k\u00f6pekleriyle vedala\u015ft\u0131ktan k\u0131sa bir s\u00fcre sonra tramvay Millet Park\u0131 yoku\u015funu h\u0131zla inmeye ba\u015flar ve evimizin bah\u00e7e duvar\u0131 g\u00f6r\u00fcnmez olurdu. Bunun anlam\u0131 \u015fuydu: \u00d6zg\u00fcrd\u00fcn. Okula gidebilirdin ya da gitmeyebilirdin. Ba\u015f\u0131n\u0131 al\u0131p parklarda, \u00e7ay bah\u00e7elerinde vakit ge\u00e7irebilirdin. Karar senindi. Y\u00fck senin s\u0131rt\u0131ndayd\u0131. Evdekiler ise beklemedikleri sonu\u00e7larla kar\u015f\u0131la\u015fabilirlerdi. \u00d6rne\u011fin, babam uzun s\u00fcre benim okul d\u0131\u015f\u0131nda, bir yandan da sporla u\u011fra\u015ft\u0131\u011f\u0131m\u0131n fark\u0131na varmam\u0131\u015f, bunu bilememi\u015f, merak dahi etmemi\u015ftir. Bir g\u00fcn babam\u0131n yaz\u0131hanesine biri gelip de, \u201cSiz Hulusi M\u00fcderriso\u011flu\u2019nun babas\u0131 m\u0131s\u0131n\u0131z?\u201d diye sorunca, babam bana bir \u015fey oldu\u011funu d\u00fc\u015f\u00fcn\u00fcp tela\u015flan\u0131yor. Bunu fark eden adam, \u201cSadece sordum. O\u011flunuz bug\u00fcnlerde \u00fclkenin en \u00f6nemli atletlerinden biri\u2026 Onun i\u00e7in merak ettim, soyad\u0131n\u0131z ayn\u0131 da\u2026\u201d diye a\u00e7\u0131klama yap\u0131yor. <\/p>\n","protected":false},"excerpt":{"rendered":"<p>B\u00fct\u00fcn bunlar ya\u015fan\u0131rken kimse beni elimden tutup okula g\u00f6t\u00fcrmedi. Hi\u00e7 kimse okula ka\u00e7ta gidip ne zaman \u00e7\u0131kt\u0131\u011f\u0131m\u0131 sormad\u0131. Babam ise ka\u00e7\u0131nc\u0131 s\u0131n\u0131fta oldu\u011fumu bile bilmezdi. Hangi<span class=\"excerpt-hellip\"> [\u2026]<\/span><\/p>\n","protected":false},"featured_media":0,"template":"","meta":{"_monsterinsights_skip_tracking":false,"_monsterinsights_sitenote_active":false,"_monsterinsights_sitenote_note":"","_monsterinsights_sitenote_category":0},"product_brand":[],"product_cat":[12291,12711],"product_tag":[],"class_list":{"0":"post-742029","1":"product","2":"type-product","3":"status-publish","5":"product_cat-edebiyat","6":"product_cat-roman-oyku","7":"pa_cilt-ciltsiz","8":"pa_tur-kitap","9":"pa_yayinevi-luna-yayinlari","10":"pa_yazar-orhan-aydin","12":"first","13":"instock","14":"sale","15":"shipping-taxable","16":"purchasable","17":"product-type-simple"},"_links":{"self":[{"href":"https:\/\/roveyayinevi.com.tr\/index.php\/wp-json\/wp\/v2\/product\/742029","targetHints":{"allow":["GET"]}}],"collection":[{"href":"https:\/\/roveyayinevi.com.tr\/index.php\/wp-json\/wp\/v2\/product"}],"about":[{"href":"https:\/\/roveyayinevi.com.tr\/index.php\/wp-json\/wp\/v2\/types\/product"}],"wp:attachment":[{"href":"https:\/\/roveyayinevi.com.tr\/index.php\/wp-json\/wp\/v2\/media?parent=742029"}],"wp:term":[{"taxonomy":"product_brand","embeddable":true,"href":"https:\/\/roveyayinevi.com.tr\/index.php\/wp-json\/wp\/v2\/product_brand?post=742029"},{"taxonomy":"product_cat","embeddable":true,"href":"https:\/\/roveyayinevi.com.tr\/index.php\/wp-json\/wp\/v2\/product_cat?post=742029"},{"taxonomy":"product_tag","embeddable":true,"href":"https:\/\/roveyayinevi.com.tr\/index.php\/wp-json\/wp\/v2\/product_tag?post=742029"}],"curies":[{"name":"wp","href":"https:\/\/api.w.org\/{rel}","templated":true}]}}