{"id":742027,"date":"2025-08-28T01:02:17","date_gmt":"2025-08-27T22:02:17","guid":{"rendered":"https:\/\/roveyayinevi.com.tr\/index.php\/urun\/asude-bir-bahar\/"},"modified":"2026-04-16T02:53:16","modified_gmt":"2026-04-15T23:53:16","slug":"asude-bir-bahar","status":"publish","type":"product","link":"https:\/\/roveyayinevi.com.tr\/index.php\/urun\/asude-bir-bahar\/","title":{"rendered":"Asude Bir Bahar"},"content":{"rendered":"<p>Merakl\u0131 g\u00f6zlerle, \u00f6n\u00fcnde dizilmi\u015f s\u0131ra s\u0131ra kap\u0131lar\u0131n a\u00e7\u0131lmas\u0131n\u0131 beklerken, asl\u0131nda bu s\u0131rlarda yolculuk yap\u0131yordu. San\u0131yordu ki kap\u0131 a\u00e7\u0131lmazsa, ilerleyemezse orada kalacak. Kalbinin m\u00fchr\u00fc hangi kap\u0131n\u0131n ard\u0131nda as\u0131l\u0131yd\u0131 kim bilir&#8230; Hayat daha hangi r\u00fczg\u00e2rla, hangi daldan ba\u015fkas\u0131na estirip savuracakt\u0131 da her kondu\u011fu yerde bir pencere a\u00e7acakt\u0131? Hi\u00e7li\u011fin fark\u0131na var\u0131nca kendini bulurdu insan. Tam olamayaca\u011f\u0131n\u0131 idrak edince tamamlan\u0131rd\u0131. Acelecilikle de\u011fil, sabr\u0131n a\u011f\u0131r ad\u0131mlar\u0131yla ve s\u00fck\u00fbnetle y\u00fcr\u00fcn\u00fcrse istikamet \u00fczere yol al\u0131rd\u0131. \u00c7ok toydu daha. Hayat\u0131n acemisiydi. Daha \u00e7alaca\u011f\u0131 \u00e7ok kap\u0131, a\u015f\u0131nd\u0131raca\u011f\u0131 \u00e7ok e\u015fik vard\u0131. \u015eimdi b\u00fct\u00fcn bunlardan habersiz yat\u0131yor ve bekliyordu. Daha yolun en ba\u015f\u0131ndayken kendini sonunda san\u0131yordu. <\/p>\n","protected":false},"excerpt":{"rendered":"<p>Merakl\u0131 g\u00f6zlerle, \u00f6n\u00fcnde dizilmi\u015f s\u0131ra s\u0131ra kap\u0131lar\u0131n a\u00e7\u0131lmas\u0131n\u0131 beklerken, asl\u0131nda bu s\u0131rlarda yolculuk yap\u0131yordu. San\u0131yordu ki kap\u0131 a\u00e7\u0131lmazsa, ilerleyemezse orada kalacak. Kalbinin m\u00fchr\u00fc hangi kap\u0131n\u0131n ard\u0131nda<span class=\"excerpt-hellip\"> [\u2026]<\/span><\/p>\n","protected":false},"featured_media":0,"template":"","meta":{"_monsterinsights_skip_tracking":false,"_monsterinsights_sitenote_active":false,"_monsterinsights_sitenote_note":"","_monsterinsights_sitenote_category":0},"product_brand":[],"product_cat":[12291,12711],"product_tag":[],"class_list":{"0":"post-742027","1":"product","2":"type-product","3":"status-publish","5":"product_cat-edebiyat","6":"product_cat-roman-oyku","7":"pa_cilt-ciltsiz","8":"pa_tur-kitap","9":"pa_yayinevi-luna-yayinlari","10":"pa_yazar-sule-anil-sonkaya","12":"first","13":"instock","14":"sale","15":"shipping-taxable","16":"purchasable","17":"product-type-simple"},"_links":{"self":[{"href":"https:\/\/roveyayinevi.com.tr\/index.php\/wp-json\/wp\/v2\/product\/742027","targetHints":{"allow":["GET"]}}],"collection":[{"href":"https:\/\/roveyayinevi.com.tr\/index.php\/wp-json\/wp\/v2\/product"}],"about":[{"href":"https:\/\/roveyayinevi.com.tr\/index.php\/wp-json\/wp\/v2\/types\/product"}],"wp:attachment":[{"href":"https:\/\/roveyayinevi.com.tr\/index.php\/wp-json\/wp\/v2\/media?parent=742027"}],"wp:term":[{"taxonomy":"product_brand","embeddable":true,"href":"https:\/\/roveyayinevi.com.tr\/index.php\/wp-json\/wp\/v2\/product_brand?post=742027"},{"taxonomy":"product_cat","embeddable":true,"href":"https:\/\/roveyayinevi.com.tr\/index.php\/wp-json\/wp\/v2\/product_cat?post=742027"},{"taxonomy":"product_tag","embeddable":true,"href":"https:\/\/roveyayinevi.com.tr\/index.php\/wp-json\/wp\/v2\/product_tag?post=742027"}],"curies":[{"name":"wp","href":"https:\/\/api.w.org\/{rel}","templated":true}]}}