{"id":742022,"date":"2025-08-28T01:02:11","date_gmt":"2025-08-27T22:02:11","guid":{"rendered":"https:\/\/roveyayinevi.com.tr\/index.php\/urun\/neden-hic-buyuk-kadin-sanatci-yok\/"},"modified":"2025-11-21T08:07:45","modified_gmt":"2025-11-21T05:07:45","slug":"neden-hic-buyuk-kadin-sanatci-yok","status":"publish","type":"product","link":"https:\/\/roveyayinevi.com.tr\/index.php\/urun\/neden-hic-buyuk-kadin-sanatci-yok\/","title":{"rendered":"Neden Hi\u00e7 B\u00fcy\u00fck Kad\u0131n Sanat\u00e7\u0131 Yok?"},"content":{"rendered":"<p>Linda Nochlin\u2019in bir d\u00f6n\u00fcm noktas\u0131 olarak feminist sanat tarihinin temellerini atan makalesi, sanat olgusunu alg\u0131lamam\u0131zda h\u00e2l\u00e2 \u00f6nemli bir yere sahip. Ayd\u0131nlat\u0131c\u0131 oldu\u011fu kadar sorgulat\u0131c\u0131 y\u00f6n\u00fcyle okuru konuya dahil ediyor, kabullendi\u011fimiz varsay\u0131mlar\u0131 g\u00f6zden ge\u00e7irece\u011fimiz yeni bak\u0131\u015f a\u00e7\u0131lar\u0131na davet ediyor. Nochlin, neden hi\u00e7 \u201cb\u00fcy\u00fck kad\u0131n sanat\u00e7\u0131\u201d olmad\u0131\u011f\u0131 sorusunu, sorunun \u00e7arp\u0131k mant\u0131\u011f\u0131 i\u00e7inde yan\u0131tlamay\u0131 reddediyor. Onun yerine, b\u00fcy\u00fckl\u00fck kavram\u0131n\u0131n kendisini masaya yat\u0131rarak sanatta erkek-egemen deha kavram\u0131n\u0131 yaratan temel varsay\u0131mlar\u0131 yap\u0131bozuma u\u011frat\u0131yor. Sanat tarihsel d\u00fc\u015f\u00fcnceye h\u00e2kim olan beyaz erkek bak\u0131\u015f a\u00e7\u0131s\u0131n\u0131n yaln\u0131zca ahlaki de\u011fil, ayn\u0131 zamanda entelekt\u00fcel bir yan\u0131lg\u0131 oldu\u011funu benzersiz bir kavray\u0131\u015fla g\u00f6zler \u00f6n\u00fcne seriyor.   Bu etkili makale, tek ba\u015f\u0131na kitap halinde bas\u0131lan bu y\u0131ld\u00f6n\u00fcm\u00fc bask\u0131s\u0131nda yazar\u0131n kendi makalesini de\u011ferlendirdi\u011fi \u201cOtuz Y\u0131l Sonra\u201d makalesiyle birlikte yay\u0131mlan\u0131yor. Feminist, queer, \u0131rk ve postkolonyal kuram ve \u00e7al\u0131\u015fmalar\u0131n\u0131n filizlenip yay\u0131ld\u0131\u011f\u0131 bir d\u00f6nemde \u201cOtuz Y\u0131l Sonra\u201d makalesi yepyeni bir kanonun ortaya \u00e7\u0131k\u0131\u015f\u0131na dair \u00e7arp\u0131c\u0131 bir de\u011ferlendirme. Louise Bourgeois, Cindy Sherman ve ba\u015fka bir\u00e7ok sanat\u00e7\u0131ya g\u00f6ndermeler yapan bu makalede Nochlin e\u015fsiz bir tutku ve hassasiyetle kad\u0131nlar ve sanat aras\u0131ndaki ili\u015fkiyi \u00e7\u00f6z\u00fcml\u00fcyor. \u201cNeden Hi\u00e7 B\u00fcy\u00fck Kad\u0131n Sanat\u00e7\u0131 Yok?\u201d \u00e7e\u015fitli k\u00fclt\u00fcr ve toplumlarda etkisi yank\u0131lanan birle\u015ftirici bir \u00e7a\u011fr\u0131 niteli\u011finde. Nochlin\u2019in mesaj\u0131 hi\u00e7 bu kadar acil olmam\u0131\u015ft\u0131: 2015 y\u0131l\u0131nda s\u00f6yledi\u011fi gibi, \u201cdaha yapacak \u00e7ok i\u015f var.\u201d <\/p>\n","protected":false},"excerpt":{"rendered":"<p>Linda Nochlin\u2019in bir d\u00f6n\u00fcm noktas\u0131 olarak feminist sanat tarihinin temellerini atan makalesi, sanat olgusunu alg\u0131lamam\u0131zda h\u00e2l\u00e2 \u00f6nemli bir yere sahip. Ayd\u0131nlat\u0131c\u0131 oldu\u011fu kadar sorgulat\u0131c\u0131 y\u00f6n\u00fcyle okuru<span class=\"excerpt-hellip\"> [\u2026]<\/span><\/p>\n","protected":false},"featured_media":0,"template":"","meta":{"_monsterinsights_skip_tracking":false,"_monsterinsights_sitenote_active":false,"_monsterinsights_sitenote_note":"","_monsterinsights_sitenote_category":0},"product_brand":[],"product_cat":[13072,12291],"product_tag":[],"class_list":{"0":"post-742022","1":"product","2":"type-product","3":"status-publish","5":"product_cat-arastirma-inceleme-referans","6":"product_cat-edebiyat","7":"pa_cilt-ciltsiz","8":"pa_tur-kitap","9":"pa_yayinevi-hayalperest-yayinlari","10":"pa_yazar-linda-nochlin","12":"first","13":"instock","14":"sale","15":"shipping-taxable","16":"purchasable","17":"product-type-simple"},"_links":{"self":[{"href":"https:\/\/roveyayinevi.com.tr\/index.php\/wp-json\/wp\/v2\/product\/742022","targetHints":{"allow":["GET"]}}],"collection":[{"href":"https:\/\/roveyayinevi.com.tr\/index.php\/wp-json\/wp\/v2\/product"}],"about":[{"href":"https:\/\/roveyayinevi.com.tr\/index.php\/wp-json\/wp\/v2\/types\/product"}],"wp:attachment":[{"href":"https:\/\/roveyayinevi.com.tr\/index.php\/wp-json\/wp\/v2\/media?parent=742022"}],"wp:term":[{"taxonomy":"product_brand","embeddable":true,"href":"https:\/\/roveyayinevi.com.tr\/index.php\/wp-json\/wp\/v2\/product_brand?post=742022"},{"taxonomy":"product_cat","embeddable":true,"href":"https:\/\/roveyayinevi.com.tr\/index.php\/wp-json\/wp\/v2\/product_cat?post=742022"},{"taxonomy":"product_tag","embeddable":true,"href":"https:\/\/roveyayinevi.com.tr\/index.php\/wp-json\/wp\/v2\/product_tag?post=742022"}],"curies":[{"name":"wp","href":"https:\/\/api.w.org\/{rel}","templated":true}]}}