{"id":742016,"date":"2025-08-28T01:02:03","date_gmt":"2025-08-27T22:02:03","guid":{"rendered":"https:\/\/roveyayinevi.com.tr\/index.php\/urun\/tragedyalar\/"},"modified":"2026-04-16T02:53:16","modified_gmt":"2026-04-15T23:53:16","slug":"tragedyalar","status":"publish","type":"product","link":"https:\/\/roveyayinevi.com.tr\/index.php\/urun\/tragedyalar\/","title":{"rendered":"Tragedyalar"},"content":{"rendered":"<p>Tragedyalar Cansever\u2019i T\u00fcrk \u015fiirindeki yerine olanca a\u011f\u0131rl\u0131\u011f\u0131yla oturtan ve \u0130kinci Yeni\u2019den ayr\u0131 y\u00f6nlerini g\u00f6steren Tragedyalar\u2019da \u015fair, dizenin i\u015flevini yitirdi\u011fi d\u00fc\u015f\u00fcncesiyle tiyatrodan, diyalogdan, i\u00e7 monologdan yararlan\u0131r; d\u00fczyaz\u0131n\u0131n olanaklar\u0131n\u0131 \u015fiire ta\u015f\u0131r.  Her y\u00f6n\u00fcyle modern \u015fiire yeni \u00f6zellikler, taze bir hava ve \u00f6zg\u00fcn bi\u00e7imler getiren unutulmaz bir kitap Tragedyalar.   \u201cUnutulmu\u015f gibiyim ben. Ve insan Bir bak\u0131ma unutulmu\u015f gibidir Bilemem ki, nas\u0131l anlatmal\u0131, yaln\u0131z bile de\u011filim Belki de yaln\u0131zl\u0131ktan Daha fazla bir \u015fey bu Unuttum ben kendimi de Stepan.\u201d <\/p>\n","protected":false},"excerpt":{"rendered":"<p>Tragedyalar Cansever\u2019i T\u00fcrk \u015fiirindeki yerine olanca a\u011f\u0131rl\u0131\u011f\u0131yla oturtan ve \u0130kinci Yeni\u2019den ayr\u0131 y\u00f6nlerini g\u00f6steren Tragedyalar\u2019da \u015fair, dizenin i\u015flevini yitirdi\u011fi d\u00fc\u015f\u00fcncesiyle tiyatrodan, diyalogdan, i\u00e7 monologdan yararlan\u0131r; d\u00fczyaz\u0131n\u0131n<span class=\"excerpt-hellip\"> [\u2026]<\/span><\/p>\n","protected":false},"featured_media":0,"template":"","meta":{"_monsterinsights_skip_tracking":false,"_monsterinsights_sitenote_active":false,"_monsterinsights_sitenote_note":"","_monsterinsights_sitenote_category":0},"product_brand":[],"product_cat":[12291,12509],"product_tag":[],"class_list":{"0":"post-742016","1":"product","2":"type-product","3":"status-publish","5":"product_cat-edebiyat","6":"product_cat-siir","7":"pa_cilt-ciltsiz","8":"pa_tur-kitap","9":"pa_yayinevi-yapi-kredi-yayinlari","10":"pa_yazar-edip-cansever","12":"first","13":"instock","14":"sale","15":"shipping-taxable","16":"purchasable","17":"product-type-simple"},"_links":{"self":[{"href":"https:\/\/roveyayinevi.com.tr\/index.php\/wp-json\/wp\/v2\/product\/742016","targetHints":{"allow":["GET"]}}],"collection":[{"href":"https:\/\/roveyayinevi.com.tr\/index.php\/wp-json\/wp\/v2\/product"}],"about":[{"href":"https:\/\/roveyayinevi.com.tr\/index.php\/wp-json\/wp\/v2\/types\/product"}],"wp:attachment":[{"href":"https:\/\/roveyayinevi.com.tr\/index.php\/wp-json\/wp\/v2\/media?parent=742016"}],"wp:term":[{"taxonomy":"product_brand","embeddable":true,"href":"https:\/\/roveyayinevi.com.tr\/index.php\/wp-json\/wp\/v2\/product_brand?post=742016"},{"taxonomy":"product_cat","embeddable":true,"href":"https:\/\/roveyayinevi.com.tr\/index.php\/wp-json\/wp\/v2\/product_cat?post=742016"},{"taxonomy":"product_tag","embeddable":true,"href":"https:\/\/roveyayinevi.com.tr\/index.php\/wp-json\/wp\/v2\/product_tag?post=742016"}],"curies":[{"name":"wp","href":"https:\/\/api.w.org\/{rel}","templated":true}]}}