{"id":742013,"date":"2025-08-28T01:01:57","date_gmt":"2025-08-27T22:01:57","guid":{"rendered":"https:\/\/roveyayinevi.com.tr\/index.php\/urun\/daragacinda-uc-fidan-ciltli\/"},"modified":"2026-02-03T03:08:00","modified_gmt":"2026-02-03T00:08:00","slug":"daragacinda-uc-fidan-ciltli","status":"publish","type":"product","link":"https:\/\/roveyayinevi.com.tr\/index.php\/urun\/daragacinda-uc-fidan-ciltli\/","title":{"rendered":"Dara\u011fac\u0131nda  \u00dc\u00e7 Fidan  (Ciltli)"},"content":{"rendered":"<p>1968\u2019ler. Yaz\u0131l\u0131 tarihin en barbar asr\u0131n\u0131n en umutlu, en \u0131\u015f\u0131kl\u0131, en cesur g\u00fcnleriydi. Co\u015fkun bir devrimci dalgan\u0131n b\u00fct\u00fcn d\u00fcnyay\u0131 sarst\u0131\u011f\u0131, onlarca \u00fclkede milyonlarca insan\u0131n aya\u011fa kalkarak, \u201cGer\u00e7ek\u00e7i ol, imk\u00e2ns\u0131z\u0131 iste,\u201d diye hayk\u0131rd\u0131\u011f\u0131 g\u00fcnlerdi&#8230; B\u00f6yle bir d\u00fcnyada, Denizler de \u00f6zg\u00fcrl\u00fck bayra\u011f\u0131n\u0131 T\u00fcrkiye\u2019de y\u00fckseklere ta\u015f\u0131d\u0131lar. ABD\u2019ye, NATO\u2019ya, yurtlar\u0131n\u0131 yerli ve yabanc\u0131 sermayeye pe\u015fke\u015f \u00e7ekmek isteyenlere en iyi cevab\u0131 eylemleriyle, y\u00fcr\u00fcy\u00fc\u015fleriyle, cesaretleriyle verdiler. Ve egemenler, bu \u00f6zg\u00fcrl\u00fck kabar\u0131\u015f\u0131n\u0131n intikam\u0131n\u0131 12 Mart karanl\u0131\u011f\u0131nda \u00fc\u00e7 gen\u00e7ten \u00e7\u0131karmak istediler. Somut hi\u00e7bir yasal dayanak olmadan Deniz\u2019i, Yusuf\u2019u, H\u00fcseyin\u2019i ve nice arkada\u015flar\u0131n\u0131 idamla yarg\u0131lay\u0131p, \u201cAsal\u0131m, asal\u0131m!\u201d \u00e7\u0131\u011fl\u0131klar\u0131yla dara\u011fac\u0131na g\u00f6ndererek \u00f6zg\u00fcrl\u00fck ve ba\u011f\u0131ms\u0131zl\u0131k m\u00fccadelesini bo\u011fmaya \u00e7al\u0131\u015ft\u0131lar&#8230; Bask\u0131 alt\u0131nda ge\u00e7en yirmi iki y\u0131l\u0131n ard\u0131ndan, bu yeni bas\u0131m\u0131yla Dara\u011fac\u0131nda \u00dc\u00e7 Fidan\u2019\u0131 sunarken, bug\u00fcn koyu bir karanl\u0131\u011f\u0131n ve ahl\u00e2ks\u0131zl\u0131\u011f\u0131n i\u00e7ine itilmek istenen yurdumuzda, g\u00f6zlerimizde h\u00e2l\u00e2 bir umut \u0131\u015f\u0131\u011f\u0131, dara\u011fa\u00e7lar\u0131nda \u201csolmayan\u201d \u00fc\u00e7 fidan\u0131n an\u0131s\u0131 \u00f6n\u00fcnde sayg\u0131yla e\u011filiyoruz&#8230;<\/p>\n","protected":false},"excerpt":{"rendered":"<p>1968\u2019ler. Yaz\u0131l\u0131 tarihin en barbar asr\u0131n\u0131n en umutlu, en \u0131\u015f\u0131kl\u0131, en cesur g\u00fcnleriydi. Co\u015fkun bir devrimci dalgan\u0131n b\u00fct\u00fcn d\u00fcnyay\u0131 sarst\u0131\u011f\u0131, onlarca \u00fclkede milyonlarca insan\u0131n aya\u011fa kalkarak,<span class=\"excerpt-hellip\"> [\u2026]<\/span><\/p>\n","protected":false},"featured_media":0,"template":"","meta":{"_monsterinsights_skip_tracking":false,"_monsterinsights_sitenote_active":false,"_monsterinsights_sitenote_note":"","_monsterinsights_sitenote_category":0},"product_brand":[],"product_cat":[13701,12291],"product_tag":[],"class_list":{"0":"post-742013","1":"product","2":"type-product","3":"status-publish","5":"product_cat-ani-mektup-gunluk","6":"product_cat-edebiyat","7":"pa_cilt-ciltli","8":"pa_tur-kitap","9":"pa_yayinevi-everest-yayinlari","10":"pa_yazar-nihat-behram","12":"first","13":"instock","14":"sale","15":"shipping-taxable","16":"purchasable","17":"product-type-simple"},"_links":{"self":[{"href":"https:\/\/roveyayinevi.com.tr\/index.php\/wp-json\/wp\/v2\/product\/742013","targetHints":{"allow":["GET"]}}],"collection":[{"href":"https:\/\/roveyayinevi.com.tr\/index.php\/wp-json\/wp\/v2\/product"}],"about":[{"href":"https:\/\/roveyayinevi.com.tr\/index.php\/wp-json\/wp\/v2\/types\/product"}],"wp:attachment":[{"href":"https:\/\/roveyayinevi.com.tr\/index.php\/wp-json\/wp\/v2\/media?parent=742013"}],"wp:term":[{"taxonomy":"product_brand","embeddable":true,"href":"https:\/\/roveyayinevi.com.tr\/index.php\/wp-json\/wp\/v2\/product_brand?post=742013"},{"taxonomy":"product_cat","embeddable":true,"href":"https:\/\/roveyayinevi.com.tr\/index.php\/wp-json\/wp\/v2\/product_cat?post=742013"},{"taxonomy":"product_tag","embeddable":true,"href":"https:\/\/roveyayinevi.com.tr\/index.php\/wp-json\/wp\/v2\/product_tag?post=742013"}],"curies":[{"name":"wp","href":"https:\/\/api.w.org\/{rel}","templated":true}]}}