{"id":742012,"date":"2025-08-28T01:01:55","date_gmt":"2025-08-27T22:01:55","guid":{"rendered":"https:\/\/roveyayinevi.com.tr\/index.php\/urun\/devlet-danismani\/"},"modified":"2026-04-08T03:01:26","modified_gmt":"2026-04-08T00:01:26","slug":"devlet-danismani","status":"publish","type":"product","link":"https:\/\/roveyayinevi.com.tr\/index.php\/urun\/devlet-danismani\/","title":{"rendered":"Devlet Dan\u0131\u015fman\u0131"},"content":{"rendered":"<p>Erast Fandorin\u2019in yeni dura\u011f\u0131 19. y\u00fczy\u0131l sonlar\u0131n\u0131n Moskova\u2019s\u0131\u2026 Art\u0131k Devlet Dan\u0131\u015fman\u0131 unvan\u0131na sahiptir. Bu kez d\u00fc\u015fmanlar\u0131, izini s\u00fcrd\u00fc\u011f\u00fc suikast\u00e7\u0131lar ve kendi yozla\u015fm\u0131\u015f \u00fcstleridir. Moskova\u2019n\u0131n rakip polis departmanlar\u0131n\u0131n ve muhbirlerinin dolamba\u00e7l\u0131 yollar\u0131nda sadece bir haini de\u011fil, \u00c7arl\u0131k rejimini yok etmeye ve devrimi ba\u015flatmaya kararl\u0131 bir grup ter\u00f6risti de arar.   Devlet Dan\u0131\u015fman\u0131, yaln\u0131zca ter\u00f6rizmi ve buna kar\u015f\u0131l\u0131k olarak polis eylemlerinin etkinli\u011fini incelemekle kalm\u0131yor, ayn\u0131 zamanda iki u\u00e7 aras\u0131nda s\u0131k\u0131\u015fm\u0131\u015f bir ki\u015finin ahlaki a\u00e7maz\u0131n\u0131 da ele al\u0131yor. <\/p>\n","protected":false},"excerpt":{"rendered":"<p>Erast Fandorin\u2019in yeni dura\u011f\u0131 19. y\u00fczy\u0131l sonlar\u0131n\u0131n Moskova\u2019s\u0131\u2026 Art\u0131k Devlet Dan\u0131\u015fman\u0131 unvan\u0131na sahiptir. Bu kez d\u00fc\u015fmanlar\u0131, izini s\u00fcrd\u00fc\u011f\u00fc suikast\u00e7\u0131lar ve kendi yozla\u015fm\u0131\u015f \u00fcstleridir. Moskova\u2019n\u0131n rakip polis<span class=\"excerpt-hellip\"> [\u2026]<\/span><\/p>\n","protected":false},"featured_media":0,"template":"","meta":{"_monsterinsights_skip_tracking":false,"_monsterinsights_sitenote_active":false,"_monsterinsights_sitenote_note":"","_monsterinsights_sitenote_category":0},"product_brand":[],"product_cat":[12291,12711],"product_tag":[],"class_list":{"0":"post-742012","1":"product","2":"type-product","3":"status-publish","5":"product_cat-edebiyat","6":"product_cat-roman-oyku","7":"pa_cilt-ciltsiz","8":"pa_tur-kitap","9":"pa_yayinevi-alfa-yayinlari","10":"pa_yazar-boris-akunin","12":"first","13":"instock","14":"sale","15":"shipping-taxable","16":"purchasable","17":"product-type-simple"},"_links":{"self":[{"href":"https:\/\/roveyayinevi.com.tr\/index.php\/wp-json\/wp\/v2\/product\/742012","targetHints":{"allow":["GET"]}}],"collection":[{"href":"https:\/\/roveyayinevi.com.tr\/index.php\/wp-json\/wp\/v2\/product"}],"about":[{"href":"https:\/\/roveyayinevi.com.tr\/index.php\/wp-json\/wp\/v2\/types\/product"}],"wp:attachment":[{"href":"https:\/\/roveyayinevi.com.tr\/index.php\/wp-json\/wp\/v2\/media?parent=742012"}],"wp:term":[{"taxonomy":"product_brand","embeddable":true,"href":"https:\/\/roveyayinevi.com.tr\/index.php\/wp-json\/wp\/v2\/product_brand?post=742012"},{"taxonomy":"product_cat","embeddable":true,"href":"https:\/\/roveyayinevi.com.tr\/index.php\/wp-json\/wp\/v2\/product_cat?post=742012"},{"taxonomy":"product_tag","embeddable":true,"href":"https:\/\/roveyayinevi.com.tr\/index.php\/wp-json\/wp\/v2\/product_tag?post=742012"}],"curies":[{"name":"wp","href":"https:\/\/api.w.org\/{rel}","templated":true}]}}