{"id":742011,"date":"2025-08-28T01:01:54","date_gmt":"2025-08-27T22:01:54","guid":{"rendered":"https:\/\/roveyayinevi.com.tr\/index.php\/urun\/sanatcinin-gordukleri-faith-ringgold\/"},"modified":"2026-04-16T02:53:16","modified_gmt":"2026-04-15T23:53:16","slug":"sanatcinin-gordukleri-faith-ringgold","status":"publish","type":"product","link":"https:\/\/roveyayinevi.com.tr\/index.php\/urun\/sanatcinin-gordukleri-faith-ringgold\/","title":{"rendered":"Sanat\u00e7\u0131n\u0131n G\u00f6rd\u00fckleri &#8211; Faith Ringgold"},"content":{"rendered":"<p>D\u00fcnyay\u0131 Faith Ringgold\u2019un g\u00f6zlerinden g\u00f6r\u00fcn! En sevdi\u011finiz sanat\u00e7\u0131lar\u0131n heykellerini, diki\u015flerini veya resimlerini yaparken nelerden etkilendiklerini hi\u00e7 merak ettiniz mi? Metropolitan Sanat M\u00fczesi i\u015f birli\u011fiyle haz\u0131rlanan bu kitapta Amerikal\u0131 sanat\u00e7\u0131 ve aktivist Faith Ringgold\u2019la tan\u0131\u015facaks\u0131n\u0131z. Faith nas\u0131l bir hayat ya\u015fad\u0131? Farkl\u0131 malzemeleri birlikte kullanmaya, kuma\u015flara hik\u00e2yeler i\u015flemeye onu y\u00f6nelten neydi? Bu sorulara cevap ararken Faith\u2019i etkileyen yerlere seyahat edecek, onun hangi haklar i\u00e7in m\u00fccadele etti\u011fini de g\u00f6rece\u011fiz. Sonra s\u0131ra sizde. Siz hangi malzemelerle sanat yap\u0131t\u0131 \u00fcretmek, nelerin resmini \u00e7izmek istersiniz?<\/p>\n","protected":false},"excerpt":{"rendered":"<p>D\u00fcnyay\u0131 Faith Ringgold\u2019un g\u00f6zlerinden g\u00f6r\u00fcn! En sevdi\u011finiz sanat\u00e7\u0131lar\u0131n heykellerini, diki\u015flerini veya resimlerini yaparken nelerden etkilendiklerini hi\u00e7 merak ettiniz mi? Metropolitan Sanat M\u00fczesi i\u015f birli\u011fiyle haz\u0131rlanan bu<span class=\"excerpt-hellip\"> [\u2026]<\/span><\/p>\n","protected":false},"featured_media":0,"template":"","meta":{"_monsterinsights_skip_tracking":false,"_monsterinsights_sitenote_active":false,"_monsterinsights_sitenote_note":"","_monsterinsights_sitenote_category":0},"product_brand":[],"product_cat":[14009,12291],"product_tag":[],"class_list":{"0":"post-742011","1":"product","2":"type-product","3":"status-publish","5":"product_cat-biyografi-otobiyografi-edebiyat","6":"product_cat-edebiyat","7":"pa_cilt-ciltli","8":"pa_tur-kitap","9":"pa_yayinevi-everest-yayinlari","10":"pa_yazar-sharna-jackson","12":"first","13":"instock","14":"sale","15":"shipping-taxable","16":"purchasable","17":"product-type-simple"},"_links":{"self":[{"href":"https:\/\/roveyayinevi.com.tr\/index.php\/wp-json\/wp\/v2\/product\/742011","targetHints":{"allow":["GET"]}}],"collection":[{"href":"https:\/\/roveyayinevi.com.tr\/index.php\/wp-json\/wp\/v2\/product"}],"about":[{"href":"https:\/\/roveyayinevi.com.tr\/index.php\/wp-json\/wp\/v2\/types\/product"}],"wp:attachment":[{"href":"https:\/\/roveyayinevi.com.tr\/index.php\/wp-json\/wp\/v2\/media?parent=742011"}],"wp:term":[{"taxonomy":"product_brand","embeddable":true,"href":"https:\/\/roveyayinevi.com.tr\/index.php\/wp-json\/wp\/v2\/product_brand?post=742011"},{"taxonomy":"product_cat","embeddable":true,"href":"https:\/\/roveyayinevi.com.tr\/index.php\/wp-json\/wp\/v2\/product_cat?post=742011"},{"taxonomy":"product_tag","embeddable":true,"href":"https:\/\/roveyayinevi.com.tr\/index.php\/wp-json\/wp\/v2\/product_tag?post=742011"}],"curies":[{"name":"wp","href":"https:\/\/api.w.org\/{rel}","templated":true}]}}