{"id":742010,"date":"2025-08-28T01:01:53","date_gmt":"2025-08-27T22:01:53","guid":{"rendered":"https:\/\/roveyayinevi.com.tr\/index.php\/urun\/kolay-ogrenme-yontemiyle-carpim-tablosu\/"},"modified":"2026-04-16T02:53:16","modified_gmt":"2026-04-15T23:53:16","slug":"kolay-ogrenme-yontemiyle-carpim-tablosu","status":"publish","type":"product","link":"https:\/\/roveyayinevi.com.tr\/index.php\/urun\/kolay-ogrenme-yontemiyle-carpim-tablosu\/","title":{"rendered":"Kolay \u00d6\u011frenme Y\u00f6ntemiyle \u00c7arp\u0131m Tablosu"},"content":{"rendered":"<p>Kolay \u00d6\u011frenme Y\u00f6ntemiyle \u00c7arp\u0131m Tablosu<\/p>\n","protected":false},"excerpt":{"rendered":"<p>Kolay \u00d6\u011frenme Y\u00f6ntemiyle \u00c7arp\u0131m Tablosu<\/p>\n","protected":false},"featured_media":0,"template":"","meta":{"_monsterinsights_skip_tracking":false,"_monsterinsights_sitenote_active":false,"_monsterinsights_sitenote_note":"","_monsterinsights_sitenote_category":0},"product_brand":[],"product_cat":[12274,15842],"product_tag":[],"class_list":{"0":"post-742010","1":"product","2":"type-product","3":"status-publish","5":"product_cat-cocuk-ve-genclik-kitaplari","6":"product_cat-egitici-kitaplar","7":"pa_cilt-ciltsiz","8":"pa_tur-kitap10","9":"pa_yayinevi-dikkat-atolyesi-yayinlari","10":"pa_yazar-kollektif","12":"first","13":"instock","14":"sale","15":"shipping-taxable","16":"purchasable","17":"product-type-simple"},"_links":{"self":[{"href":"https:\/\/roveyayinevi.com.tr\/index.php\/wp-json\/wp\/v2\/product\/742010","targetHints":{"allow":["GET"]}}],"collection":[{"href":"https:\/\/roveyayinevi.com.tr\/index.php\/wp-json\/wp\/v2\/product"}],"about":[{"href":"https:\/\/roveyayinevi.com.tr\/index.php\/wp-json\/wp\/v2\/types\/product"}],"wp:attachment":[{"href":"https:\/\/roveyayinevi.com.tr\/index.php\/wp-json\/wp\/v2\/media?parent=742010"}],"wp:term":[{"taxonomy":"product_brand","embeddable":true,"href":"https:\/\/roveyayinevi.com.tr\/index.php\/wp-json\/wp\/v2\/product_brand?post=742010"},{"taxonomy":"product_cat","embeddable":true,"href":"https:\/\/roveyayinevi.com.tr\/index.php\/wp-json\/wp\/v2\/product_cat?post=742010"},{"taxonomy":"product_tag","embeddable":true,"href":"https:\/\/roveyayinevi.com.tr\/index.php\/wp-json\/wp\/v2\/product_tag?post=742010"}],"curies":[{"name":"wp","href":"https:\/\/api.w.org\/{rel}","templated":true}]}}