{"id":742009,"date":"2025-08-28T01:01:51","date_gmt":"2025-08-27T22:01:51","guid":{"rendered":"https:\/\/roveyayinevi.com.tr\/index.php\/urun\/fenerli-hidden-pictures-puzzles\/"},"modified":"2026-03-27T03:02:07","modified_gmt":"2026-03-27T00:02:07","slug":"fenerli-hidden-pictures-puzzles","status":"publish","type":"product","link":"https:\/\/roveyayinevi.com.tr\/index.php\/urun\/fenerli-hidden-pictures-puzzles\/","title":{"rendered":"Fenerli Hidden Pictures Puzzles"},"content":{"rendered":"<p>Fenerli Hidden Pictures PuzzlesT\u00fcm ailenin e\u011flenceli bir \u015fekilde gizli nesneleri bulmas\u0131 i\u00e7in iki adet renkli el feneriyle ayd\u0131nlat\u0131c\u0131 bir yol olu\u015fturarak sakl\u0131 nesneleri bulman\u0131z\u0131 sa\u011flar. Tekrar tekrar kullan\u0131lan sayfalar sayesinde uzun s\u00fcreli kullan\u0131m.Sayfalar ters ve d\u00fcz olarak haz\u0131rland\u0131\u011f\u0131 i\u00e7in iki ki\u015finin ayn\u0131 anda yapabilmesine olanak sa\u011flar. \u00c7ocuklar\u0131n dikkat ve odaklanmalar\u0131 geli\u015fir.Merak duygusuyla ara bul yaparken masa ba\u015f\u0131 oturma s\u00fcresi artar.Birbirinden farkl\u0131 etkinlikleri yaparken kelime haznesi geli\u015fir.Bir veya iki ki\u015filik aile e\u011flencesiAra ve bul oyununun ailecek keyfini \u00e7\u0131karman\u0131n en e\u011flenceli yolu.Ak\u0131ll\u0131ca gizlenmi\u015f 230 + gizli nesneyi bulmak i\u00e7in birlikte \u00e7al\u0131\u015f\u0131n veya ekiplere b\u00f6l\u00fcn!<\/p>\n","protected":false},"excerpt":{"rendered":"<p>Fenerli Hidden Pictures PuzzlesT\u00fcm ailenin e\u011flenceli bir \u015fekilde gizli nesneleri bulmas\u0131 i\u00e7in iki adet renkli el feneriyle ayd\u0131nlat\u0131c\u0131 bir yol olu\u015fturarak sakl\u0131 nesneleri bulman\u0131z\u0131 sa\u011flar. Tekrar<span class=\"excerpt-hellip\"> [\u2026]<\/span><\/p>\n","protected":false},"featured_media":0,"template":"","meta":{"_monsterinsights_skip_tracking":false,"_monsterinsights_sitenote_active":false,"_monsterinsights_sitenote_note":"","_monsterinsights_sitenote_category":0},"product_brand":[],"product_cat":[12913,12274],"product_tag":[],"class_list":{"0":"post-742009","1":"product","2":"type-product","3":"status-publish","5":"product_cat-3-6-yas-kitaplari","6":"product_cat-cocuk-ve-genclik-kitaplari","7":"pa_cilt-ciltsiz","8":"pa_tur-oyun","9":"pa_yayinevi-dikkat-atolyesi-yayinlari","10":"pa_yazar-kollektif","12":"first","13":"instock","14":"sale","15":"shipping-taxable","16":"purchasable","17":"product-type-simple"},"_links":{"self":[{"href":"https:\/\/roveyayinevi.com.tr\/index.php\/wp-json\/wp\/v2\/product\/742009","targetHints":{"allow":["GET"]}}],"collection":[{"href":"https:\/\/roveyayinevi.com.tr\/index.php\/wp-json\/wp\/v2\/product"}],"about":[{"href":"https:\/\/roveyayinevi.com.tr\/index.php\/wp-json\/wp\/v2\/types\/product"}],"wp:attachment":[{"href":"https:\/\/roveyayinevi.com.tr\/index.php\/wp-json\/wp\/v2\/media?parent=742009"}],"wp:term":[{"taxonomy":"product_brand","embeddable":true,"href":"https:\/\/roveyayinevi.com.tr\/index.php\/wp-json\/wp\/v2\/product_brand?post=742009"},{"taxonomy":"product_cat","embeddable":true,"href":"https:\/\/roveyayinevi.com.tr\/index.php\/wp-json\/wp\/v2\/product_cat?post=742009"},{"taxonomy":"product_tag","embeddable":true,"href":"https:\/\/roveyayinevi.com.tr\/index.php\/wp-json\/wp\/v2\/product_tag?post=742009"}],"curies":[{"name":"wp","href":"https:\/\/api.w.org\/{rel}","templated":true}]}}