{"id":742007,"date":"2025-08-28T01:01:49","date_gmt":"2025-08-27T22:01:49","guid":{"rendered":"https:\/\/roveyayinevi.com.tr\/index.php\/urun\/21-yuzyil-siber-ortaminda-kuresel-aktorlerin-siber-guvenlik-politikalarinin-incelenmesi\/"},"modified":"2026-04-16T02:53:16","modified_gmt":"2026-04-15T23:53:16","slug":"21-yuzyil-siber-ortaminda-kuresel-aktorlerin-siber-guvenlik-politikalarinin-incelenmesi","status":"publish","type":"product","link":"https:\/\/roveyayinevi.com.tr\/index.php\/urun\/21-yuzyil-siber-ortaminda-kuresel-aktorlerin-siber-guvenlik-politikalarinin-incelenmesi\/","title":{"rendered":"21. Y\u00fczy\u0131l Siber Ortam\u0131nda K\u00fcresel Akt\u00f6rlerin Siber G\u00fcvenlik Politikalar\u0131n\u0131n \u0130ncelenmesi"},"content":{"rendered":"<p>Bu kitap b\u00fct\u00fcn d\u00fcnyay\u0131 derinden etkileyen dijitalle\u015fmeyle birlikte 21. y\u00fczy\u0131l uluslararas\u0131 sistemine egemen olan k\u00fcresel g\u00fcce sahip akt\u00f6rlerce siber uzayda ya\u015fanan geli\u015fmelere odaklanmaktad\u0131r. B\u00f6ylece k\u00fcresel d\u00fczende ortaya \u00e7\u0131kan kaos ortam\u0131n\u0131 ve otoriter bir yap\u0131ya s\u00fcr\u00fcklenen siber ortam\u0131 Rusya, \u00c7in ve ABD gibi devletlerin ger\u00e7ekle\u015ftirdikleri siber g\u00fcvenlik anlay\u0131\u015flar\u0131 ve politikalar\u0131 \u00f6zelinde inceleyerek siber s\u00fcre\u00e7 hakk\u0131nda yeni bir \u00e7er\u00e7eve sunmaktad\u0131r. Bir di\u011fer yandan siber politikalar\u0131n \u00f6zelliklerini inceleme, mant\u0131\u011f\u0131n\u0131 anlama ve k\u00fcresel g\u00fc\u00e7lerin geli\u015fimini izleme temeline dayanan bu kitap k\u00fcresel akt\u00f6rlerin politikalar\u0131nda kulland\u0131klar\u0131 siber g\u00fcc\u00fcn alternatif bir yol olu\u015fturdu\u011funu esas almaktad\u0131r. Bunun \u00e7\u0131k\u0131\u015f noktas\u0131 olarak da siber uzayda k\u00fcresel olarak ya\u015fanan t\u00fcm sorunlara y\u00f6nelik \u00e7\u00f6z\u00fcmlerin etkilerinin bir arada ya\u015fanmas\u0131 g\u00f6sterilmektedir. B\u00f6ylece d\u00fcnyan\u0131n herhangi bir yerinde olan g\u00fcvenlik sorunu, siber uzayla birlikte ilgili \u00fclkeye veya b\u00f6lgeye \u00f6zg\u00fc kalmamakta, bu sorunlardan t\u00fcm insanl\u0131k belli oranda etkilenmektedir. Kitab\u0131n birinci b\u00f6l\u00fcm\u00fcnde kurumsal \u00e7er\u00e7eve, akt\u00f6rlerin ortaya \u00e7\u0131kmas\u0131 ve tan\u0131mlanmas\u0131 ile tarihsel arka plan \u00fczerinde durulmu\u015ftur. \u0130kinci b\u00f6l\u00fcmde ABD, \u00c7in ve Rusya\u2019da siber uzay temelinde ger\u00e7ekle\u015ftirilen stratejiler, politikalar, faaliyetler ve uygulamalara neden olan unsurlar irdelenerek uluslararas\u0131 sistem \u00fczerindeki rolleri ve ger\u00e7ekle\u015fen \u00e7at\u0131\u015fmalar\u0131 \u00fczerinde durulmu\u015ftur. Ayr\u0131ca ABD, Rusya ve \u00c7in gibi k\u00fcresel d\u00fczeni domine eden en \u00f6nemli devletlerin siber g\u00fcvenlik politikalar\u0131na y\u00f6nelik kabiliyet ve faaliyetlerin incelemeleri ger\u00e7ekle\u015ftirilirken i\u00e7inde bulunulan anar\u015fik yap\u0131n\u0131n anla\u015f\u0131lmas\u0131 ve gelecek d\u00fczen hakk\u0131nda \u00f6ng\u00f6r\u00fclerde bulunulmas\u0131yla kitap sonlanmaktad\u0131r. <\/p>\n","protected":false},"excerpt":{"rendered":"<p>Bu kitap b\u00fct\u00fcn d\u00fcnyay\u0131 derinden etkileyen dijitalle\u015fmeyle birlikte 21. y\u00fczy\u0131l uluslararas\u0131 sistemine egemen olan k\u00fcresel g\u00fcce sahip akt\u00f6rlerce siber uzayda ya\u015fanan geli\u015fmelere odaklanmaktad\u0131r. B\u00f6ylece k\u00fcresel d\u00fczende<span class=\"excerpt-hellip\"> [\u2026]<\/span><\/p>\n","protected":false},"featured_media":0,"template":"","meta":{"_monsterinsights_skip_tracking":false,"_monsterinsights_sitenote_active":false,"_monsterinsights_sitenote_note":"","_monsterinsights_sitenote_category":0},"product_brand":[],"product_cat":[12573,12566],"product_tag":[],"class_list":{"0":"post-742007","1":"product","2":"type-product","3":"status-publish","5":"product_cat-akademik-kitaplar","6":"product_cat-egitim","7":"pa_cilt-ciltsiz","8":"pa_tur-kitap","9":"pa_yayinevi-zet-akademi-yayinlari","10":"pa_yazar-ahmet-emre-koker","12":"first","13":"instock","14":"sale","15":"shipping-taxable","16":"purchasable","17":"product-type-simple"},"_links":{"self":[{"href":"https:\/\/roveyayinevi.com.tr\/index.php\/wp-json\/wp\/v2\/product\/742007","targetHints":{"allow":["GET"]}}],"collection":[{"href":"https:\/\/roveyayinevi.com.tr\/index.php\/wp-json\/wp\/v2\/product"}],"about":[{"href":"https:\/\/roveyayinevi.com.tr\/index.php\/wp-json\/wp\/v2\/types\/product"}],"wp:attachment":[{"href":"https:\/\/roveyayinevi.com.tr\/index.php\/wp-json\/wp\/v2\/media?parent=742007"}],"wp:term":[{"taxonomy":"product_brand","embeddable":true,"href":"https:\/\/roveyayinevi.com.tr\/index.php\/wp-json\/wp\/v2\/product_brand?post=742007"},{"taxonomy":"product_cat","embeddable":true,"href":"https:\/\/roveyayinevi.com.tr\/index.php\/wp-json\/wp\/v2\/product_cat?post=742007"},{"taxonomy":"product_tag","embeddable":true,"href":"https:\/\/roveyayinevi.com.tr\/index.php\/wp-json\/wp\/v2\/product_tag?post=742007"}],"curies":[{"name":"wp","href":"https:\/\/api.w.org\/{rel}","templated":true}]}}