{"id":742006,"date":"2025-08-28T01:01:48","date_gmt":"2025-08-27T22:01:48","guid":{"rendered":"https:\/\/roveyayinevi.com.tr\/index.php\/urun\/camdaki-son-damla\/"},"modified":"2026-04-16T02:53:16","modified_gmt":"2026-04-15T23:53:16","slug":"camdaki-son-damla","status":"publish","type":"product","link":"https:\/\/roveyayinevi.com.tr\/index.php\/urun\/camdaki-son-damla\/","title":{"rendered":"Camdaki Son Damla"},"content":{"rendered":"<p>Camdaki Son Damla kitab\u0131 bir zaman aral\u0131\u011f\u0131n\u0131n de\u011fil de y\u0131llar\u0131n eseri olarak kar\u015f\u0131n\u0131za \u00e7\u0131kmaktad\u0131r, farkl\u0131 zaman aral\u0131klar\u0131nda hissedilen veya hissettirilen duyular\u0131 kaleme al\u0131r, yazar \u015fiirlerinde sadece bir tarza ba\u011fl\u0131 kalmam\u0131\u015ft\u0131r, toplamda 32 \u015fiirden olu\u015fan bu kitap geni\u015f okuyucu kitlesine hitap etmektedir, her okuyucunun kendinden bir par\u00e7a bulaca\u011f\u0131ndan eminim\u2026 \u015eABAN ATLI   Kara bir trenim, ne yolum belli ne ray\u0131m Yolcular\u0131m hep mazidendir Hepsi biraz k\u0131r\u0131lm\u0131\u015f ama umutlu Sadece iki istasyona giderim Birine gece derler, birine g\u00fcnd\u00fcz Gecede ya\u015fanm\u0131\u015fl\u0131\u011f\u0131 bindirip G\u00fcnd\u00fczde ya\u015flanm\u0131\u015fl\u0131kla indiririm Ne gece yolumu g\u00f6zler Ne de ben g\u00fcnd\u00fcze hasretim Yak\u0131t\u0131m biraz umuttur, Vagonlarda sadece huzur ta\u015f\u0131r\u0131m Her istasyonda birinin bavuluna koyar yollar\u0131m Sevda der kimi ad\u0131m, kimi dervi\u015f \u00c7ok yorgunum ama kimse bilmez Kim bilir \u015fu an ka\u00e7\u0131nc\u0131 seferdeyim <\/p>\n","protected":false},"excerpt":{"rendered":"<p>Camdaki Son Damla kitab\u0131 bir zaman aral\u0131\u011f\u0131n\u0131n de\u011fil de y\u0131llar\u0131n eseri olarak kar\u015f\u0131n\u0131za \u00e7\u0131kmaktad\u0131r, farkl\u0131 zaman aral\u0131klar\u0131nda hissedilen veya hissettirilen duyular\u0131 kaleme al\u0131r, yazar \u015fiirlerinde sadece<span class=\"excerpt-hellip\"> [\u2026]<\/span><\/p>\n","protected":false},"featured_media":0,"template":"","meta":{"_monsterinsights_skip_tracking":false,"_monsterinsights_sitenote_active":false,"_monsterinsights_sitenote_note":"","_monsterinsights_sitenote_category":0},"product_brand":[],"product_cat":[12291,12509],"product_tag":[],"class_list":{"0":"post-742006","1":"product","2":"type-product","3":"status-publish","5":"product_cat-edebiyat","6":"product_cat-siir","7":"pa_cilt-ciltsiz","8":"pa_tur-kitap","9":"pa_yayinevi-zet-yayinlari","10":"pa_yazar-saban-atli","12":"first","13":"instock","14":"sale","15":"shipping-taxable","16":"purchasable","17":"product-type-simple"},"_links":{"self":[{"href":"https:\/\/roveyayinevi.com.tr\/index.php\/wp-json\/wp\/v2\/product\/742006","targetHints":{"allow":["GET"]}}],"collection":[{"href":"https:\/\/roveyayinevi.com.tr\/index.php\/wp-json\/wp\/v2\/product"}],"about":[{"href":"https:\/\/roveyayinevi.com.tr\/index.php\/wp-json\/wp\/v2\/types\/product"}],"wp:attachment":[{"href":"https:\/\/roveyayinevi.com.tr\/index.php\/wp-json\/wp\/v2\/media?parent=742006"}],"wp:term":[{"taxonomy":"product_brand","embeddable":true,"href":"https:\/\/roveyayinevi.com.tr\/index.php\/wp-json\/wp\/v2\/product_brand?post=742006"},{"taxonomy":"product_cat","embeddable":true,"href":"https:\/\/roveyayinevi.com.tr\/index.php\/wp-json\/wp\/v2\/product_cat?post=742006"},{"taxonomy":"product_tag","embeddable":true,"href":"https:\/\/roveyayinevi.com.tr\/index.php\/wp-json\/wp\/v2\/product_tag?post=742006"}],"curies":[{"name":"wp","href":"https:\/\/api.w.org\/{rel}","templated":true}]}}