{"id":742005,"date":"2025-08-28T01:01:47","date_gmt":"2025-08-27T22:01:47","guid":{"rendered":"https:\/\/roveyayinevi.com.tr\/index.php\/urun\/evcil-hayvan-oykuleri\/"},"modified":"2026-04-16T02:53:16","modified_gmt":"2026-04-15T23:53:16","slug":"evcil-hayvan-oykuleri","status":"publish","type":"product","link":"https:\/\/roveyayinevi.com.tr\/index.php\/urun\/evcil-hayvan-oykuleri\/","title":{"rendered":"Evcil Hayvan \u00d6yk\u00fcleri"},"content":{"rendered":"<p>Haftan\u0131n her ak\u015fam\u0131, bu g\u00fczel kitaptaki be\u015f dakikal\u0131k \u00f6yk\u00fclerden birini okuyun. Oyuncu haylazlarla dolu yedi \u00f6yk\u00fcde s\u00f6rf yapan bir kaplumba\u011fayla, utanga\u00e7 bir k\u00f6pek yavrusuyla, \u00e7ok h\u0131zl\u0131 ko\u015fan bir fareyle ve daha bir\u00e7ok sevimli hayvanla tan\u0131\u015facaks\u0131n\u0131z. \u00d6yk\u00fcleri tekrar tekrar okuyup payla\u015fmak isteyeceksiniz. <\/p>\n","protected":false},"excerpt":{"rendered":"<p>Haftan\u0131n her ak\u015fam\u0131, bu g\u00fczel kitaptaki be\u015f dakikal\u0131k \u00f6yk\u00fclerden birini okuyun. Oyuncu haylazlarla dolu yedi \u00f6yk\u00fcde s\u00f6rf yapan bir kaplumba\u011fayla, utanga\u00e7 bir k\u00f6pek yavrusuyla, \u00e7ok h\u0131zl\u0131<span class=\"excerpt-hellip\"> [\u2026]<\/span><\/p>\n","protected":false},"featured_media":0,"template":"","meta":{"_monsterinsights_skip_tracking":false,"_monsterinsights_sitenote_active":false,"_monsterinsights_sitenote_note":"","_monsterinsights_sitenote_category":0},"product_brand":[],"product_cat":[12274,12284],"product_tag":[],"class_list":{"0":"post-742005","1":"product","2":"type-product","3":"status-publish","5":"product_cat-cocuk-ve-genclik-kitaplari","6":"product_cat-hikayeler","7":"pa_cilt-ciltsiz","8":"pa_tur-kitap","9":"pa_yayinevi-is-bankasi-kultur-yayinlari","10":"pa_yazar-is-bankasi-kultur-yayinlari-kolektif","12":"first","13":"instock","14":"sale","15":"shipping-taxable","16":"purchasable","17":"product-type-simple"},"_links":{"self":[{"href":"https:\/\/roveyayinevi.com.tr\/index.php\/wp-json\/wp\/v2\/product\/742005","targetHints":{"allow":["GET"]}}],"collection":[{"href":"https:\/\/roveyayinevi.com.tr\/index.php\/wp-json\/wp\/v2\/product"}],"about":[{"href":"https:\/\/roveyayinevi.com.tr\/index.php\/wp-json\/wp\/v2\/types\/product"}],"wp:attachment":[{"href":"https:\/\/roveyayinevi.com.tr\/index.php\/wp-json\/wp\/v2\/media?parent=742005"}],"wp:term":[{"taxonomy":"product_brand","embeddable":true,"href":"https:\/\/roveyayinevi.com.tr\/index.php\/wp-json\/wp\/v2\/product_brand?post=742005"},{"taxonomy":"product_cat","embeddable":true,"href":"https:\/\/roveyayinevi.com.tr\/index.php\/wp-json\/wp\/v2\/product_cat?post=742005"},{"taxonomy":"product_tag","embeddable":true,"href":"https:\/\/roveyayinevi.com.tr\/index.php\/wp-json\/wp\/v2\/product_tag?post=742005"}],"curies":[{"name":"wp","href":"https:\/\/api.w.org\/{rel}","templated":true}]}}