{"id":742003,"date":"2025-08-28T01:01:45","date_gmt":"2025-08-27T22:01:45","guid":{"rendered":"https:\/\/roveyayinevi.com.tr\/index.php\/urun\/caglar-dogum-gununu-kutluyor\/"},"modified":"2026-04-16T02:53:16","modified_gmt":"2026-04-15T23:53:16","slug":"caglar-dogum-gununu-kutluyor","status":"publish","type":"product","link":"https:\/\/roveyayinevi.com.tr\/index.php\/urun\/caglar-dogum-gununu-kutluyor\/","title":{"rendered":"\u00c7a\u011flar Do\u011fum G\u00fcn\u00fcn\u00fc Kutluyor"},"content":{"rendered":"<p>Ya\u015fas\u0131n! Sonunda \u00c7a\u011flar\u2019\u0131n bekledi\u011fi g\u00fcn geldi. Ailesi, \u00c7a\u011flar\u2019\u0131 o sabah do\u011fum g\u00fcn\u00fc \u015fark\u0131s\u0131yla uyand\u0131rd\u0131. \u00dcstelik oturma odas\u0131n\u0131 da s\u00fcslemi\u015flerdi. \u00d6\u011fleden sonra \u00c7a\u011flar\u2019\u0131n arkada\u015flar\u0131 geldi. \u00d6nce bah\u00e7ede hazine aramaya \u00e7\u0131kt\u0131lar. Eve d\u00f6nd\u00fcklerinde harika bir s\u00fcrpriz onlar\u0131 bekliyordu. Bu do\u011fum g\u00fcn\u00fc tam da \u00c7a\u011flar\u2019\u0131n hayal etti\u011fi gibiydi!          <\/p>\n","protected":false},"excerpt":{"rendered":"<p>Ya\u015fas\u0131n! Sonunda \u00c7a\u011flar\u2019\u0131n bekledi\u011fi g\u00fcn geldi. Ailesi, \u00c7a\u011flar\u2019\u0131 o sabah do\u011fum g\u00fcn\u00fc \u015fark\u0131s\u0131yla uyand\u0131rd\u0131. \u00dcstelik oturma odas\u0131n\u0131 da s\u00fcslemi\u015flerdi. \u00d6\u011fleden sonra \u00c7a\u011flar\u2019\u0131n arkada\u015flar\u0131 geldi. \u00d6nce bah\u00e7ede<span class=\"excerpt-hellip\"> [\u2026]<\/span><\/p>\n","protected":false},"featured_media":0,"template":"","meta":{"_monsterinsights_skip_tracking":false,"_monsterinsights_sitenote_active":false,"_monsterinsights_sitenote_note":"","_monsterinsights_sitenote_category":0},"product_brand":[],"product_cat":[12274,15842],"product_tag":[],"class_list":{"0":"post-742003","1":"product","2":"type-product","3":"status-publish","5":"product_cat-cocuk-ve-genclik-kitaplari","6":"product_cat-egitici-kitaplar","7":"pa_cilt-ciltsiz","8":"pa_tur-kitap","9":"pa_yayinevi-is-bankasi-kultur-yayinlari","10":"pa_yazar-christian-tielmann","12":"first","13":"instock","14":"sale","15":"shipping-taxable","16":"purchasable","17":"product-type-simple"},"_links":{"self":[{"href":"https:\/\/roveyayinevi.com.tr\/index.php\/wp-json\/wp\/v2\/product\/742003","targetHints":{"allow":["GET"]}}],"collection":[{"href":"https:\/\/roveyayinevi.com.tr\/index.php\/wp-json\/wp\/v2\/product"}],"about":[{"href":"https:\/\/roveyayinevi.com.tr\/index.php\/wp-json\/wp\/v2\/types\/product"}],"wp:attachment":[{"href":"https:\/\/roveyayinevi.com.tr\/index.php\/wp-json\/wp\/v2\/media?parent=742003"}],"wp:term":[{"taxonomy":"product_brand","embeddable":true,"href":"https:\/\/roveyayinevi.com.tr\/index.php\/wp-json\/wp\/v2\/product_brand?post=742003"},{"taxonomy":"product_cat","embeddable":true,"href":"https:\/\/roveyayinevi.com.tr\/index.php\/wp-json\/wp\/v2\/product_cat?post=742003"},{"taxonomy":"product_tag","embeddable":true,"href":"https:\/\/roveyayinevi.com.tr\/index.php\/wp-json\/wp\/v2\/product_tag?post=742003"}],"curies":[{"name":"wp","href":"https:\/\/api.w.org\/{rel}","templated":true}]}}