{"id":742000,"date":"2025-08-28T01:01:41","date_gmt":"2025-08-27T22:01:41","guid":{"rendered":"https:\/\/roveyayinevi.com.tr\/index.php\/urun\/kendin-kesfet-ucmak-ve-yuzmek\/"},"modified":"2026-04-16T02:53:16","modified_gmt":"2026-04-15T23:53:16","slug":"kendin-kesfet-ucmak-ve-yuzmek","status":"publish","type":"product","link":"https:\/\/roveyayinevi.com.tr\/index.php\/urun\/kendin-kesfet-ucmak-ve-yuzmek\/","title":{"rendered":"Kendin Ke\u015ffet \u2013 U\u00e7mak Ve Y\u00fczmek"},"content":{"rendered":"<p>E\u011flendirerek \u00f6\u011freten bu ilgi \u00e7ekici kitapta bilimsel bak\u0131\u015f a\u00e7\u0131n\u0131 geli\u015ftirecek, bilimin her alan\u0131nda konular\u0131 daha kolay \u00f6\u011frenmene ve ba\u015far\u0131l\u0131 olmana yard\u0131mc\u0131 olacak etkinlik ve deneyler yer al\u0131yor. U\u00e7mak ve Y\u00fczmek\u2019te ke\u015ffedeceklerin aras\u0131nda: \u2022 S\u0131cak hava balonu yapma \u2022 U\u00e7urtma yap\u0131p u\u00e7urma \u2022 Gemilerin y\u00fczme prensipleri ve daha bir\u00e7ok ilgin\u00e7 konu var. <\/p>\n","protected":false},"excerpt":{"rendered":"<p>E\u011flendirerek \u00f6\u011freten bu ilgi \u00e7ekici kitapta bilimsel bak\u0131\u015f a\u00e7\u0131n\u0131 geli\u015ftirecek, bilimin her alan\u0131nda konular\u0131 daha kolay \u00f6\u011frenmene ve ba\u015far\u0131l\u0131 olmana yard\u0131mc\u0131 olacak etkinlik ve deneyler yer<span class=\"excerpt-hellip\"> [\u2026]<\/span><\/p>\n","protected":false},"featured_media":0,"template":"","meta":{"_monsterinsights_skip_tracking":false,"_monsterinsights_sitenote_active":false,"_monsterinsights_sitenote_note":"","_monsterinsights_sitenote_category":0},"product_brand":[],"product_cat":[12274,15842],"product_tag":[],"class_list":{"0":"post-742000","1":"product","2":"type-product","3":"status-publish","5":"product_cat-cocuk-ve-genclik-kitaplari","6":"product_cat-egitici-kitaplar","7":"pa_cilt-ciltsiz","8":"pa_tur-kitap","9":"pa_yayinevi-is-bankasi-kultur-yayinlari","10":"pa_yazar-is-bankasi-kultur-yayinlari-kolektif","12":"first","13":"instock","14":"sale","15":"shipping-taxable","16":"purchasable","17":"product-type-simple"},"_links":{"self":[{"href":"https:\/\/roveyayinevi.com.tr\/index.php\/wp-json\/wp\/v2\/product\/742000","targetHints":{"allow":["GET"]}}],"collection":[{"href":"https:\/\/roveyayinevi.com.tr\/index.php\/wp-json\/wp\/v2\/product"}],"about":[{"href":"https:\/\/roveyayinevi.com.tr\/index.php\/wp-json\/wp\/v2\/types\/product"}],"wp:attachment":[{"href":"https:\/\/roveyayinevi.com.tr\/index.php\/wp-json\/wp\/v2\/media?parent=742000"}],"wp:term":[{"taxonomy":"product_brand","embeddable":true,"href":"https:\/\/roveyayinevi.com.tr\/index.php\/wp-json\/wp\/v2\/product_brand?post=742000"},{"taxonomy":"product_cat","embeddable":true,"href":"https:\/\/roveyayinevi.com.tr\/index.php\/wp-json\/wp\/v2\/product_cat?post=742000"},{"taxonomy":"product_tag","embeddable":true,"href":"https:\/\/roveyayinevi.com.tr\/index.php\/wp-json\/wp\/v2\/product_tag?post=742000"}],"curies":[{"name":"wp","href":"https:\/\/api.w.org\/{rel}","templated":true}]}}