{"id":741998,"date":"2025-08-28T01:01:39","date_gmt":"2025-08-27T22:01:39","guid":{"rendered":"https:\/\/roveyayinevi.com.tr\/index.php\/urun\/pes-etmek-yok-2\/"},"modified":"2026-04-16T02:53:16","modified_gmt":"2026-04-15T23:53:16","slug":"pes-etmek-yok-2","status":"publish","type":"product","link":"https:\/\/roveyayinevi.com.tr\/index.php\/urun\/pes-etmek-yok-2\/","title":{"rendered":"Pes Etmek Yok"},"content":{"rendered":"<p>Ortaokula ba\u015flaman\u0131n en heyecan verici yanlar\u0131ndan biri, okul ba\u015fkanl\u0131\u011f\u0131 i\u00e7in yap\u0131lacak se\u00e7imlerde aday olabilmekti. \u00d6yk\u00fc ve Pelin, en g\u00fc\u00e7l\u00fc adaylard\u0131. S\u0131k\u0131 bir rekabet ba\u015flad\u0131. \u0130ki aday da kendini tan\u0131tmak i\u00e7in \u00e7al\u0131\u015ft\u0131. Ama Pelin, rakibini yenmek i\u00e7in \u00d6yk\u00fc\u2019y\u00fc zor durumda b\u0131rakt\u0131. \u00dcstelik, kendisini destekleyenlerin uyar\u0131lar\u0131na hi\u00e7 kulak asmadan\u2026 Acaba \u00d6yk\u00fc, i\u00e7ine d\u00fc\u015ft\u00fc\u011f\u00fc zorlu\u011fu nas\u0131l a\u015facak? Ba\u015fkanl\u0131k se\u00e7imi nas\u0131l sonu\u00e7lanacak? 21. Y\u00fczy\u0131l becerileri, \u00e7ocuklar ve gen\u00e7lerin dijital \u00e7a\u011fda ba\u015far\u0131l\u0131 ve \u00fcretken olmalar\u0131 i\u00e7in ihtiya\u00e7 duyaca\u011f\u0131 ya\u015fam becerileridir. Bilgi ak\u0131\u015f\u0131n\u0131n ve ileti\u015fimin son derece h\u0131zlanarak \u00e7o\u011fald\u0131\u011f\u0131 bir d\u00fcnyada, \u00e7ocuklar ve gen\u00e7lerin bilgiyi do\u011fru kaynaklardan edinmeyi bilmesi, do\u011fru anlamas\u0131, kullanmas\u0131 ve payla\u015fmas\u0131 b\u00fcy\u00fck \u00f6nem ta\u015f\u0131yor. \u00c7ocuklar i\u00e7in 21. Y\u00fczy\u0131l Becerileri serisi, ele\u015ftirel d\u00fc\u015f\u00fcnme ve problem \u00e7\u00f6zme, bilgi okur yazarl\u0131\u011f\u0131, do\u011fru ileti\u015fim kurma, bilimsel ara\u015ft\u0131rma gibi becerilerin kazand\u0131r\u0131lmas\u0131na destek olma amac\u0131yla haz\u0131rlanm\u0131\u015ft\u0131r. <\/p>\n","protected":false},"excerpt":{"rendered":"<p>Ortaokula ba\u015flaman\u0131n en heyecan verici yanlar\u0131ndan biri, okul ba\u015fkanl\u0131\u011f\u0131 i\u00e7in yap\u0131lacak se\u00e7imlerde aday olabilmekti. \u00d6yk\u00fc ve Pelin, en g\u00fc\u00e7l\u00fc adaylard\u0131. S\u0131k\u0131 bir rekabet ba\u015flad\u0131. \u0130ki aday<span class=\"excerpt-hellip\"> [\u2026]<\/span><\/p>\n","protected":false},"featured_media":0,"template":"","meta":{"_monsterinsights_skip_tracking":false,"_monsterinsights_sitenote_active":false,"_monsterinsights_sitenote_note":"","_monsterinsights_sitenote_category":0},"product_brand":[],"product_cat":[12274,15842],"product_tag":[],"class_list":{"0":"post-741998","1":"product","2":"type-product","3":"status-publish","5":"product_cat-cocuk-ve-genclik-kitaplari","6":"product_cat-egitici-kitaplar","7":"pa_cilt-ciltsiz","8":"pa_tur-kitap","9":"pa_yayinevi-is-bankasi-kultur-yayinlari","10":"pa_yazar-ezgi-emel","12":"first","13":"instock","14":"sale","15":"shipping-taxable","16":"purchasable","17":"product-type-simple"},"_links":{"self":[{"href":"https:\/\/roveyayinevi.com.tr\/index.php\/wp-json\/wp\/v2\/product\/741998","targetHints":{"allow":["GET"]}}],"collection":[{"href":"https:\/\/roveyayinevi.com.tr\/index.php\/wp-json\/wp\/v2\/product"}],"about":[{"href":"https:\/\/roveyayinevi.com.tr\/index.php\/wp-json\/wp\/v2\/types\/product"}],"wp:attachment":[{"href":"https:\/\/roveyayinevi.com.tr\/index.php\/wp-json\/wp\/v2\/media?parent=741998"}],"wp:term":[{"taxonomy":"product_brand","embeddable":true,"href":"https:\/\/roveyayinevi.com.tr\/index.php\/wp-json\/wp\/v2\/product_brand?post=741998"},{"taxonomy":"product_cat","embeddable":true,"href":"https:\/\/roveyayinevi.com.tr\/index.php\/wp-json\/wp\/v2\/product_cat?post=741998"},{"taxonomy":"product_tag","embeddable":true,"href":"https:\/\/roveyayinevi.com.tr\/index.php\/wp-json\/wp\/v2\/product_tag?post=741998"}],"curies":[{"name":"wp","href":"https:\/\/api.w.org\/{rel}","templated":true}]}}