{"id":741997,"date":"2025-08-28T01:01:37","date_gmt":"2025-08-27T22:01:37","guid":{"rendered":"https:\/\/roveyayinevi.com.tr\/index.php\/urun\/madalyanin-ardinda\/"},"modified":"2026-04-16T02:53:15","modified_gmt":"2026-04-15T23:53:15","slug":"madalyanin-ardinda","status":"publish","type":"product","link":"https:\/\/roveyayinevi.com.tr\/index.php\/urun\/madalyanin-ardinda\/","title":{"rendered":"Madalyan\u0131n Ard\u0131nda"},"content":{"rendered":"<p>Ger\u00e7ek bir hayat hikayesinden esinlenilerek yaz\u0131lm\u0131\u015f olup ya\u015fananlardan ve tarihi olaylardan ve ki\u015filerden, ger\u00e7e\u011fin ta kendisinden ilham al\u0131narak kurgulanm\u0131\u015f bir romand\u0131r. T\u00fcm bilinenler unutulacak&#8230; Ger\u00e7ek olarak bilinenler yalan olacak&#8230; \u0130nsanl\u0131\u011f\u0131n yaratt\u0131\u011f\u0131 t\u00fcm putlar ve inan\u0131\u015flar yerle bir olacak&#8230; T\u00fcm insanl\u0131k, tek bir hakikatin ve bilginin ger\u00e7ekli\u011finde do\u011fruya ula\u015facak. O halde dinle, kulak ver canig\u00f6n\u00fclden. Kar\u015f\u0131 \u00e7\u0131kma bildi\u011fini sand\u0131\u011f\u0131n bilgisizli\u011finle ve inan\u0131\u015f\u0131nla hakikate kar\u015f\u0131.<\/p>\n","protected":false},"excerpt":{"rendered":"<p>Ger\u00e7ek bir hayat hikayesinden esinlenilerek yaz\u0131lm\u0131\u015f olup ya\u015fananlardan ve tarihi olaylardan ve ki\u015filerden, ger\u00e7e\u011fin ta kendisinden ilham al\u0131narak kurgulanm\u0131\u015f bir romand\u0131r. T\u00fcm bilinenler unutulacak&#8230; Ger\u00e7ek olarak<span class=\"excerpt-hellip\"> [\u2026]<\/span><\/p>\n","protected":false},"featured_media":0,"template":"","meta":{"_monsterinsights_skip_tracking":false,"_monsterinsights_sitenote_active":false,"_monsterinsights_sitenote_note":"","_monsterinsights_sitenote_category":0},"product_brand":[],"product_cat":[12291,12711],"product_tag":[],"class_list":{"0":"post-741997","1":"product","2":"type-product","3":"status-publish","5":"product_cat-edebiyat","6":"product_cat-roman-oyku","7":"pa_cilt-ciltsiz","8":"pa_tur-kitap","9":"pa_yayinevi-fa-yayinlari","10":"pa_yazar-abis-kaptan","12":"first","13":"instock","14":"sale","15":"shipping-taxable","16":"purchasable","17":"product-type-simple"},"_links":{"self":[{"href":"https:\/\/roveyayinevi.com.tr\/index.php\/wp-json\/wp\/v2\/product\/741997","targetHints":{"allow":["GET"]}}],"collection":[{"href":"https:\/\/roveyayinevi.com.tr\/index.php\/wp-json\/wp\/v2\/product"}],"about":[{"href":"https:\/\/roveyayinevi.com.tr\/index.php\/wp-json\/wp\/v2\/types\/product"}],"wp:attachment":[{"href":"https:\/\/roveyayinevi.com.tr\/index.php\/wp-json\/wp\/v2\/media?parent=741997"}],"wp:term":[{"taxonomy":"product_brand","embeddable":true,"href":"https:\/\/roveyayinevi.com.tr\/index.php\/wp-json\/wp\/v2\/product_brand?post=741997"},{"taxonomy":"product_cat","embeddable":true,"href":"https:\/\/roveyayinevi.com.tr\/index.php\/wp-json\/wp\/v2\/product_cat?post=741997"},{"taxonomy":"product_tag","embeddable":true,"href":"https:\/\/roveyayinevi.com.tr\/index.php\/wp-json\/wp\/v2\/product_tag?post=741997"}],"curies":[{"name":"wp","href":"https:\/\/api.w.org\/{rel}","templated":true}]}}