{"id":741995,"date":"2025-08-28T01:01:34","date_gmt":"2025-08-27T22:01:34","guid":{"rendered":"https:\/\/roveyayinevi.com.tr\/index.php\/urun\/hirka\/"},"modified":"2026-04-16T02:53:15","modified_gmt":"2026-04-15T23:53:15","slug":"hirka","status":"publish","type":"product","link":"https:\/\/roveyayinevi.com.tr\/index.php\/urun\/hirka\/","title":{"rendered":"H\u0131rka"},"content":{"rendered":"<p>\u0130\u015fte huzuruna geldim, \u00f6z\u00fcrler dileyerekSen s\u0131rr\u0131m\u0131 bilirsin, sen affedicisinEvet ben su\u00e7luyum,Ama t\u00f6vbe ediyorum halime.Sen a\u011fyar\u0131n s\u00f6zlerine bakmazs\u0131n,Allah i\u00e7in yarg\u0131lars\u0131n.Muhte\u015fem bir doruktay\u0131m \u015fimdiFillerin bile titredi\u011fi makamdaBeni yaln\u0131z Allah kurtar\u0131r\u0130\u015fte uzat\u0131yorum ellerimiDokunsun ellerim,Ellerin en nurlusuna.Kab bin Z\u00fcheyr \u015fiirini, Resulullah Efendimiz\u2019e t\u00f6vbesini iletirken okumu\u015ftur&#8230; Kasidesini okurken Resulullah Efendimiz h\u0131rkas\u0131n\u0131 Kab bin Z\u00fcheyr&#8217;in omuzlar\u0131na b\u0131rakm\u0131\u015f, hediye etmi\u015ftir. Mukaddes emanetler aras\u0131nda yer alan bu h\u0131rka, Topkap\u0131 Saray\u0131 H\u0131rka-i Saadet Dairesi\u2019nde ziyaret edilmektedir.<\/p>\n","protected":false},"excerpt":{"rendered":"<p>\u0130\u015fte huzuruna geldim, \u00f6z\u00fcrler dileyerekSen s\u0131rr\u0131m\u0131 bilirsin, sen affedicisinEvet ben su\u00e7luyum,Ama t\u00f6vbe ediyorum halime.Sen a\u011fyar\u0131n s\u00f6zlerine bakmazs\u0131n,Allah i\u00e7in yarg\u0131lars\u0131n.Muhte\u015fem bir doruktay\u0131m \u015fimdiFillerin bile titredi\u011fi makamdaBeni yaln\u0131z<span class=\"excerpt-hellip\"> [\u2026]<\/span><\/p>\n","protected":false},"featured_media":0,"template":"","meta":{"_monsterinsights_skip_tracking":false,"_monsterinsights_sitenote_active":false,"_monsterinsights_sitenote_note":"","_monsterinsights_sitenote_category":0},"product_brand":[],"product_cat":[12291,12711],"product_tag":[],"class_list":{"0":"post-741995","1":"product","2":"type-product","3":"status-publish","5":"product_cat-edebiyat","6":"product_cat-roman-oyku","7":"pa_cilt-ciltsiz","8":"pa_tur-kitap","9":"pa_yayinevi-biyografi-net-yayincilik","10":"pa_yazar-mahmut-cetin","12":"first","13":"instock","14":"sale","15":"shipping-taxable","16":"purchasable","17":"product-type-simple"},"_links":{"self":[{"href":"https:\/\/roveyayinevi.com.tr\/index.php\/wp-json\/wp\/v2\/product\/741995","targetHints":{"allow":["GET"]}}],"collection":[{"href":"https:\/\/roveyayinevi.com.tr\/index.php\/wp-json\/wp\/v2\/product"}],"about":[{"href":"https:\/\/roveyayinevi.com.tr\/index.php\/wp-json\/wp\/v2\/types\/product"}],"wp:attachment":[{"href":"https:\/\/roveyayinevi.com.tr\/index.php\/wp-json\/wp\/v2\/media?parent=741995"}],"wp:term":[{"taxonomy":"product_brand","embeddable":true,"href":"https:\/\/roveyayinevi.com.tr\/index.php\/wp-json\/wp\/v2\/product_brand?post=741995"},{"taxonomy":"product_cat","embeddable":true,"href":"https:\/\/roveyayinevi.com.tr\/index.php\/wp-json\/wp\/v2\/product_cat?post=741995"},{"taxonomy":"product_tag","embeddable":true,"href":"https:\/\/roveyayinevi.com.tr\/index.php\/wp-json\/wp\/v2\/product_tag?post=741995"}],"curies":[{"name":"wp","href":"https:\/\/api.w.org\/{rel}","templated":true}]}}