{"id":741994,"date":"2025-08-28T01:01:33","date_gmt":"2025-08-27T22:01:33","guid":{"rendered":"https:\/\/roveyayinevi.com.tr\/index.php\/urun\/mufettis-4\/"},"modified":"2026-04-16T02:53:15","modified_gmt":"2026-04-15T23:53:15","slug":"mufettis-4","status":"publish","type":"product","link":"https:\/\/roveyayinevi.com.tr\/index.php\/urun\/mufettis-4\/","title":{"rendered":"M\u00fcfetti\u015f"},"content":{"rendered":"<p>M\u00fcfetti\u015f &#8211; \u0130leti\u015fim Klasikleri Kitap A\u00e7\u0131klamas\u0131Modern tiyatroda \u00e7\u0131\u011f\u0131r a\u00e7an M\u00fcfetti\u015f, Gogol\u2019\u00fcn keskin zek\u00e2s\u0131yla hiciv yetene\u011fini harmanlayan ba\u015fyap\u0131t\u0131.Rus ta\u015fras\u0131ndaki bir il\u00e7eye u\u015fa\u011f\u0131 Osip\u2019le birlikte gelen Hlestakov, onu her an Petersburg\u2019dan gelmesi beklenen m\u00fcfetti\u015f zanneden il\u00e7e ba\u015fkan\u0131 ve memurlar\u0131n otorite korkusundan istifade etmeye ba\u015flar. Komik tesad\u00fcflerle her g\u00fcn daha yak\u0131ndan tan\u0131d\u0131\u011f\u0131 il\u00e7e halk\u0131 ve b\u00fcrokrasisinin neredeyse t\u00fcm kademeleriyle yozla\u015ft\u0131\u011f\u0131n\u0131 fark eden \u201csahte m\u00fcfetti\u015f\u201d Hlestakov\u2019un hiciv oklar\u0131 ufak bir ta\u015fra \u015fehrinden b\u00fct\u00fcn bir Rusya\u2019n\u0131n idari sistemine y\u00f6nelir. Toplumsal ele\u015ftirisi, keskin mizah\u0131 ve unutulmaz karakterleriyle tiyatroda bir \u201cGogol \u00e7a\u011f\u0131\u201d ba\u015flatan M\u00fcfetti\u015f her perdesi, sahnesi ve diyalo\u011fuyla unutulmaz bir yap\u0131t.\u201cM\u00fcfetti\u015f, ku\u015fkusuz, Rus dilinde yaz\u0131lm\u0131\u015f en b\u00fcy\u00fck tiyatro yap\u0131t\u0131d\u0131r.\u201dD.S. M\u0130RSKY\u201cHepimiz Gogol\u2019\u00fcn paltosundan \u00e7\u0131kt\u0131k.\u201dDOSTOYEVSK\u0130D\u00fcnya edebiyat\u0131n\u0131n ba\u015fyap\u0131tlar\u0131 \u0130leti\u015fim Klasikleri dizisinde! \u0130leti\u015fim Yay\u0131nlar\u0131, Murat Belge y\u00f6netiminde edebiyat klasikleri yay\u0131mlamaya devam ediyor. \u0130leti\u015fim Klasikleri dizisinden \u00e7\u0131kan kitaplar, edebiyata kar\u015f\u0131 sorumlulu\u011fu okuma zevkiyle bulu\u015fturan bir anlay\u0131\u015fla haz\u0131rlan\u0131yor. Eserler orijinal dillerinden ve tam metin \u00e7evirileriyle yay\u0131ma haz\u0131rlan\u0131rken, ana metne e\u015flik eden ve yetkin isimlerin yazd\u0131\u011f\u0131 \u00f6ns\u00f6z ve sons\u00f6zlere yer veriliyor. Ayr\u0131ca her kitab\u0131n ba\u015f\u0131nda, yazar\u0131n hayat\u0131na ve ya\u015fad\u0131\u011f\u0131 d\u00f6neme \u0131\u015f\u0131k tutan bir kronoloji bulunuyor. \u0130leti\u015fim Klasikleri\u2019nin i\u00e7eri\u011fi eserin ilk bask\u0131 kapa\u011f\u0131, el yazmas\u0131ndan \u00f6rnek sayfalar, haritalar ve \u00f6zel \u00e7izimlerle zenginle\u015ftiriliyor. Diziye \u00f6zel olarak haz\u0131rlanan kapak tasar\u0131m\u0131nda ise, resim tarihinden \u00f6zenle se\u00e7ilmi\u015f g\u00f6rseller kullan\u0131l\u0131yor.Zengin bir i\u00e7erikle haz\u0131rlanan \u0130leti\u015fim Klasikleri dizisi, g\u00fcvenilir ve \u00f6zenli bir edisyonla okurla bulu\u015furken, alan\u0131nda referans kaynaklar sunuyor. (Tan\u0131t\u0131m B\u00fclteninden)<\/p>\n","protected":false},"excerpt":{"rendered":"<p>M\u00fcfetti\u015f &#8211; \u0130leti\u015fim Klasikleri Kitap A\u00e7\u0131klamas\u0131Modern tiyatroda \u00e7\u0131\u011f\u0131r a\u00e7an M\u00fcfetti\u015f, Gogol\u2019\u00fcn keskin zek\u00e2s\u0131yla hiciv yetene\u011fini harmanlayan ba\u015fyap\u0131t\u0131.Rus ta\u015fras\u0131ndaki bir il\u00e7eye u\u015fa\u011f\u0131 Osip\u2019le birlikte gelen Hlestakov, onu<span class=\"excerpt-hellip\"> [\u2026]<\/span><\/p>\n","protected":false},"featured_media":0,"template":"","meta":{"_monsterinsights_skip_tracking":false,"_monsterinsights_sitenote_active":false,"_monsterinsights_sitenote_note":"","_monsterinsights_sitenote_category":0},"product_brand":[],"product_cat":[12291,12711],"product_tag":[],"class_list":{"0":"post-741994","1":"product","2":"type-product","3":"status-publish","5":"product_cat-edebiyat","6":"product_cat-roman-oyku","7":"pa_cilt-ciltsiz","8":"pa_tur-kitap","9":"pa_yayinevi-iletisim-yayinlari","10":"pa_yazar-nikolay-vasilyevic-gogol","12":"first","13":"instock","14":"sale","15":"shipping-taxable","16":"purchasable","17":"product-type-simple"},"_links":{"self":[{"href":"https:\/\/roveyayinevi.com.tr\/index.php\/wp-json\/wp\/v2\/product\/741994","targetHints":{"allow":["GET"]}}],"collection":[{"href":"https:\/\/roveyayinevi.com.tr\/index.php\/wp-json\/wp\/v2\/product"}],"about":[{"href":"https:\/\/roveyayinevi.com.tr\/index.php\/wp-json\/wp\/v2\/types\/product"}],"wp:attachment":[{"href":"https:\/\/roveyayinevi.com.tr\/index.php\/wp-json\/wp\/v2\/media?parent=741994"}],"wp:term":[{"taxonomy":"product_brand","embeddable":true,"href":"https:\/\/roveyayinevi.com.tr\/index.php\/wp-json\/wp\/v2\/product_brand?post=741994"},{"taxonomy":"product_cat","embeddable":true,"href":"https:\/\/roveyayinevi.com.tr\/index.php\/wp-json\/wp\/v2\/product_cat?post=741994"},{"taxonomy":"product_tag","embeddable":true,"href":"https:\/\/roveyayinevi.com.tr\/index.php\/wp-json\/wp\/v2\/product_tag?post=741994"}],"curies":[{"name":"wp","href":"https:\/\/api.w.org\/{rel}","templated":true}]}}