{"id":741993,"date":"2025-08-28T01:01:32","date_gmt":"2025-08-27T22:01:32","guid":{"rendered":"https:\/\/roveyayinevi.com.tr\/index.php\/urun\/kurt-ermeni-cografyasinin-sosyopolitik-donusumu-1908-1914\/"},"modified":"2025-11-21T08:07:30","modified_gmt":"2025-11-21T05:07:30","slug":"kurt-ermeni-cografyasinin-sosyopolitik-donusumu-1908-1914","status":"publish","type":"product","link":"https:\/\/roveyayinevi.com.tr\/index.php\/urun\/kurt-ermeni-cografyasinin-sosyopolitik-donusumu-1908-1914\/","title":{"rendered":"K\u00fcrt &#8211; Ermeni Co\u011frafyas\u0131n\u0131n Sosyopolitik D\u00f6n\u00fc\u015f\u00fcm\u00fc 1908 &#8211; 1914"},"content":{"rendered":"<p>K\u00fcrt &#8211; Ermeni Co\u011frafyas\u0131n\u0131n Sosyopolitik D\u00f6n\u00fc\u015f\u00fcm\u00fc 1908 &#8211; 1914: Halidiler, Hamidiyeliler, Bedirhaniler Kitap A\u00e7\u0131klamas\u0131Sedat Ulugana\u2019n\u0131n \u00e7al\u0131\u015fmas\u0131 merkezine K\u00fcrt ve Ermeni co\u011frafyas\u0131n\u0131n \u00f6nemli b\u00f6lgelerinden biri olan Bitlis\u2019i al\u0131yor. Tanzimat\u2019la birlikte resm\u00ee ve gayriresm\u00ee idari bi\u00e7imlerin de\u011fi\u015fti\u011fi bu co\u011frafyada Osmanl\u0131\u2019n\u0131n a\u015firetlerle olan ili\u015fkilerini inceliyor. J\u00f6n T\u00fcrklerden ba\u015flayarak ele al\u0131nan \u201c\u015fiddet\u201d, b\u00f6lgedeki gayrim\u00fcslimlerin, S\u00fcnni olmayan unsurlar\u0131n kaderini g\u00f6zler \u00f6n\u00fcne seriyor. J\u00f6n T\u00fcrk Devrimi\u2019nin \u00f6nce yaratt\u0131\u011f\u0131 heyecan\u0131, akabinde ya\u015fatt\u0131\u011f\u0131 hayal k\u0131r\u0131kl\u0131\u011f\u0131 ve kaosu ve bu hayal k\u0131r\u0131kl\u0131\u011f\u0131n\u0131n isyana nas\u0131l d\u00f6n\u00fc\u015ft\u00fc\u011f\u00fcn\u00fc anlat\u0131yor. Ermeniler ve K\u00fcrtlerin birlikte hareket edememelerinin sonu\u00e7lar\u0131n\u0131, k\u0131sa bir s\u00fcre sonra ger\u00e7ekle\u015fecek soyk\u0131r\u0131m\u0131 da bu \u00e7er\u00e7eveden \u00e7\u0131karmadan inceliyor. K\u00fcrt-Ermeni Co\u011frafyas\u0131n\u0131n Sosyopolitik D\u00f6n\u00fc\u015f\u00fcm\u00fc (1908-1914) &#8211; Halid\u00eeler, Hamidiyeliler, Bedirhaniler ve Ta\u015fnaklar, ihmal edilmi\u015f bir co\u011frafyay\u0131 ele alarak tarihin eksiklerinden birini gideriyor.\u201cYo\u011fun bir ar\u015fiv ve yerel bas\u0131n taramas\u0131n\u0131 gerektiren K\u00fcrt-Ermeni Co\u011frafyas\u0131n\u0131n Sosyopolitik D\u00f6n\u00fc\u015f\u00fcm\u00fc (1908-1914) &#8211; Halid\u00eeler, Hamidiyeliler, Bedirhaniler ve Ta\u015fnaklar kitab\u0131, K\u00fcrt-Ermeni co\u011frafyas\u0131n\u0131n Tanzimat, II. Abd\u00fclhamid ve \u0130ttihat ve Terakki d\u00f6nemlerindeki de\u011fi\u015fimlerini ve sosyal, ekonomik ve siyasi dinamiklerini okumakla yetinmemekte, ayn\u0131 zamanda 20. y\u00fczy\u0131l K\u00fcrt tarihinin en az bilinen sayfalar\u0131ndan biri olan Bitlis \u0130syan\u0131\u2019n\u0131 ele alan ilk referans olarak da okuyucular\u0131n\u0131n eline ula\u015fmaktad\u0131r.\u201dHamit Bozarslan<\/p>\n","protected":false},"excerpt":{"rendered":"<p>K\u00fcrt &#8211; Ermeni Co\u011frafyas\u0131n\u0131n Sosyopolitik D\u00f6n\u00fc\u015f\u00fcm\u00fc 1908 &#8211; 1914: Halidiler, Hamidiyeliler, Bedirhaniler Kitap A\u00e7\u0131klamas\u0131Sedat Ulugana\u2019n\u0131n \u00e7al\u0131\u015fmas\u0131 merkezine K\u00fcrt ve Ermeni co\u011frafyas\u0131n\u0131n \u00f6nemli b\u00f6lgelerinden biri olan Bitlis\u2019i<span class=\"excerpt-hellip\"> [\u2026]<\/span><\/p>\n","protected":false},"featured_media":0,"template":"","meta":{"_monsterinsights_skip_tracking":false,"_monsterinsights_sitenote_active":false,"_monsterinsights_sitenote_note":"","_monsterinsights_sitenote_category":0},"product_brand":[],"product_cat":[12370,12304],"product_tag":[],"class_list":{"0":"post-741993","1":"product","2":"type-product","3":"status-publish","5":"product_cat-arastirma-inceleme","6":"product_cat-tarih","7":"pa_cilt-ciltsiz","8":"pa_tur-kitap","9":"pa_yayinevi-iletisim-yayinlari","10":"pa_yazar-sedat-ulugana","12":"first","13":"instock","14":"sale","15":"shipping-taxable","16":"purchasable","17":"product-type-simple"},"_links":{"self":[{"href":"https:\/\/roveyayinevi.com.tr\/index.php\/wp-json\/wp\/v2\/product\/741993","targetHints":{"allow":["GET"]}}],"collection":[{"href":"https:\/\/roveyayinevi.com.tr\/index.php\/wp-json\/wp\/v2\/product"}],"about":[{"href":"https:\/\/roveyayinevi.com.tr\/index.php\/wp-json\/wp\/v2\/types\/product"}],"wp:attachment":[{"href":"https:\/\/roveyayinevi.com.tr\/index.php\/wp-json\/wp\/v2\/media?parent=741993"}],"wp:term":[{"taxonomy":"product_brand","embeddable":true,"href":"https:\/\/roveyayinevi.com.tr\/index.php\/wp-json\/wp\/v2\/product_brand?post=741993"},{"taxonomy":"product_cat","embeddable":true,"href":"https:\/\/roveyayinevi.com.tr\/index.php\/wp-json\/wp\/v2\/product_cat?post=741993"},{"taxonomy":"product_tag","embeddable":true,"href":"https:\/\/roveyayinevi.com.tr\/index.php\/wp-json\/wp\/v2\/product_tag?post=741993"}],"curies":[{"name":"wp","href":"https:\/\/api.w.org\/{rel}","templated":true}]}}