{"id":741992,"date":"2025-08-28T01:01:31","date_gmt":"2025-08-27T22:01:31","guid":{"rendered":"https:\/\/roveyayinevi.com.tr\/index.php\/urun\/kurt-sekulerlesmesi\/"},"modified":"2026-04-16T02:53:15","modified_gmt":"2026-04-15T23:53:15","slug":"kurt-sekulerlesmesi","status":"publish","type":"product","link":"https:\/\/roveyayinevi.com.tr\/index.php\/urun\/kurt-sekulerlesmesi\/","title":{"rendered":"K\u00fcrt Sek\u00fclerle\u015fmesi"},"content":{"rendered":"<p>T\u00fcrkiye toplumu muhafazak\u00e2rla\u015f\u0131yor mu, yoksa aksine asl\u0131nda sek\u00fclerle\u015fiyor mu veya \u201cdinden so\u011fuma\u201d m\u0131 var? K\u00fcrt Sek\u00fclerle\u015fmesi, 21. y\u00fczy\u0131l\u0131n ilk \u00e7eyre\u011finde \u00e7ok tart\u0131\u015f\u0131lan bu konuya yeni K\u00fcrt ku\u015faklar\u0131 \u00f6rne\u011finde mercek tutuyor. Yusuf Ekinci, Diyarbak\u0131r\u2019da farkl\u0131 \u00e7evrelerden gen\u00e7lerle yapt\u0131\u011f\u0131 derinlemesine g\u00f6r\u00fc\u015fmelere de dayanarak, sek\u00fclerle\u015fme s\u00fcrecinin de\u011fi\u015fik ve\u00e7helerine bak\u0131yor. Din ve ibadetlere bak\u0131\u015f, \u201cba\u015f\u00f6rt\u00fcs\u00fc yorgunlu\u011fu\u201d, alkol kullan\u0131m\u0131, kad\u0131na bak\u0131\u015f, LGBT \u201cmeselesi\u201d, k\u0131l\u0131k k\u0131yafet, isim tercihi, fl\u00f6rt, evlilik-bo\u015fanma, ya\u015fl\u0131-gen\u00e7 hiyerar\u015fisi gibi bir\u00e7ok \u00f6zg\u00fcl konuyu ele alarak, sek\u00fclerle\u015fme deneyiminin somut g\u00f6r\u00fcn\u00fcmlerini \u00f6n\u00fcm\u00fcze seriyor. Ku\u015faklar aras\u0131 de\u011fi\u015fimi vurgulaman\u0131n yan\u0131nda iki dinami\u011fe dikkat \u00e7ekiyor, K\u00fcrt Sek\u00fclerle\u015fmesi: Birisi, K\u00fcrt sol hareketinin etkiledi\u011fi politik sek\u00fclerle\u015fme; ikincisi, \u201cBunlar M\u00fcsl\u00fcmansa ben de\u011filim\u201d diye \u00f6zetlenen tepkisel sek\u00fclerle\u015fme. Yusuf Ekinci, K\u00fcrt sek\u00fclerle\u015fmesinin, hem niteli\u011fi hem h\u0131z\u0131 bak\u0131m\u0131ndan radikal bir sek\u00fclerle\u015fme \u00f6rne\u011fi olarak, \u00f6zg\u00fcn bir y\u00f6n\u00fcn\u00fcn oldu\u011fu kan\u0131s\u0131nda. \u00c7o\u011fu zaman s\u0131n\u0131rl\u0131 g\u00f6zlemlere, izlenimlere dayanarak konu\u015fulan sek\u00fclerle\u015fme konusunu saha deneyimiyle \u201cyere indiren\u201d bir \u00e7al\u0131\u015fma.<\/p>\n","protected":false},"excerpt":{"rendered":"<p>T\u00fcrkiye toplumu muhafazak\u00e2rla\u015f\u0131yor mu, yoksa aksine asl\u0131nda sek\u00fclerle\u015fiyor mu veya \u201cdinden so\u011fuma\u201d m\u0131 var? K\u00fcrt Sek\u00fclerle\u015fmesi, 21. y\u00fczy\u0131l\u0131n ilk \u00e7eyre\u011finde \u00e7ok tart\u0131\u015f\u0131lan bu konuya yeni K\u00fcrt<span class=\"excerpt-hellip\"> [\u2026]<\/span><\/p>\n","protected":false},"featured_media":0,"template":"","meta":{"_monsterinsights_skip_tracking":false,"_monsterinsights_sitenote_active":false,"_monsterinsights_sitenote_note":"","_monsterinsights_sitenote_category":0},"product_brand":[],"product_cat":[12370,12304],"product_tag":[],"class_list":{"0":"post-741992","1":"product","2":"type-product","3":"status-publish","5":"product_cat-arastirma-inceleme","6":"product_cat-tarih","7":"pa_cilt-ciltsiz","8":"pa_tur-kitap","9":"pa_yayinevi-iletisim-yayinlari","10":"pa_yazar-yusuf-ekinci","12":"first","13":"instock","14":"sale","15":"shipping-taxable","16":"purchasable","17":"product-type-simple"},"_links":{"self":[{"href":"https:\/\/roveyayinevi.com.tr\/index.php\/wp-json\/wp\/v2\/product\/741992","targetHints":{"allow":["GET"]}}],"collection":[{"href":"https:\/\/roveyayinevi.com.tr\/index.php\/wp-json\/wp\/v2\/product"}],"about":[{"href":"https:\/\/roveyayinevi.com.tr\/index.php\/wp-json\/wp\/v2\/types\/product"}],"wp:attachment":[{"href":"https:\/\/roveyayinevi.com.tr\/index.php\/wp-json\/wp\/v2\/media?parent=741992"}],"wp:term":[{"taxonomy":"product_brand","embeddable":true,"href":"https:\/\/roveyayinevi.com.tr\/index.php\/wp-json\/wp\/v2\/product_brand?post=741992"},{"taxonomy":"product_cat","embeddable":true,"href":"https:\/\/roveyayinevi.com.tr\/index.php\/wp-json\/wp\/v2\/product_cat?post=741992"},{"taxonomy":"product_tag","embeddable":true,"href":"https:\/\/roveyayinevi.com.tr\/index.php\/wp-json\/wp\/v2\/product_tag?post=741992"}],"curies":[{"name":"wp","href":"https:\/\/api.w.org\/{rel}","templated":true}]}}