{"id":741988,"date":"2025-08-28T01:01:25","date_gmt":"2025-08-27T22:01:25","guid":{"rendered":"https:\/\/roveyayinevi.com.tr\/index.php\/urun\/bal-kimindir\/"},"modified":"2026-04-07T02:58:47","modified_gmt":"2026-04-06T23:58:47","slug":"bal-kimindir","status":"publish","type":"product","link":"https:\/\/roveyayinevi.com.tr\/index.php\/urun\/bal-kimindir\/","title":{"rendered":"Bal Kimindir?"},"content":{"rendered":"<p>Ar\u0131 dedi: \u201dBenim bal\u0131m !\u201d   \u00c7i\u00e7ek: \u201dEyvah! Ne aptal\u0131m? \u201cPolen\u201d bende, \u201cnektar\u201d bende, \u00d6\u011f\u00fcn\u00fcrs\u00fcn tutmu\u015f sen de. Kar\u0131\u015ft\u0131rd\u0131n, yapt\u0131n bal\u0131; G\u00f6ren sanar, kendi mal\u0131\u2026\u201d   Ar\u0131 dedi: \u201dFabrikay\u0131m; Hem i\u015f\u00e7iyim, hem a\u011fay\u0131m.\u201d   \u0130nsan dedi: \u201dNecisin ki, Kap\u0131mda bir hizmet\u00e7i mi? Sen durmadan \u00e7al\u0131\u015f hele, Yerim ben de g\u00fcle g\u00fcle.\u201d <\/p>\n","protected":false},"excerpt":{"rendered":"<p>Ar\u0131 dedi: \u201dBenim bal\u0131m !\u201d \u00c7i\u00e7ek: \u201dEyvah! Ne aptal\u0131m? \u201cPolen\u201d bende, \u201cnektar\u201d bende, \u00d6\u011f\u00fcn\u00fcrs\u00fcn tutmu\u015f sen de. Kar\u0131\u015ft\u0131rd\u0131n, yapt\u0131n bal\u0131; G\u00f6ren sanar, kendi mal\u0131\u2026\u201d Ar\u0131 dedi:<span class=\"excerpt-hellip\"> [\u2026]<\/span><\/p>\n","protected":false},"featured_media":0,"template":"","meta":{"_monsterinsights_skip_tracking":false,"_monsterinsights_sitenote_active":false,"_monsterinsights_sitenote_note":"","_monsterinsights_sitenote_category":0},"product_brand":[],"product_cat":[12291,12509],"product_tag":[],"class_list":{"0":"post-741988","1":"product","2":"type-product","3":"status-publish","5":"product_cat-edebiyat","6":"product_cat-siir","7":"pa_cilt-ciltsiz","8":"pa_tur-kitap","9":"pa_yayinevi-efsun-yayincilik","10":"pa_yazar-ahmet-ertugrul-karahan","12":"first","13":"instock","14":"sale","15":"shipping-taxable","16":"purchasable","17":"product-type-simple"},"_links":{"self":[{"href":"https:\/\/roveyayinevi.com.tr\/index.php\/wp-json\/wp\/v2\/product\/741988","targetHints":{"allow":["GET"]}}],"collection":[{"href":"https:\/\/roveyayinevi.com.tr\/index.php\/wp-json\/wp\/v2\/product"}],"about":[{"href":"https:\/\/roveyayinevi.com.tr\/index.php\/wp-json\/wp\/v2\/types\/product"}],"wp:attachment":[{"href":"https:\/\/roveyayinevi.com.tr\/index.php\/wp-json\/wp\/v2\/media?parent=741988"}],"wp:term":[{"taxonomy":"product_brand","embeddable":true,"href":"https:\/\/roveyayinevi.com.tr\/index.php\/wp-json\/wp\/v2\/product_brand?post=741988"},{"taxonomy":"product_cat","embeddable":true,"href":"https:\/\/roveyayinevi.com.tr\/index.php\/wp-json\/wp\/v2\/product_cat?post=741988"},{"taxonomy":"product_tag","embeddable":true,"href":"https:\/\/roveyayinevi.com.tr\/index.php\/wp-json\/wp\/v2\/product_tag?post=741988"}],"curies":[{"name":"wp","href":"https:\/\/api.w.org\/{rel}","templated":true}]}}