{"id":741987,"date":"2025-08-28T01:01:24","date_gmt":"2025-08-27T22:01:24","guid":{"rendered":"https:\/\/roveyayinevi.com.tr\/index.php\/urun\/bogac-han-destani\/"},"modified":"2026-04-16T02:53:15","modified_gmt":"2026-04-15T23:53:15","slug":"bogac-han-destani","status":"publish","type":"product","link":"https:\/\/roveyayinevi.com.tr\/index.php\/urun\/bogac-han-destani\/","title":{"rendered":"Bo\u011fa\u00e7 Han Destan\u0131"},"content":{"rendered":"<p>D\u0130RSE HAN O\u011eLU BO\u011eA\u00c7 HAN BOYUNU BEYAN EDER At aya\u011f\u0131 \u00e7abuk, ozan dili \u00e7evik olur. Eye kemikli uzar, kaburgal\u0131 b\u00fcy\u00fcr. O\u011flan on be\u015f ya\u015f\u0131na girdi. O\u011flan\u0131n babas\u0131 Bay\u0131nd\u0131r Han\u2019\u0131n ordusuna kar\u0131\u015ft\u0131. Me\u011fer h\u00e2n\u0131m, Bay\u0131nd\u0131r Han\u2019\u0131n bir bo\u011fas\u0131 var idi. Bir de bu\u011fras\u0131 var idi. O bo\u011fa sert ta\u015fa boynuz vursa un gibi \u00f6\u011f\u00fct\u00fcr idi. Bir yaz\u0131n bir g\u00fcz\u00fcn bo\u011fa ile bu\u011fray\u0131 d\u00f6v\u00fc\u015ft\u00fcr\u00fcrler idi. Bay\u0131nd\u0131r Han kal\u0131n O\u011fuz beyleri ile d\u00f6v\u00fc\u015fe bakar, seyreder idi. Me\u011fer sultan\u0131m, Dirse Han\u2019\u0131n o\u011flanc\u0131\u011f\u0131 ve \u00fc\u00e7 bey \u00e7ocu\u011fu meydanda a\u015f\u0131k oynarlar idi. Bo\u011fay\u0131 koyuverdiler, o\u011flanc\u0131klara &#8220;Ka\u00e7\u0131n!&#8221; dediler. <\/p>\n","protected":false},"excerpt":{"rendered":"<p>D\u0130RSE HAN O\u011eLU BO\u011eA\u00c7 HAN BOYUNU BEYAN EDER At aya\u011f\u0131 \u00e7abuk, ozan dili \u00e7evik olur. Eye kemikli uzar, kaburgal\u0131 b\u00fcy\u00fcr. O\u011flan on be\u015f ya\u015f\u0131na girdi. O\u011flan\u0131n<span class=\"excerpt-hellip\"> [\u2026]<\/span><\/p>\n","protected":false},"featured_media":0,"template":"","meta":{"_monsterinsights_skip_tracking":false,"_monsterinsights_sitenote_active":false,"_monsterinsights_sitenote_note":"","_monsterinsights_sitenote_category":0},"product_brand":[],"product_cat":[12291,18202],"product_tag":[],"class_list":{"0":"post-741987","1":"product","2":"type-product","3":"status-publish","5":"product_cat-edebiyat","6":"product_cat-hikaye","7":"pa_cilt-ciltsiz","8":"pa_tur-kitap","9":"pa_yayinevi-korkut-yayinlari","10":"pa_yazar-hatice-gulensoy","12":"first","13":"instock","14":"sale","15":"shipping-taxable","16":"purchasable","17":"product-type-simple"},"_links":{"self":[{"href":"https:\/\/roveyayinevi.com.tr\/index.php\/wp-json\/wp\/v2\/product\/741987","targetHints":{"allow":["GET"]}}],"collection":[{"href":"https:\/\/roveyayinevi.com.tr\/index.php\/wp-json\/wp\/v2\/product"}],"about":[{"href":"https:\/\/roveyayinevi.com.tr\/index.php\/wp-json\/wp\/v2\/types\/product"}],"wp:attachment":[{"href":"https:\/\/roveyayinevi.com.tr\/index.php\/wp-json\/wp\/v2\/media?parent=741987"}],"wp:term":[{"taxonomy":"product_brand","embeddable":true,"href":"https:\/\/roveyayinevi.com.tr\/index.php\/wp-json\/wp\/v2\/product_brand?post=741987"},{"taxonomy":"product_cat","embeddable":true,"href":"https:\/\/roveyayinevi.com.tr\/index.php\/wp-json\/wp\/v2\/product_cat?post=741987"},{"taxonomy":"product_tag","embeddable":true,"href":"https:\/\/roveyayinevi.com.tr\/index.php\/wp-json\/wp\/v2\/product_tag?post=741987"}],"curies":[{"name":"wp","href":"https:\/\/api.w.org\/{rel}","templated":true}]}}