{"id":741986,"date":"2025-08-28T01:01:23","date_gmt":"2025-08-27T22:01:23","guid":{"rendered":"https:\/\/roveyayinevi.com.tr\/index.php\/urun\/anne-beni-iyilestir\/"},"modified":"2026-04-16T02:53:15","modified_gmt":"2026-04-15T23:53:15","slug":"anne-beni-iyilestir","status":"publish","type":"product","link":"https:\/\/roveyayinevi.com.tr\/index.php\/urun\/anne-beni-iyilestir\/","title":{"rendered":"Anne Beni \u0130yile\u015ftir"},"content":{"rendered":"<p>Bu kitab\u0131 yazmasam olmazd\u0131! \u0130tiraf edeyim be\u015f sene \u00f6nce bana b\u00f6yle bir kitap yazacaks\u0131n deseler pek de inanmazd\u0131m.  Neden mi? \u00c7\u00fcnk\u00fc gayet bat\u0131 tarz\u0131 bir e\u011fitim alm\u0131\u015f, d\u00fcnyada materyalizmin merkezi kabul edilebilecek Amerika\u2019da liseyi ve \u00fcniversiteyi bitirmi\u015f, iflah olmaz bir pozitivist olarak bu kitapta size benim de evrenle ilgili alg\u0131m\u0131, hayata bak\u0131\u015f perspektifimi tamamen de\u011fi\u015ftiren yepyeni bir bilgiden s\u00f6z ediyorum. Do\u011frusu ben NeuroFormat sisteminin \u00e7ocuklar ve \u00e7ok k\u00fc\u00e7\u00fck ya\u015flarda \u00e7\u0131kan sorunlar \u00fczerinde katk\u0131s\u0131n\u0131n s\u0131n\u0131rl\u0131 olaca\u011f\u0131n\u0131 d\u00fc\u015f\u00fcnm\u00fc\u015ft\u00fcm. \u00c7\u00fcnk\u00fc sistem, bir\u00e7ok rahats\u0131zl\u0131kta bu rahats\u0131zl\u0131klar\u0131n sebebi olan kaynak travmalar\u0131n bulunup temizlenmesine dayanmakta. Tabii ki bahsetti\u011fim \u015fekilde \u00e7ocuklar ve erken ya\u015ftaki sorunlar i\u00e7in bu zordu. Ama \u00f6yle \u015feyler oldu ki g\u00f6rd\u00fcklerim benim bile beklentimin onlarca hatta y\u00fczlerce kat \u00fczerine \u00e7\u0131kt\u0131. Alerjilerden cilt sorunlar\u0131na, \u00f6zg\u00fcven eksikli\u011finden hiperaktiviteye ve \u00f6\u011frenme g\u00fc\u00e7l\u00fc\u011f\u00fcne hatta otizme kadar, y\u00fczlerce \u00e7ocukta muazzam sonu\u00e7lara \u015fahit olduk. Sevgili anneler, size mesaj\u0131m \u015fu: \u00c7ocu\u011funuz hastaysa tek \u00e7are sizde olabilir. Hay\u0131r, bahsetti\u011fim bir sevgi kli\u015fesi de\u011fil. Elbette sevgi \u00e7ok \u00f6nemli ama ben k\u00fc\u00e7\u00fck iyile\u015fmelerden de\u011fil ger\u00e7ek ve kal\u0131c\u0131 bir \u00e7\u00f6z\u00fcmden bahsediyorum. Detaylar\u0131 \u00f6\u011frenmeye, \u00e7ocu\u011funuzu iyile\u015ftirmeye, hayata bak\u0131\u015f a\u00e7\u0131n\u0131z\u0131 de\u011fi\u015ftirecek yepyeni bir d\u00fcnyaya ad\u0131m atmaya haz\u0131r m\u0131s\u0131n\u0131z? \u00d6n Okuma Linki:   Yazar Hakk\u0131nda: M. Bar\u0131\u015f Muslu 1975\u2019te do\u011fdu. Tarsus Amerikan Koleji\u2019nde lise e\u011fitimini s\u00fcrd\u00fcr\u00fcrken gitti\u011fi ABD\u2019de iki senede liseyi, \u00fc\u00e7 senede Michigan Tech \u00dcniversitesi\u2019ni bitirdi. 20 ya\u015f\u0131nda gen\u00e7 bir m\u00fchendis olarak T\u00fcrkiye\u2019ye d\u00f6nd\u00fc. Ko\u00e7 \u00dcniversitesi\u2019nde i\u015fletme mast\u0131r\u0131n\u0131 tamamlad\u0131. 2001 y\u0131l\u0131nda kendi \u015firketini kurarak T\u00fcrkiye\u2019de y\u00fcz binlerce insan\u0131n kulland\u0131\u011f\u0131 teknoloji servislerinin yarat\u0131c\u0131s\u0131 oldu. 1994 y\u0131l\u0131ndan ba\u015flayarak beynin i\u015fleyi\u015fi, ruhsal ve bedensel sa\u011fl\u0131k \u00fczerindeki etkisi \u00fczerine ara\u015ft\u0131rmalar yapan Muslu, bir\u00e7ok metodun beraber \u00e7ok daha etkili bir \u015fekilde kullan\u0131m\u0131n\u0131 sa\u011flayan NeuroFormat Sistemi\u2019ni geli\u015ftirdi. \u00c7ok satan listelerinden aylarca inmeyen Y\u0131ka Beynini, Beynine Format At, Sa\u011fl\u0131\u011f\u0131na Format At, NeuroA\u015fk ve Gecikmeli Teslimiyet kitaplar\u0131n\u0131n yazar\u0131d\u0131r. Uzman psikologlardan olu\u015fan NeuroFormat ekibini y\u00f6netmeye ve seminerler vermeye devam etmektedir.    <\/p>\n","protected":false},"excerpt":{"rendered":"<p>Bu kitab\u0131 yazmasam olmazd\u0131! \u0130tiraf edeyim be\u015f sene \u00f6nce bana b\u00f6yle bir kitap yazacaks\u0131n deseler pek de inanmazd\u0131m. Neden mi? \u00c7\u00fcnk\u00fc gayet bat\u0131 tarz\u0131 bir e\u011fitim<span class=\"excerpt-hellip\"> [\u2026]<\/span><\/p>\n","protected":false},"featured_media":0,"template":"","meta":{"_monsterinsights_skip_tracking":false,"_monsterinsights_sitenote_active":false,"_monsterinsights_sitenote_note":"","_monsterinsights_sitenote_category":0},"product_brand":[],"product_cat":[12364,12376],"product_tag":[],"class_list":{"0":"post-741986","1":"product","2":"type-product","3":"status-publish","5":"product_cat-genel-konular","6":"product_cat-kisisel-gelisim","7":"pa_cilt-ciltsiz","8":"pa_tur-kitap","9":"pa_yayinevi-dogan-kitap","10":"pa_yazar-m-baris-muslu","12":"first","13":"instock","14":"sale","15":"shipping-taxable","16":"purchasable","17":"product-type-simple"},"_links":{"self":[{"href":"https:\/\/roveyayinevi.com.tr\/index.php\/wp-json\/wp\/v2\/product\/741986","targetHints":{"allow":["GET"]}}],"collection":[{"href":"https:\/\/roveyayinevi.com.tr\/index.php\/wp-json\/wp\/v2\/product"}],"about":[{"href":"https:\/\/roveyayinevi.com.tr\/index.php\/wp-json\/wp\/v2\/types\/product"}],"wp:attachment":[{"href":"https:\/\/roveyayinevi.com.tr\/index.php\/wp-json\/wp\/v2\/media?parent=741986"}],"wp:term":[{"taxonomy":"product_brand","embeddable":true,"href":"https:\/\/roveyayinevi.com.tr\/index.php\/wp-json\/wp\/v2\/product_brand?post=741986"},{"taxonomy":"product_cat","embeddable":true,"href":"https:\/\/roveyayinevi.com.tr\/index.php\/wp-json\/wp\/v2\/product_cat?post=741986"},{"taxonomy":"product_tag","embeddable":true,"href":"https:\/\/roveyayinevi.com.tr\/index.php\/wp-json\/wp\/v2\/product_tag?post=741986"}],"curies":[{"name":"wp","href":"https:\/\/api.w.org\/{rel}","templated":true}]}}