{"id":741984,"date":"2025-08-28T01:01:20","date_gmt":"2025-08-27T22:01:20","guid":{"rendered":"https:\/\/roveyayinevi.com.tr\/index.php\/urun\/benim-yolum-hangisi\/"},"modified":"2026-04-16T02:53:15","modified_gmt":"2026-04-15T23:53:15","slug":"benim-yolum-hangisi","status":"publish","type":"product","link":"https:\/\/roveyayinevi.com.tr\/index.php\/urun\/benim-yolum-hangisi\/","title":{"rendered":"Benim Yolum Hangisi?"},"content":{"rendered":"<p>Hatice K\u00fcbra Tongar\u2019\u0131n kaleminden\u2026   BEN\u0130M YOLUM HANG\u0130S\u0130? G\u00f6z\u00fcm\u00fczden \u015fik\u00e2yet g\u00f6zl\u00fc\u011f\u00fcn\u00fc \u00e7\u0131kar\u0131p \u015e\u00fck\u00fcr g\u00f6zl\u00fc\u011f\u00fc takmam\u0131z\u0131 sa\u011flayacak s\u0131cac\u0131k bir \u00f6yk\u00fc\u2026 Nimbo, kendi yolunu bulmaya \u00e7al\u0131\u015fan k\u00fc\u00e7\u00fck bir ya\u011fmur damlas\u0131. O herkesi mutlu etmek istiyor. \u201c\u015eehre mi ya\u011fsam? Yoksa bir dereye mi kar\u0131\u015fsam? Acaba denizin par\u00e7as\u0131 m\u0131 olsam? Ne yapsam herkes \u00e7ok mutlu olur?\u201d diye d\u00fc\u015f\u00fcn\u00fcyor. Bak\u0131n cevab\u0131 nerede buluyor\u2026   Elindeki g\u00fczellikleri fark eden, Bu g\u00fczellerle mutlu olmay\u0131 bilen, Ve \u015f\u00fckreden bir nesil yeti\u015fsin diye\u2026   (Arka Kapaktan)Yazar Hakk\u0131nda:   Hatice K\u00fcbra Tongar Lisans e\u011fitimlerini Psikoloji, Sosyoloji ve \u00c7ocuk Geli\u015fimi alanlar\u0131nda s\u00fcrd\u00fcren Tongar, Bezm-i \u00c2lem Vak\u0131f \u00dcniversitesi\u2019nde Aile Dan\u0131\u015fmanl\u0131\u011f\u0131 e\u011fitimini teorik, pratik ve s\u00fcper- vizyon d\u00fczeyinde tamamlayarak ve okul ikincisi olarak \u2018Aile Dan\u0131\u015fman\u0131\u2019 unvan\u0131n\u0131 ald\u0131. Arel \u00dcniversitesi\u2019nde psikoloji (y\u00fcksek onur derecesi), \u00dcsk\u00fcdar \u00dcniversitesi\u2019nde \u00c7ocuk Geli\u015fimi (y\u00fcksek onur derecesi) alan\u0131nda y\u00fcksek lisans yapt\u0131. \u015eu an N\u00f6robilim alan\u0131nda doktora e\u011fitimini s\u00fcrd\u00fcrmektedir. Yaz\u0131 yazmak, ilkokul y\u0131llar\u0131nda ba\u015flayan kompozisyonlar- la birlikte hayat\u0131nda hep oldu. Makaleleri \u00e7e\u015fitli dergilerde yay\u0131mland\u0131. Gazetelerde haftal\u0131k k\u00f6\u015fe yazarl\u0131\u011f\u0131 yapt\u0131. \u00c7ocuklara ili\u015fkin bir\u00e7ok projenin metin yazarl\u0131\u011f\u0131n\u0131 y\u00fcr\u00fctt\u00fc. Ulusal radyo ve televizyon kanallar\u0131nda pek \u00e7ok \u00e7ocuk ve aile e\u011fiti- mi program\u0131 haz\u0131rlay\u0131p sundu. Ba\u011f\u0131rmayan Anneler kitab\u0131 y\u00fcz binlerce annenin ba\u015fucu eseri oldu. Yay\u0131mland\u0131\u011f\u0131 ilk iki y\u0131l \u2018T\u00fcrkiye\u2019nin en \u00e7ok okunan \u00e7ocuk e\u011fitim kitab\u0131\u2019 unvan\u0131n\u0131 ald\u0131. K\u0131sa s\u00fcrede milyonlarca ki\u015fiye ula\u015fan sosyal medya hesaplar\u0131nda okurlar\u0131yla bulu\u015fmaya devam eden Tongar, T\u00fcrkiye\u2019nin d\u00f6rt bir yan\u0131nda aile e\u011fitim seminerleri veriyor ve \u2018e\u015f\u2019 ve \u2018annelik\u2019 rollerini her daim lay\u0131\u011f\u0131yla yerine getirme duas\u0131n\u0131 s\u00fcrd\u00fcr\u00fcyor.   <\/p>\n","protected":false},"excerpt":{"rendered":"<p>Hatice K\u00fcbra Tongar\u2019\u0131n kaleminden\u2026 BEN\u0130M YOLUM HANG\u0130S\u0130? G\u00f6z\u00fcm\u00fczden \u015fik\u00e2yet g\u00f6zl\u00fc\u011f\u00fcn\u00fc \u00e7\u0131kar\u0131p \u015e\u00fck\u00fcr g\u00f6zl\u00fc\u011f\u00fc takmam\u0131z\u0131 sa\u011flayacak s\u0131cac\u0131k bir \u00f6yk\u00fc\u2026 Nimbo, kendi yolunu bulmaya \u00e7al\u0131\u015fan k\u00fc\u00e7\u00fck bir ya\u011fmur<span class=\"excerpt-hellip\"> [\u2026]<\/span><\/p>\n","protected":false},"featured_media":0,"template":"","meta":{"_monsterinsights_skip_tracking":false,"_monsterinsights_sitenote_active":false,"_monsterinsights_sitenote_note":"","_monsterinsights_sitenote_category":0},"product_brand":[],"product_cat":[12274,12284],"product_tag":[],"class_list":{"0":"post-741984","1":"product","2":"type-product","3":"status-publish","5":"product_cat-cocuk-ve-genclik-kitaplari","6":"product_cat-hikayeler","7":"pa_cilt-ciltsiz","8":"pa_tur-kitap","9":"pa_yayinevi-hayykitap","10":"pa_yazar-hatice-kubra-tongar","12":"first","13":"instock","14":"sale","15":"shipping-taxable","16":"purchasable","17":"product-type-simple"},"_links":{"self":[{"href":"https:\/\/roveyayinevi.com.tr\/index.php\/wp-json\/wp\/v2\/product\/741984","targetHints":{"allow":["GET"]}}],"collection":[{"href":"https:\/\/roveyayinevi.com.tr\/index.php\/wp-json\/wp\/v2\/product"}],"about":[{"href":"https:\/\/roveyayinevi.com.tr\/index.php\/wp-json\/wp\/v2\/types\/product"}],"wp:attachment":[{"href":"https:\/\/roveyayinevi.com.tr\/index.php\/wp-json\/wp\/v2\/media?parent=741984"}],"wp:term":[{"taxonomy":"product_brand","embeddable":true,"href":"https:\/\/roveyayinevi.com.tr\/index.php\/wp-json\/wp\/v2\/product_brand?post=741984"},{"taxonomy":"product_cat","embeddable":true,"href":"https:\/\/roveyayinevi.com.tr\/index.php\/wp-json\/wp\/v2\/product_cat?post=741984"},{"taxonomy":"product_tag","embeddable":true,"href":"https:\/\/roveyayinevi.com.tr\/index.php\/wp-json\/wp\/v2\/product_tag?post=741984"}],"curies":[{"name":"wp","href":"https:\/\/api.w.org\/{rel}","templated":true}]}}