{"id":741983,"date":"2025-08-28T01:01:19","date_gmt":"2025-08-27T22:01:19","guid":{"rendered":"https:\/\/roveyayinevi.com.tr\/index.php\/urun\/ben-aslinda-kimim\/"},"modified":"2026-04-16T02:53:15","modified_gmt":"2026-04-15T23:53:15","slug":"ben-aslinda-kimim","status":"publish","type":"product","link":"https:\/\/roveyayinevi.com.tr\/index.php\/urun\/ben-aslinda-kimim\/","title":{"rendered":"Ben Asl\u0131nda Kimim?"},"content":{"rendered":"<p>BEN ASLINDA K\u0130M\u0130M? Kral Aslan orman halk\u0131n\u0131 topluyor ve yeni karar\u0131n\u0131 a\u00e7\u0131kl\u0131yor: \u201c\u0130ki isimli hayvanlar yaln\u0131z bir hayvan olabilecek bundan sonra.\u201d E\u015fekar\u0131s\u0131 karar verecek, e\u015fek mi olacak yoksa ar\u0131 m\u0131? Y\u0131lan Bal\u0131\u011f\u0131\u2019n\u0131n ad\u0131 art\u0131k ya y\u0131lan olacak ya da bal\u0131k. Peki Deveku\u015fu ne yapacak? Deve olmay\u0131 m\u0131 se\u00e7ecek? Yoksa \u201cBen bir ku\u015fum,\u201d mu diyecek? Kral Aslan\u2019\u0131n bu karar\u0131 bakal\u0131m orman\u0131 nas\u0131l etkileyecek\u2026 \u00c7ocuklar\u0131m\u0131za, Kendinde olan \u00f6zellikleri ke\u015ffetme, Kendini oldu\u011fu haliyle kabul etme, Ve kendi olman\u0131n \u00f6nemini g\u00f6sterme konusunda ufuk a\u00e7an bir \u00f6yk\u00fc\u2026 Hatice K\u00fcbra Tongar Lisans e\u011fitimlerini Psikoloji, Sosyoloji ve \u00c7ocuk Geli\u015fimi alanlar\u0131nda s\u00fcrd\u00fcren Tongar, Bezm-i \u00c2lem Vak\u0131f \u00dcniversitesi\u2019nde Aile Dan\u0131\u015fmanl\u0131\u011f\u0131 e\u011fitimini teorik, pratik ve s\u00fcper- vizyon d\u00fczeyinde tamamlayarak ve okul ikincisi olarak \u2018Aile Dan\u0131\u015fman\u0131\u2019 unvan\u0131n\u0131 ald\u0131. Arel \u00dcniversitesi\u2019nde psikoloji (y\u00fcksek onur derecesi), \u00dcsk\u00fcdar \u00dcniversitesi\u2019nde \u00c7ocuk Geli\u015fimi (y\u00fcksek onur derecesi) alan\u0131nda y\u00fcksek lisans yapt\u0131. \u015eu an N\u00f6robilim alan\u0131nda doktora e\u011fitimini s\u00fcrd\u00fcrmektedir. Yaz\u0131 yazmak, ilkokul y\u0131llar\u0131nda ba\u015flayan kompozisyonlar- la birlikte hayat\u0131nda hep oldu. Makaleleri \u00e7e\u015fitli dergilerde yay\u0131mland\u0131. Gazetelerde haftal\u0131k k\u00f6\u015fe yazarl\u0131\u011f\u0131 yapt\u0131. \u00c7ocuklara ili\u015fkin bir\u00e7ok projenin metin yazarl\u0131\u011f\u0131n\u0131 y\u00fcr\u00fctt\u00fc. Ulusal radyo ve televizyon kanallar\u0131nda pek \u00e7ok \u00e7ocuk ve aile e\u011fiti- mi program\u0131 haz\u0131rlay\u0131p sundu. Ba\u011f\u0131rmayan Anneler kitab\u0131 y\u00fcz binlerce annenin ba\u015fucu eseri oldu. Yay\u0131mland\u0131\u011f\u0131 ilk iki y\u0131l \u2018T\u00fcrkiye\u2019nin en \u00e7ok okunan \u00e7ocuk e\u011fitim kitab\u0131\u2019 unvan\u0131n\u0131 ald\u0131. K\u0131sa s\u00fcrede milyonlarca ki\u015fiye ula\u015fan sosyal medya hesaplar\u0131nda okurlar\u0131yla bulu\u015fmaya devam eden Tongar, T\u00fcrkiye\u2019nin d\u00f6rt bir yan\u0131nda aile e\u011fitim seminerleri veriyor ve \u2018e\u015f\u2019 ve \u2018annelik\u2019 rollerini her daim lay\u0131\u011f\u0131yla yerine getirme duas\u0131n\u0131 s\u00fcrd\u00fcr\u00fcyor.   Hayykitap\u2019tan yay\u0131mlanan kitaplar\u0131: Toz, Haziran 2022 Ben Asl\u0131nda Kimim?, Haziran 2022 <\/p>\n","protected":false},"excerpt":{"rendered":"<p>BEN ASLINDA K\u0130M\u0130M? Kral Aslan orman halk\u0131n\u0131 topluyor ve yeni karar\u0131n\u0131 a\u00e7\u0131kl\u0131yor: \u201c\u0130ki isimli hayvanlar yaln\u0131z bir hayvan olabilecek bundan sonra.\u201d E\u015fekar\u0131s\u0131 karar verecek, e\u015fek mi<span class=\"excerpt-hellip\"> [\u2026]<\/span><\/p>\n","protected":false},"featured_media":0,"template":"","meta":{"_monsterinsights_skip_tracking":false,"_monsterinsights_sitenote_active":false,"_monsterinsights_sitenote_note":"","_monsterinsights_sitenote_category":0},"product_brand":[],"product_cat":[12274,12284],"product_tag":[],"class_list":{"0":"post-741983","1":"product","2":"type-product","3":"status-publish","5":"product_cat-cocuk-ve-genclik-kitaplari","6":"product_cat-hikayeler","7":"pa_cilt-ciltsiz","8":"pa_tur-kitap","9":"pa_yayinevi-hayykitap","10":"pa_yazar-hatice-kubra-tongar","12":"first","13":"instock","14":"sale","15":"shipping-taxable","16":"purchasable","17":"product-type-simple"},"_links":{"self":[{"href":"https:\/\/roveyayinevi.com.tr\/index.php\/wp-json\/wp\/v2\/product\/741983","targetHints":{"allow":["GET"]}}],"collection":[{"href":"https:\/\/roveyayinevi.com.tr\/index.php\/wp-json\/wp\/v2\/product"}],"about":[{"href":"https:\/\/roveyayinevi.com.tr\/index.php\/wp-json\/wp\/v2\/types\/product"}],"wp:attachment":[{"href":"https:\/\/roveyayinevi.com.tr\/index.php\/wp-json\/wp\/v2\/media?parent=741983"}],"wp:term":[{"taxonomy":"product_brand","embeddable":true,"href":"https:\/\/roveyayinevi.com.tr\/index.php\/wp-json\/wp\/v2\/product_brand?post=741983"},{"taxonomy":"product_cat","embeddable":true,"href":"https:\/\/roveyayinevi.com.tr\/index.php\/wp-json\/wp\/v2\/product_cat?post=741983"},{"taxonomy":"product_tag","embeddable":true,"href":"https:\/\/roveyayinevi.com.tr\/index.php\/wp-json\/wp\/v2\/product_tag?post=741983"}],"curies":[{"name":"wp","href":"https:\/\/api.w.org\/{rel}","templated":true}]}}