{"id":741982,"date":"2025-08-28T01:01:18","date_gmt":"2025-08-27T22:01:18","guid":{"rendered":"https:\/\/roveyayinevi.com.tr\/index.php\/urun\/cocuklar-icin-boyama-zendala\/"},"modified":"2026-04-16T02:53:15","modified_gmt":"2026-04-15T23:53:15","slug":"cocuklar-icin-boyama-zendala","status":"publish","type":"product","link":"https:\/\/roveyayinevi.com.tr\/index.php\/urun\/cocuklar-icin-boyama-zendala\/","title":{"rendered":"\u00c7ocuklar \u0130\u00e7in Boyama &#8211; Zendala"},"content":{"rendered":"<p>\u00c7ocuklar \u0130\u00e7in Boyama &#8211; Zendala Kitap A\u00e7\u0131klamas\u0131G\u00fcn\u00fcn\u00fcz\u00fc daha g\u00fczel yapan, birbirinden farkl\u0131 boyama desenleri ile dolu \u00c7ocuklar i\u00e7in Zendala boyama kitab\u0131na ho\u015fgeldiniz. Mutluluk verici desenleri renklendirirken stres at\u0131n ve kendinizi keyifli bir etkinli\u011fin i\u00e7inde bulun.(Tan\u0131t\u0131m B\u00fclteninden)<\/p>\n","protected":false},"excerpt":{"rendered":"<p>\u00c7ocuklar \u0130\u00e7in Boyama &#8211; Zendala Kitap A\u00e7\u0131klamas\u0131G\u00fcn\u00fcn\u00fcz\u00fc daha g\u00fczel yapan, birbirinden farkl\u0131 boyama desenleri ile dolu \u00c7ocuklar i\u00e7in Zendala boyama kitab\u0131na ho\u015fgeldiniz. Mutluluk verici desenleri renklendirirken<span class=\"excerpt-hellip\"> [\u2026]<\/span><\/p>\n","protected":false},"featured_media":0,"template":"","meta":{"_monsterinsights_skip_tracking":false,"_monsterinsights_sitenote_active":false,"_monsterinsights_sitenote_note":"","_monsterinsights_sitenote_category":0},"product_brand":[],"product_cat":[12644,12274],"product_tag":[],"class_list":{"0":"post-741982","1":"product","2":"type-product","3":"status-publish","5":"product_cat-boyama-kitaplari","6":"product_cat-cocuk-ve-genclik-kitaplari","7":"pa_cilt-ciltsiz","8":"pa_tur-kitap","9":"pa_yayinevi-ren-kitap","10":"pa_yazar-ren-kitap-kolektif","12":"first","13":"instock","14":"sale","15":"shipping-taxable","16":"purchasable","17":"product-type-simple"},"_links":{"self":[{"href":"https:\/\/roveyayinevi.com.tr\/index.php\/wp-json\/wp\/v2\/product\/741982","targetHints":{"allow":["GET"]}}],"collection":[{"href":"https:\/\/roveyayinevi.com.tr\/index.php\/wp-json\/wp\/v2\/product"}],"about":[{"href":"https:\/\/roveyayinevi.com.tr\/index.php\/wp-json\/wp\/v2\/types\/product"}],"wp:attachment":[{"href":"https:\/\/roveyayinevi.com.tr\/index.php\/wp-json\/wp\/v2\/media?parent=741982"}],"wp:term":[{"taxonomy":"product_brand","embeddable":true,"href":"https:\/\/roveyayinevi.com.tr\/index.php\/wp-json\/wp\/v2\/product_brand?post=741982"},{"taxonomy":"product_cat","embeddable":true,"href":"https:\/\/roveyayinevi.com.tr\/index.php\/wp-json\/wp\/v2\/product_cat?post=741982"},{"taxonomy":"product_tag","embeddable":true,"href":"https:\/\/roveyayinevi.com.tr\/index.php\/wp-json\/wp\/v2\/product_tag?post=741982"}],"curies":[{"name":"wp","href":"https:\/\/api.w.org\/{rel}","templated":true}]}}