{"id":741980,"date":"2025-08-28T01:01:14","date_gmt":"2025-08-27T22:01:14","guid":{"rendered":"https:\/\/roveyayinevi.com.tr\/index.php\/urun\/kurk-mantolu-madonna-27\/"},"modified":"2026-04-16T02:53:15","modified_gmt":"2026-04-15T23:53:15","slug":"kurk-mantolu-madonna-27","status":"publish","type":"product","link":"https:\/\/roveyayinevi.com.tr\/index.php\/urun\/kurk-mantolu-madonna-27\/","title":{"rendered":"K\u00fcrk Mantolu Madonna"},"content":{"rendered":"<p>K\u00fcrk Mantolu Madonna Kitap A\u00e7\u0131klamas\u01311940 y\u0131l\u0131nda tefrika halinde yay\u0131mlanmaya ba\u015flayan K\u00fcrk Mantolu Madonna, edebiyat\u0131m\u0131z\u0131n \u00f6nemli isimlerinden Sabahattin Ali\u2019nin bug\u00fcn bu denli tan\u0131nmas\u0131nda b\u00fcy\u00fck rol oynayan bir ba\u015fyap\u0131t. 20. y\u00fczy\u0131l\u0131n en hisli a\u015fk hik\u00e2yelerinden olan eserde, Maria Puder ve Raif Efendi\u2019nin sars\u0131c\u0131 a\u015fk\u0131 anlat\u0131l\u0131rken i\u00e7inde bulundu\u011fumuz zamandan uzakla\u015farak bamba\u015fka bir \u00e2leme ge\u00e7i\u015f yap\u0131yoruz.Babas\u0131n\u0131n iste\u011fiyle Almanya\u2019ya giden Raif Efendi, buradaki bir sanat galerisinde hayranl\u0131kla izledi\u011fi resmin yarat\u0131c\u0131s\u0131 Maria Puder ile farkl\u0131 bir d\u00fcnya ke\u015ffedecek, yabanc\u0131l\u0131klar\u0131nda yepyeni bir benlik in\u015fa etme s\u00fcrecine gireceklerdir. 2016 y\u0131l\u0131nda Penguin\u2019in Modern Klasikler b\u00fcnyesine katt\u0131\u011f\u0131 K\u00fcrk Mantolu Madonna, \u0130ngilizce d\u0131\u015f\u0131nda ba\u015fka dillerde de yay\u0131mlanarak edebiyat d\u00fcnyas\u0131ndaki yerini giderek sa\u011flamla\u015ft\u0131r\u0131yor. (Tan\u0131t\u0131m B\u00fclteninden)<\/p>\n","protected":false},"excerpt":{"rendered":"<p>K\u00fcrk Mantolu Madonna Kitap A\u00e7\u0131klamas\u01311940 y\u0131l\u0131nda tefrika halinde yay\u0131mlanmaya ba\u015flayan K\u00fcrk Mantolu Madonna, edebiyat\u0131m\u0131z\u0131n \u00f6nemli isimlerinden Sabahattin Ali\u2019nin bug\u00fcn bu denli tan\u0131nmas\u0131nda b\u00fcy\u00fck rol oynayan bir<span class=\"excerpt-hellip\"> [\u2026]<\/span><\/p>\n","protected":false},"featured_media":0,"template":"","meta":{"_monsterinsights_skip_tracking":false,"_monsterinsights_sitenote_active":false,"_monsterinsights_sitenote_note":"","_monsterinsights_sitenote_category":0},"product_brand":[],"product_cat":[12291,12711],"product_tag":[],"class_list":{"0":"post-741980","1":"product","2":"type-product","3":"status-publish","5":"product_cat-edebiyat","6":"product_cat-roman-oyku","7":"pa_cilt-ciltsiz","8":"pa_tur-kitap","9":"pa_yayinevi-ren-kitap","10":"pa_yazar-sabahattin-ali","12":"first","13":"instock","14":"sale","15":"shipping-taxable","16":"purchasable","17":"product-type-simple"},"_links":{"self":[{"href":"https:\/\/roveyayinevi.com.tr\/index.php\/wp-json\/wp\/v2\/product\/741980","targetHints":{"allow":["GET"]}}],"collection":[{"href":"https:\/\/roveyayinevi.com.tr\/index.php\/wp-json\/wp\/v2\/product"}],"about":[{"href":"https:\/\/roveyayinevi.com.tr\/index.php\/wp-json\/wp\/v2\/types\/product"}],"wp:attachment":[{"href":"https:\/\/roveyayinevi.com.tr\/index.php\/wp-json\/wp\/v2\/media?parent=741980"}],"wp:term":[{"taxonomy":"product_brand","embeddable":true,"href":"https:\/\/roveyayinevi.com.tr\/index.php\/wp-json\/wp\/v2\/product_brand?post=741980"},{"taxonomy":"product_cat","embeddable":true,"href":"https:\/\/roveyayinevi.com.tr\/index.php\/wp-json\/wp\/v2\/product_cat?post=741980"},{"taxonomy":"product_tag","embeddable":true,"href":"https:\/\/roveyayinevi.com.tr\/index.php\/wp-json\/wp\/v2\/product_tag?post=741980"}],"curies":[{"name":"wp","href":"https:\/\/api.w.org\/{rel}","templated":true}]}}