{"id":741979,"date":"2025-08-28T01:01:13","date_gmt":"2025-08-27T22:01:13","guid":{"rendered":"https:\/\/roveyayinevi.com.tr\/index.php\/urun\/kuyucakli-yusuf-27\/"},"modified":"2026-04-16T02:53:15","modified_gmt":"2026-04-15T23:53:15","slug":"kuyucakli-yusuf-27","status":"publish","type":"product","link":"https:\/\/roveyayinevi.com.tr\/index.php\/urun\/kuyucakli-yusuf-27\/","title":{"rendered":"Kuyucakl\u0131 Yusuf"},"content":{"rendered":"<p>Kuyucakl\u0131 Yusuf Kitap A\u00e7\u0131klamas\u0131Yazd\u0131\u011f\u0131 e\u015fsiz eserler ve yaratt\u0131\u011f\u0131 \u00f6l\u00fcms\u00fcz kahramanlarla T\u00fcrk edebiyat\u0131nda b\u00fcy\u00fck bir romanc\u0131 ve hik\u00e2yeci olarak yer edinen Sabahattin Ali, aram\u0131zdan erken ayr\u0131lsa da geride b\u0131rakt\u0131klar\u0131yla hayat\u0131m\u0131za dokunmaya devam ediyor. Toplumcu ger\u00e7ek\u00e7i bir edebiyat\u0131n temsilcisi olarak Sabahattin Ali, Kuyucakl\u0131 Yusuf ile ta\u015fraya y\u00f6nelik yaz\u0131n\u0131n da \u00f6nc\u00fclerinden olmu\u015ftur.B\u00fct\u00fcn bir toplumsall\u0131\u011f\u0131n ve ya\u015fam\u0131m\u0131z\u0131 \u00e7evreleyen sosyal kurumlar\u0131n yan\u0131 ba\u015f\u0131nda, herkesle bir arada ama hep yabanc\u0131 bir karakterdir Yusuf. Bununla beraber sevdas\u0131n\u0131 da duygular\u0131n\u0131 da derinlemesine ve hakk\u0131n\u0131 vererek ya\u015fayan romantik bir \u2018yabani\u2019dir. Kuyucakl\u0131 Yusuf\u2019tan sonra s\u0131k\u00e7a kar\u015f\u0131 kar\u015f\u0131ya kalaca\u011f\u0131m\u0131z adalet aray\u0131\u015f\u0131, birey ve bireyin i\u015fleyen \u00e7ark\u0131n i\u00e7indeki rol\u00fc gibi temalarla yeni yeni tan\u0131\u015ft\u0131\u011f\u0131m\u0131z bu ba\u015far\u0131l\u0131 roman, y\u00fcre\u011fe dokunan bir okuma deneyimi isteyen okurlar\u0131n\u0131 bekliyor. (Tan\u0131t\u0131m B\u00fclteninden)<\/p>\n","protected":false},"excerpt":{"rendered":"<p>Kuyucakl\u0131 Yusuf Kitap A\u00e7\u0131klamas\u0131Yazd\u0131\u011f\u0131 e\u015fsiz eserler ve yaratt\u0131\u011f\u0131 \u00f6l\u00fcms\u00fcz kahramanlarla T\u00fcrk edebiyat\u0131nda b\u00fcy\u00fck bir romanc\u0131 ve hik\u00e2yeci olarak yer edinen Sabahattin Ali, aram\u0131zdan erken ayr\u0131lsa da<span class=\"excerpt-hellip\"> [\u2026]<\/span><\/p>\n","protected":false},"featured_media":0,"template":"","meta":{"_monsterinsights_skip_tracking":false,"_monsterinsights_sitenote_active":false,"_monsterinsights_sitenote_note":"","_monsterinsights_sitenote_category":0},"product_brand":[],"product_cat":[12291,12711],"product_tag":[],"class_list":{"0":"post-741979","1":"product","2":"type-product","3":"status-publish","5":"product_cat-edebiyat","6":"product_cat-roman-oyku","7":"pa_cilt-ciltsiz","8":"pa_tur-kitap","9":"pa_yayinevi-ren-kitap","10":"pa_yazar-sabahattin-ali","12":"first","13":"instock","14":"sale","15":"shipping-taxable","16":"purchasable","17":"product-type-simple"},"_links":{"self":[{"href":"https:\/\/roveyayinevi.com.tr\/index.php\/wp-json\/wp\/v2\/product\/741979","targetHints":{"allow":["GET"]}}],"collection":[{"href":"https:\/\/roveyayinevi.com.tr\/index.php\/wp-json\/wp\/v2\/product"}],"about":[{"href":"https:\/\/roveyayinevi.com.tr\/index.php\/wp-json\/wp\/v2\/types\/product"}],"wp:attachment":[{"href":"https:\/\/roveyayinevi.com.tr\/index.php\/wp-json\/wp\/v2\/media?parent=741979"}],"wp:term":[{"taxonomy":"product_brand","embeddable":true,"href":"https:\/\/roveyayinevi.com.tr\/index.php\/wp-json\/wp\/v2\/product_brand?post=741979"},{"taxonomy":"product_cat","embeddable":true,"href":"https:\/\/roveyayinevi.com.tr\/index.php\/wp-json\/wp\/v2\/product_cat?post=741979"},{"taxonomy":"product_tag","embeddable":true,"href":"https:\/\/roveyayinevi.com.tr\/index.php\/wp-json\/wp\/v2\/product_tag?post=741979"}],"curies":[{"name":"wp","href":"https:\/\/api.w.org\/{rel}","templated":true}]}}