{"id":741977,"date":"2025-08-28T01:01:11","date_gmt":"2025-08-27T22:01:11","guid":{"rendered":"https:\/\/roveyayinevi.com.tr\/index.php\/urun\/kizil-olumun-maskesi\/"},"modified":"2026-04-16T02:53:15","modified_gmt":"2026-04-15T23:53:15","slug":"kizil-olumun-maskesi","status":"publish","type":"product","link":"https:\/\/roveyayinevi.com.tr\/index.php\/urun\/kizil-olumun-maskesi\/","title":{"rendered":"K\u0131z\u0131l \u00d6l\u00fcm\u00fcn Maskesi"},"content":{"rendered":"<p>K\u0131z\u0131l \u00d6l\u00fcm\u00fcn Maskesi Kitap A\u00e7\u0131klamas\u0131\u201cDeh\u015fet ve bela as\u0131rlar boyu insanlar\u0131n hayat\u0131na sinsice sokulmu\u015ftur.\u201d19. y\u00fczy\u0131l\u0131n \u00f6nc\u00fc gerilim, polisiye, korku ve gizem yazarlar\u0131ndan Edgar Allan Poe, bug\u00fcn Amerika\u2019n\u0131n en b\u00fcy\u00fck yazarlar\u0131 aras\u0131nda an\u0131l\u0131r. Kendisinden sonra pek \u00e7ok ismin faydalanaca\u011f\u0131 yarat\u0131c\u0131l\u0131kta \u00f6zg\u00fcn hik\u00e2yeler yazm\u0131\u015f, s\u00f6zc\u00fcklerden gerilim dolu ger\u00e7ek\u00e7i bir d\u00fcnya meydana getirmi\u015ftir. Zorlu ya\u015fam\u0131n\u0131n yan\u0131 s\u0131ra hik\u00e2ye ve \u015fiirlerinin \u00fcslubundaki ba\u015far\u0131 sayesinde bug\u00fcn h\u00e2l\u00e2 \u00e7ok\u00e7a merak edilen ve okunan yazar\u0131n \u201cgerilim\u201d tarz\u0131ndaki hik\u00e2yelerini K\u0131z\u0131l \u00d6l\u00fcm\u00fcn Maskesi\u2019nde bir araya getirdik.Usher Kona\u011f\u0131&#8217;n\u0131n \u00c7\u00f6k\u00fc\u015f\u00fc, Kara Kedi, Kuyu ve Sarka\u00e7 gibi me\u015fhur hik\u00e2yelerinin yer ald\u0131\u011f\u0131 elinizdeki kitap gerilim tutkunlar\u0131n\u0131 Edgar Allan Poe\u2019nun muhte\u015fem zihnindeki d\u00fcnyaya davet ediyor.(Tan\u0131t\u0131m B\u00fclteninden)<\/p>\n","protected":false},"excerpt":{"rendered":"<p>K\u0131z\u0131l \u00d6l\u00fcm\u00fcn Maskesi Kitap A\u00e7\u0131klamas\u0131\u201cDeh\u015fet ve bela as\u0131rlar boyu insanlar\u0131n hayat\u0131na sinsice sokulmu\u015ftur.\u201d19. y\u00fczy\u0131l\u0131n \u00f6nc\u00fc gerilim, polisiye, korku ve gizem yazarlar\u0131ndan Edgar Allan Poe, bug\u00fcn Amerika\u2019n\u0131n<span class=\"excerpt-hellip\"> [\u2026]<\/span><\/p>\n","protected":false},"featured_media":0,"template":"","meta":{"_monsterinsights_skip_tracking":false,"_monsterinsights_sitenote_active":false,"_monsterinsights_sitenote_note":"","_monsterinsights_sitenote_category":0},"product_brand":[],"product_cat":[12291,12711],"product_tag":[],"class_list":{"0":"post-741977","1":"product","2":"type-product","3":"status-publish","5":"product_cat-edebiyat","6":"product_cat-roman-oyku","7":"pa_cilt-ciltsiz","8":"pa_tur-kitap","9":"pa_yayinevi-ren-kitap","10":"pa_yazar-edgar-allan-poe","12":"first","13":"instock","14":"sale","15":"shipping-taxable","16":"purchasable","17":"product-type-simple"},"_links":{"self":[{"href":"https:\/\/roveyayinevi.com.tr\/index.php\/wp-json\/wp\/v2\/product\/741977","targetHints":{"allow":["GET"]}}],"collection":[{"href":"https:\/\/roveyayinevi.com.tr\/index.php\/wp-json\/wp\/v2\/product"}],"about":[{"href":"https:\/\/roveyayinevi.com.tr\/index.php\/wp-json\/wp\/v2\/types\/product"}],"wp:attachment":[{"href":"https:\/\/roveyayinevi.com.tr\/index.php\/wp-json\/wp\/v2\/media?parent=741977"}],"wp:term":[{"taxonomy":"product_brand","embeddable":true,"href":"https:\/\/roveyayinevi.com.tr\/index.php\/wp-json\/wp\/v2\/product_brand?post=741977"},{"taxonomy":"product_cat","embeddable":true,"href":"https:\/\/roveyayinevi.com.tr\/index.php\/wp-json\/wp\/v2\/product_cat?post=741977"},{"taxonomy":"product_tag","embeddable":true,"href":"https:\/\/roveyayinevi.com.tr\/index.php\/wp-json\/wp\/v2\/product_tag?post=741977"}],"curies":[{"name":"wp","href":"https:\/\/api.w.org\/{rel}","templated":true}]}}