{"id":741974,"date":"2025-08-28T01:01:06","date_gmt":"2025-08-27T22:01:06","guid":{"rendered":"https:\/\/roveyayinevi.com.tr\/index.php\/urun\/sade-siirler\/"},"modified":"2026-04-16T02:53:15","modified_gmt":"2026-04-15T23:53:15","slug":"sade-siirler","status":"publish","type":"product","link":"https:\/\/roveyayinevi.com.tr\/index.php\/urun\/sade-siirler\/","title":{"rendered":"Sade \u015eiirler"},"content":{"rendered":"<p>HAYAT B\u0130R YOL H\u0130K\u00c2YES\u0130D\u0130R \u015e\u00fck\u00fcrler olsun Sa\u011fl\u0131kla ba\u015flayan yolculuklara, \u015e\u00fck\u00fcrler olsun Ucunda sevdiklerimiz olan yollara\u2026   Yolculuk vuslat i\u00e7in bir f\u0131rsat; Yolu yormadan kavu\u015fulmuyor Bir bebe\u011fin g\u00fcl\u00fc\u015f\u00fcne, Bir yavrunun g\u00fczel g\u00f6zlerine\u2026   Yollar\u0131 Kars\u2019a do\u011fru Su gibi i\u00e7ip gidiyorum, Bir iftar vakti\u2026 \u00c7\u0131rp\u0131n\u0131p duran y\u00fcre\u011fim; Konya\u2019dan Kars\u2019a U\u00e7an bir g\u00fcvercin \u015fimdi\u2026   Hayat bir yol hik\u00e2yesidir asl\u0131nda Ve herkes kendi hik\u00e2yesinin kahraman\u0131<\/p>\n","protected":false},"excerpt":{"rendered":"<p>HAYAT B\u0130R YOL H\u0130K\u00c2YES\u0130D\u0130R \u015e\u00fck\u00fcrler olsun Sa\u011fl\u0131kla ba\u015flayan yolculuklara, \u015e\u00fck\u00fcrler olsun Ucunda sevdiklerimiz olan yollara\u2026 Yolculuk vuslat i\u00e7in bir f\u0131rsat; Yolu yormadan kavu\u015fulmuyor Bir bebe\u011fin g\u00fcl\u00fc\u015f\u00fcne,<span class=\"excerpt-hellip\"> [\u2026]<\/span><\/p>\n","protected":false},"featured_media":0,"template":"","meta":{"_monsterinsights_skip_tracking":false,"_monsterinsights_sitenote_active":false,"_monsterinsights_sitenote_note":"","_monsterinsights_sitenote_category":0},"product_brand":[],"product_cat":[12291,12509],"product_tag":[],"class_list":{"0":"post-741974","1":"product","2":"type-product","3":"status-publish","5":"product_cat-edebiyat","6":"product_cat-siir","7":"pa_cilt-ciltsiz","8":"pa_tur-kitap","9":"pa_yayinevi-korkut-yayinlari","10":"pa_yazar-muzeyyen-sade","12":"first","13":"instock","14":"sale","15":"shipping-taxable","16":"purchasable","17":"product-type-simple"},"_links":{"self":[{"href":"https:\/\/roveyayinevi.com.tr\/index.php\/wp-json\/wp\/v2\/product\/741974","targetHints":{"allow":["GET"]}}],"collection":[{"href":"https:\/\/roveyayinevi.com.tr\/index.php\/wp-json\/wp\/v2\/product"}],"about":[{"href":"https:\/\/roveyayinevi.com.tr\/index.php\/wp-json\/wp\/v2\/types\/product"}],"wp:attachment":[{"href":"https:\/\/roveyayinevi.com.tr\/index.php\/wp-json\/wp\/v2\/media?parent=741974"}],"wp:term":[{"taxonomy":"product_brand","embeddable":true,"href":"https:\/\/roveyayinevi.com.tr\/index.php\/wp-json\/wp\/v2\/product_brand?post=741974"},{"taxonomy":"product_cat","embeddable":true,"href":"https:\/\/roveyayinevi.com.tr\/index.php\/wp-json\/wp\/v2\/product_cat?post=741974"},{"taxonomy":"product_tag","embeddable":true,"href":"https:\/\/roveyayinevi.com.tr\/index.php\/wp-json\/wp\/v2\/product_tag?post=741974"}],"curies":[{"name":"wp","href":"https:\/\/api.w.org\/{rel}","templated":true}]}}