{"id":741972,"date":"2025-08-28T01:01:03","date_gmt":"2025-08-27T22:01:03","guid":{"rendered":"https:\/\/roveyayinevi.com.tr\/index.php\/urun\/turk-tangosundan-portreler-mazi-kalbimde-bir-yara\/"},"modified":"2026-04-16T02:53:15","modified_gmt":"2026-04-15T23:53:15","slug":"turk-tangosundan-portreler-mazi-kalbimde-bir-yara","status":"publish","type":"product","link":"https:\/\/roveyayinevi.com.tr\/index.php\/urun\/turk-tangosundan-portreler-mazi-kalbimde-bir-yara\/","title":{"rendered":"T\u00fcrk Tangosundan Portreler: Mazi Kalbimde Bir Yara"},"content":{"rendered":"<p>Y\u0131llar boyunca yay\u0131nlanm\u0131\u015f eski dergiler, kitaplar, akademik tezler ve \u00e7e\u015fitli yay\u0131nlardan elde etti\u011fim ar\u015fivi derleyerek bu \u00e7al\u0131\u015fmay\u0131 tamamlam\u0131\u015f bulunmaktay\u0131m. Bu yay\u0131n \u201cT\u00fcrk Opereti\u201d \u00fczerine haz\u0131rlamakta oldu\u011fum ba\u015fka bir kitapla devam edecek. Asl\u0131nda ilk ba\u015fta amac\u0131m Cumhuriyet ile beraber sanatsal ve k\u00fclt\u00fcrel alanlardaki de\u011fi\u015fimleri incelemekti. Bununla birlikte kendimi otuzlu y\u0131llarda bir moda halinde gelen T\u00fcrk\u00e7e Tangolar ve T\u00fcrk\u00e7e Operetler d\u00fcnyas\u0131nda buluvermi\u015ftim. T\u00fcrk\u00e7e Tangolar gibi \u00f6nemli bir konuyu do\u011fru ve hatas\u0131z anlatabilmek ad\u0131na binlerce sayfa radyo dergisi, hat\u0131rat, y\u00fczlerce makale, tez ara\u015ft\u0131rmas\u0131 ve gazete taramas\u0131 da yapmak gerekti. \u0130ki y\u0131l boyunca \u00e7al\u0131\u015farak kaleme ald\u0131\u011f\u0131m T\u00fcrk\u00e7e Tango besteci ve yorumcular\u0131m\u0131za dair bilgiler i\u00e7eren portreler b\u00f6l\u00fcm\u00fc bug\u00fcne kadar \u00fclkemizde yay\u0131nlanm\u0131\u015f en kapsaml\u0131 ve derli toplu bir b\u00f6l\u00fcmd\u00fcr. Bu kitapta bir d\u00f6nemin pop\u00fcler olan, g\u00fcn\u00fcm\u00fczde art\u0131k mazide kalm\u0131\u015f T\u00fcrk\u00e7e Tangolar\u0131n bestecilerini, yorumcular\u0131n\u0131 ve bu sanata emek vermi\u015f insanlar\u0131 hat\u0131rlamak i\u00e7in ar\u015fivin tozlu raflar\u0131nda hep birlikte bir gezintiye \u00e7\u0131k\u0131yoruz. Gramofonun yeni yayg\u0131nla\u015ft\u0131\u011f\u0131 ve radyo tecr\u00fcbelerinin ilk y\u0131llar\u0131nda eserler verilen T\u00fcrk\u00e7e Tango besteleri, T\u00fcrk insan\u0131n\u0131n duygular\u0131n\u0131n bir ifade sembol\u00fcyd\u00fc. Daha \u00f6nce klasik T\u00fcrk Musikisi plaklar\u0131n\u0131n seslendi\u011fi gramofonlardan, bu y\u0131llarda ho\u015f melodili, romantik tangolar i\u015fitilmeye ba\u015flanm\u0131\u015ft\u0131. Her bir m\u00fczik t\u00fcr\u00fc farkl\u0131 \u00fclkelerde kendi k\u00fclt\u00fcr\u00fcne evrilerek geli\u015fim g\u00f6sterirken, Arjantin Tangolar\u0131 d\u00fcnyan\u0131n d\u00f6rt bir taraf\u0131na yay\u0131larak o \u00fclkeye \u00f6zg\u00fc geli\u015fim g\u00f6stermi\u015ftir. Halklar\u0131n duygular\u0131na terc\u00fcman olan m\u00fczi\u011fin melodileri, dili ne olursa olsun hemen insan\u0131n ruhuna i\u015flemekteydi. Bu kitapta tangonun T\u00fcrkiye\u2019de ortaya \u00e7\u0131kmas\u0131n\u0131n perde gerisindeki d\u00f6nem atmosferini de inceliyoruz. T\u00fcrk\u00e7e Tangolar alaturka ve alafranga m\u00fczik tart\u0131\u015fmalar\u0131n\u0131n hararetlendi\u011fi zaman diliminde ortaya \u00e7\u0131km\u0131\u015f, sosyal ve k\u00fclt\u00fcrel ya\u015famda ise pek \u00e7ok \u015fey de\u011fi\u015fmeye ba\u015flam\u0131\u015ft\u0131r.<\/p>\n","protected":false},"excerpt":{"rendered":"<p>Y\u0131llar boyunca yay\u0131nlanm\u0131\u015f eski dergiler, kitaplar, akademik tezler ve \u00e7e\u015fitli yay\u0131nlardan elde etti\u011fim ar\u015fivi derleyerek bu \u00e7al\u0131\u015fmay\u0131 tamamlam\u0131\u015f bulunmaktay\u0131m. Bu yay\u0131n \u201cT\u00fcrk Opereti\u201d \u00fczerine haz\u0131rlamakta oldu\u011fum<span class=\"excerpt-hellip\"> [\u2026]<\/span><\/p>\n","protected":false},"featured_media":0,"template":"","meta":{"_monsterinsights_skip_tracking":false,"_monsterinsights_sitenote_active":false,"_monsterinsights_sitenote_note":"","_monsterinsights_sitenote_category":0},"product_brand":[],"product_cat":[13072,12291],"product_tag":[],"class_list":{"0":"post-741972","1":"product","2":"type-product","3":"status-publish","5":"product_cat-arastirma-inceleme-referans","6":"product_cat-edebiyat","7":"pa_cilt-ciltsiz","8":"pa_tur-kitap","9":"pa_yayinevi-platanus-publishing","10":"pa_yazar-emir-ertas","12":"first","13":"instock","14":"sale","15":"shipping-taxable","16":"purchasable","17":"product-type-simple"},"_links":{"self":[{"href":"https:\/\/roveyayinevi.com.tr\/index.php\/wp-json\/wp\/v2\/product\/741972","targetHints":{"allow":["GET"]}}],"collection":[{"href":"https:\/\/roveyayinevi.com.tr\/index.php\/wp-json\/wp\/v2\/product"}],"about":[{"href":"https:\/\/roveyayinevi.com.tr\/index.php\/wp-json\/wp\/v2\/types\/product"}],"wp:attachment":[{"href":"https:\/\/roveyayinevi.com.tr\/index.php\/wp-json\/wp\/v2\/media?parent=741972"}],"wp:term":[{"taxonomy":"product_brand","embeddable":true,"href":"https:\/\/roveyayinevi.com.tr\/index.php\/wp-json\/wp\/v2\/product_brand?post=741972"},{"taxonomy":"product_cat","embeddable":true,"href":"https:\/\/roveyayinevi.com.tr\/index.php\/wp-json\/wp\/v2\/product_cat?post=741972"},{"taxonomy":"product_tag","embeddable":true,"href":"https:\/\/roveyayinevi.com.tr\/index.php\/wp-json\/wp\/v2\/product_tag?post=741972"}],"curies":[{"name":"wp","href":"https:\/\/api.w.org\/{rel}","templated":true}]}}