{"id":741969,"date":"2025-08-28T01:00:59","date_gmt":"2025-08-27T22:00:59","guid":{"rendered":"https:\/\/roveyayinevi.com.tr\/index.php\/urun\/ataturkun-mucadeleleri-stratejileri-ve-hedefleri\/"},"modified":"2026-03-13T02:49:44","modified_gmt":"2026-03-12T23:49:44","slug":"ataturkun-mucadeleleri-stratejileri-ve-hedefleri","status":"publish","type":"product","link":"https:\/\/roveyayinevi.com.tr\/index.php\/urun\/ataturkun-mucadeleleri-stratejileri-ve-hedefleri\/","title":{"rendered":"Atat\u00fcrk\u2019\u00fcn M\u00fccadeleleri, Stratejileri Ve Hedefleri"},"content":{"rendered":"<p>Atat\u00fcrk\u2019\u00fcn idealleri, Milli M\u00fccadele\u2019den \u00e7ok \u00f6nce \u015fekillenmi\u015f ve vakti gelince uygulanacak bir sisteme ba\u011flanm\u0131\u015ft\u0131r. Atat\u00fcrk\u2019teki vatan ve millet sevgisi, onun b\u00fcy\u00fck bir idealist olmas\u0131na yol a\u00e7m\u0131\u015ft\u0131r. Onun idealleri, T\u00fcrk milletinin ihtiya\u00e7lar\u0131ndan do\u011fmu\u015f, Milli M\u00fccadele ve        Cumhuriyet D\u00f6nemi\u2019nde ger\u00e7ekle\u015fmi\u015ftir. O, bu idealleri ve fikirleri ile gelecek nesillere hedef ve yol g\u00f6stermi\u015ftir. Gelecek nesilleri de d\u00fc\u015f\u00fcnmeyi ideal dinen Atat\u00fcrk\u2019\u00fcn, ilk ve en \u00f6nde gelen ideali, vatan\u0131n b\u00fct\u00fcnl\u00fc\u011f\u00fc ve milletin tam ba\u011f\u0131ms\u0131zl\u0131\u011f\u0131 olmu\u015ftur. \u2018\u2019T\u00fcrkiye halk\u0131 as\u0131rlardan beri h\u00fcr ve  m\u00fcstakil ya\u015fam\u0131\u015f ve istiklali bir laz\u0131m-\u0131 hayatiye telakki etmi\u015f bir kavmin kahraman evlatlar\u0131d\u0131r. Bu millet istiklalsiz ya\u015famam\u0131\u015ft\u0131r. Ya\u015fayamaz ve ya\u015famayacakt\u0131r.\u2019\u2019 \u2018\u2019Ne kadar zengin ve refah i\u00e7inde olursa olsun, ba\u011f\u0131ms\u0131zl\u0131ktan yoksun bir millet, medeni insanl\u0131k kar\u015f\u0131s\u0131nda u\u015fak olmak mevkiinden y\u00fcksek bir davran\u0131\u015fa hak kazanamaz.\u2019\u2019 s\u00f6zleriyle bu inanc\u0131n\u0131 ifade etmi\u015ftir. Atat\u00fcrk, T\u00fcrk milletinin y\u00fckselmesi i\u00e7in t\u00fcm fedakarl\u0131\u011f\u0131 yapaca\u011f\u0131n\u0131 da belirtmi\u015f ve bunu bir hayat meselesi olarak g\u00f6rm\u00fc\u015ft\u00fcr. Bunun i\u00e7in Atat\u00fcrk, T\u00fcrk milletine en medeni milletlerin geli\u015fme seviyesine ula\u015fmay\u0131, hatta bu seviyeyi a\u015fmay\u0131 hedef g\u00f6stermi\u015ftir. Ona g\u00f6re T\u00fcrk milleti, hedefini iyi se\u00e7er ve bu hedefe varmaya gayret ederse, zekas\u0131 ve yetenekleri ile bu ideali ger\u00e7ekle\u015ftirecektir. <\/p>\n","protected":false},"excerpt":{"rendered":"<p>Atat\u00fcrk\u2019\u00fcn idealleri, Milli M\u00fccadele\u2019den \u00e7ok \u00f6nce \u015fekillenmi\u015f ve vakti gelince uygulanacak bir sisteme ba\u011flanm\u0131\u015ft\u0131r. Atat\u00fcrk\u2019teki vatan ve millet sevgisi, onun b\u00fcy\u00fck bir idealist olmas\u0131na yol a\u00e7m\u0131\u015ft\u0131r.<span class=\"excerpt-hellip\"> [\u2026]<\/span><\/p>\n","protected":false},"featured_media":0,"template":"","meta":{"_monsterinsights_skip_tracking":false,"_monsterinsights_sitenote_active":false,"_monsterinsights_sitenote_note":"","_monsterinsights_sitenote_category":0},"product_brand":[],"product_cat":[12370,12304],"product_tag":[],"class_list":{"0":"post-741969","1":"product","2":"type-product","3":"status-publish","5":"product_cat-arastirma-inceleme","6":"product_cat-tarih","7":"pa_cilt-ciltsiz","8":"pa_tur-kitap","9":"pa_yayinevi-kirmizi-cati-yayinlari","10":"pa_yazar-osman-zumrut","12":"first","13":"instock","14":"sale","15":"shipping-taxable","16":"purchasable","17":"product-type-simple"},"_links":{"self":[{"href":"https:\/\/roveyayinevi.com.tr\/index.php\/wp-json\/wp\/v2\/product\/741969","targetHints":{"allow":["GET"]}}],"collection":[{"href":"https:\/\/roveyayinevi.com.tr\/index.php\/wp-json\/wp\/v2\/product"}],"about":[{"href":"https:\/\/roveyayinevi.com.tr\/index.php\/wp-json\/wp\/v2\/types\/product"}],"wp:attachment":[{"href":"https:\/\/roveyayinevi.com.tr\/index.php\/wp-json\/wp\/v2\/media?parent=741969"}],"wp:term":[{"taxonomy":"product_brand","embeddable":true,"href":"https:\/\/roveyayinevi.com.tr\/index.php\/wp-json\/wp\/v2\/product_brand?post=741969"},{"taxonomy":"product_cat","embeddable":true,"href":"https:\/\/roveyayinevi.com.tr\/index.php\/wp-json\/wp\/v2\/product_cat?post=741969"},{"taxonomy":"product_tag","embeddable":true,"href":"https:\/\/roveyayinevi.com.tr\/index.php\/wp-json\/wp\/v2\/product_tag?post=741969"}],"curies":[{"name":"wp","href":"https:\/\/api.w.org\/{rel}","templated":true}]}}