{"id":741964,"date":"2025-08-28T01:00:55","date_gmt":"2025-08-27T22:00:55","guid":{"rendered":"https:\/\/roveyayinevi.com.tr\/index.php\/urun\/sherlock-holmes-the-adventure-of-silver-blaze\/"},"modified":"2026-04-16T02:53:15","modified_gmt":"2026-04-15T23:53:15","slug":"sherlock-holmes-the-adventure-of-silver-blaze","status":"publish","type":"product","link":"https:\/\/roveyayinevi.com.tr\/index.php\/urun\/sherlock-holmes-the-adventure-of-silver-blaze\/","title":{"rendered":"Sherlock Holmes: The Adventure of Silver Blaze"},"content":{"rendered":"<p>Sherlock Holmes: The Adventure of Silver Blaze Kitap A\u00e7\u0131klamas\u0131Sherlock Holmes is the door that opened to the beginning of a great period of literature.Sherlock Holmes is the biggest detectives of the century. His popularity of today caused by genius of him that still pushing the boundaries. When Sherlock Holmes&#8217; stories are read respectively as a whole an intricately spider web will be seen, actually it will be realised that even the texts read detachedly are only parts of a whole together with details. In fact, when Sir Arthur Conan Doyle created Sherlock Holmes, he opened the door to the beginning of a great period of literature. In almost all of the Sherlock Holmes&#8217; stories you will follow an connected theme, in each adventure you will admire the unique intelligence of Sir Arthur Conan Doyle. <\/p>\n","protected":false},"excerpt":{"rendered":"<p>Sherlock Holmes: The Adventure of Silver Blaze Kitap A\u00e7\u0131klamas\u0131Sherlock Holmes is the door that opened to the beginning of a great period of literature.Sherlock Holmes is<span class=\"excerpt-hellip\"> [\u2026]<\/span><\/p>\n","protected":false},"featured_media":0,"template":"","meta":{"_monsterinsights_skip_tracking":false,"_monsterinsights_sitenote_active":false,"_monsterinsights_sitenote_note":"","_monsterinsights_sitenote_category":0},"product_brand":[],"product_cat":[12472],"product_tag":[],"class_list":{"0":"post-741964","1":"product","2":"type-product","3":"status-publish","5":"product_cat-yabanci-dilde-kitaplar","6":"pa_cilt-ciltsiz","7":"pa_tur-kitap","8":"pa_yayinevi-ren-kitap","9":"pa_yazar-sir-arthur-conan-doyle","11":"first","12":"instock","13":"sale","14":"shipping-taxable","15":"purchasable","16":"product-type-simple"},"_links":{"self":[{"href":"https:\/\/roveyayinevi.com.tr\/index.php\/wp-json\/wp\/v2\/product\/741964","targetHints":{"allow":["GET"]}}],"collection":[{"href":"https:\/\/roveyayinevi.com.tr\/index.php\/wp-json\/wp\/v2\/product"}],"about":[{"href":"https:\/\/roveyayinevi.com.tr\/index.php\/wp-json\/wp\/v2\/types\/product"}],"wp:attachment":[{"href":"https:\/\/roveyayinevi.com.tr\/index.php\/wp-json\/wp\/v2\/media?parent=741964"}],"wp:term":[{"taxonomy":"product_brand","embeddable":true,"href":"https:\/\/roveyayinevi.com.tr\/index.php\/wp-json\/wp\/v2\/product_brand?post=741964"},{"taxonomy":"product_cat","embeddable":true,"href":"https:\/\/roveyayinevi.com.tr\/index.php\/wp-json\/wp\/v2\/product_cat?post=741964"},{"taxonomy":"product_tag","embeddable":true,"href":"https:\/\/roveyayinevi.com.tr\/index.php\/wp-json\/wp\/v2\/product_tag?post=741964"}],"curies":[{"name":"wp","href":"https:\/\/api.w.org\/{rel}","templated":true}]}}