{"id":741959,"date":"2025-08-28T01:00:50","date_gmt":"2025-08-27T22:00:50","guid":{"rendered":"https:\/\/roveyayinevi.com.tr\/index.php\/urun\/preveze-deniz-savasi\/"},"modified":"2026-04-16T02:53:15","modified_gmt":"2026-04-15T23:53:15","slug":"preveze-deniz-savasi","status":"publish","type":"product","link":"https:\/\/roveyayinevi.com.tr\/index.php\/urun\/preveze-deniz-savasi\/","title":{"rendered":"Preveze Deniz Sava\u015f\u0131"},"content":{"rendered":"<p>Sevgili \u00e7ocuklar,K\u0131z\u0131l Reis olarak an\u0131lan, Preveze Deniz Zaferi&#8217;nin kahraman\u0131 Barbaros Hayrettin Pa\u015fa&#8217;y\u0131 tan\u0131yor musunuz? Peki, Akdeniz nas\u0131l bir T\u00fcrk g\u00f6l\u00fc h\u00e2line geldi, biliyor musunuz?Elinizdeki bu boyama kitab\u0131yla Barbaros&#8217;un \u00e7ocuklu\u011funu, zaferlerini ve Akdeniz&#8217;deki ba\u015far\u0131lar\u0131n\u0131 renklendirerek \u00f6\u011freneceksiniz.Haydi, ne duruyorsunuz? Haz\u0131rlay\u0131n reng\u00e2renk kalemlerinizi. Akdeniz&#8217;in Reisi Barbaros Hayrettin Pa\u015fa sizi bekliyor!<\/p>\n","protected":false},"excerpt":{"rendered":"<p>Sevgili \u00e7ocuklar,K\u0131z\u0131l Reis olarak an\u0131lan, Preveze Deniz Zaferi&#8217;nin kahraman\u0131 Barbaros Hayrettin Pa\u015fa&#8217;y\u0131 tan\u0131yor musunuz? Peki, Akdeniz nas\u0131l bir T\u00fcrk g\u00f6l\u00fc h\u00e2line geldi, biliyor musunuz?Elinizdeki bu boyama<span class=\"excerpt-hellip\"> [\u2026]<\/span><\/p>\n","protected":false},"featured_media":0,"template":"","meta":{"_monsterinsights_skip_tracking":false,"_monsterinsights_sitenote_active":false,"_monsterinsights_sitenote_note":"","_monsterinsights_sitenote_category":0},"product_brand":[],"product_cat":[12644,12274],"product_tag":[],"class_list":{"0":"post-741959","1":"product","2":"type-product","3":"status-publish","5":"product_cat-boyama-kitaplari","6":"product_cat-cocuk-ve-genclik-kitaplari","7":"pa_cilt-ciltsiz","8":"pa_tur-kitap","9":"pa_yayinevi-cezve-cocuk","10":"pa_yazar-neslihan-bicer","12":"first","13":"instock","14":"sale","15":"shipping-taxable","16":"purchasable","17":"product-type-simple"},"_links":{"self":[{"href":"https:\/\/roveyayinevi.com.tr\/index.php\/wp-json\/wp\/v2\/product\/741959","targetHints":{"allow":["GET"]}}],"collection":[{"href":"https:\/\/roveyayinevi.com.tr\/index.php\/wp-json\/wp\/v2\/product"}],"about":[{"href":"https:\/\/roveyayinevi.com.tr\/index.php\/wp-json\/wp\/v2\/types\/product"}],"wp:attachment":[{"href":"https:\/\/roveyayinevi.com.tr\/index.php\/wp-json\/wp\/v2\/media?parent=741959"}],"wp:term":[{"taxonomy":"product_brand","embeddable":true,"href":"https:\/\/roveyayinevi.com.tr\/index.php\/wp-json\/wp\/v2\/product_brand?post=741959"},{"taxonomy":"product_cat","embeddable":true,"href":"https:\/\/roveyayinevi.com.tr\/index.php\/wp-json\/wp\/v2\/product_cat?post=741959"},{"taxonomy":"product_tag","embeddable":true,"href":"https:\/\/roveyayinevi.com.tr\/index.php\/wp-json\/wp\/v2\/product_tag?post=741959"}],"curies":[{"name":"wp","href":"https:\/\/api.w.org\/{rel}","templated":true}]}}