{"id":741957,"date":"2025-08-28T01:00:47","date_gmt":"2025-08-27T22:00:47","guid":{"rendered":"https:\/\/roveyayinevi.com.tr\/index.php\/urun\/cingeneler-2\/"},"modified":"2026-04-03T02:57:24","modified_gmt":"2026-04-02T23:57:24","slug":"cingeneler-2","status":"publish","type":"product","link":"https:\/\/roveyayinevi.com.tr\/index.php\/urun\/cingeneler-2\/","title":{"rendered":"\u00c7ingeneler"},"content":{"rendered":"<p>\u201cOsman Cemal\u2019in \u00c7ingeneler\u2019i muhakkak bir \u015faheserdir. Osman Cemal \u015fimdiden sonra bir tek yaz\u0131 yazmasa T\u00fcrk edebiyat\u0131na kazand\u0131rd\u0131\u011f\u0131 bu \u015faheserle gene mahzun ve gene yar\u0131 me\u00e7hul aram\u0131zda dola\u015fsa, bu, hi\u00e7bir zaman de\u011feri birdenbire, bir \u00e7\u0131\u011fl\u0131k halinde meydana \u00e7\u0131karmay\u0131 unutmayan edebiyat denilen \u015fey ona bu \u015faheserinin lay\u0131k oldu\u011fu mevkii vermekte gecikmeyecektir. Okuduk\u00e7a \u015fa\u015f\u0131r\u0131yorum. Sayfalar\u0131 \u00e7evirdik\u00e7e i\u00e7im h\u00fcz\u00fcn, sevin\u00e7 ile dolu karmakar\u0131\u015f\u0131k bir \u00e2leme giriyor. G\u00e2vur Etem kitaptan f\u0131rl\u0131yor, kar\u015f\u0131mda Apukur \u00c7orbac\u0131\u2019n\u0131n kim oldu\u011funu izah ediyor. Akman A\u011fa\u2019y\u0131 arabas\u0131n\u0131 s\u00fcrerken, yaz ya\u011fmurlar\u0131n\u0131, \u00e7ad\u0131r\u0131, b\u00f6\u011f\u00fcrtlen dolu sepeti, ayaklar\u0131n\u0131 k\u00f6pekler dalam\u0131\u015f tir\u015fe g\u00f6zl\u00fc G\u00fclizar\u2019\u0131, B\u00fcy\u00fckdere k\u00f6ylerine giden musiki ve avant\u00fcr delisi delikanl\u0131y\u0131, y\u0131lanlar\u0131, Nazl\u0131\u2019y\u0131 g\u00f6r\u00fcyorum, duyuyorum\u2026\u201d Sait Faik \u00c7ingeneler, Osman Cemal Kayg\u0131l\u0131\u2019n\u0131n tefrikada kulland\u0131\u011f\u0131 foto\u011fraflarla birlikte ilk defa bu bask\u0131da okurla bulu\u015fuyor. Osman Cemal Kayg\u0131l\u0131 (1890-1945) \u0130stanbul\u2019da do\u011fan Osman Cemal Kayg\u0131l\u0131, iptid\u00e2\u00ee mektep ve r\u00fc\u015ftiyeden sonra Men\u015fe-i K\u00fctt\u00e2b-\u0131 Asker\u00ee\u2019den (Askeri K\u00e2tip Yeti\u015ftirme Okulu) mezun oldu. 1906\u2019da Erk\u00e2n\u0131harbiye\u2019de memurlu\u011fa ba\u015flad\u0131. 1912\u2019de Tepeba\u015f\u0131 Tiyatrosu\u2019ndaki bir g\u00f6steri s\u0131ras\u0131nda ta\u015fk\u0131nl\u0131k yapmas\u0131 ve Mahmut \u015eevket Pa\u015fa suikast\u0131na ad\u0131n\u0131n kar\u0131\u015fmas\u0131 dolay\u0131s\u0131yla Refik Halit ve Refi Cevat gibi isimlerle birlikte Sinop\u2019a s\u00fcr\u00fcld\u00fc. S\u00fcrg\u00fcnden sonra memuriyete geri d\u00f6nd\u00fc. I. D\u00fcnya Sava\u015f\u0131\u2019nda seferberlik ilan edilince seyyar t\u00fcmenlerde k\u00e2tiplik yapmaya ba\u015flad\u0131. Bir s\u00fcre sonra sa\u011fl\u0131\u011f\u0131 bozuldu ve malulen emekli oldu. Ge\u00e7inebilmek i\u00e7in tiyatroculuk, s\u00fct\u00e7\u00fcl\u00fck, pazarc\u0131l\u0131k, vapurlarda bilet\u00e7ilik gibi \u00e7e\u015fitli i\u015fler yapt\u0131. 1925\u2019te ba\u015flad\u0131\u011f\u0131 T\u00fcrk\u00e7e \u00f6\u011fretmenli\u011fine 1944 y\u0131l\u0131na kadar devam etti. \u0130lk yaz\u0131lar\u0131 1910 y\u0131l\u0131nda E\u015fek ve Karag\u00f6z dergilerinde \u00e7\u0131kt\u0131. 1921\u2019de Ayine ad\u0131nda bir mizah dergisi \u00e7\u0131kard\u0131. Yaz\u0131lar\u0131nda Anber, Kanber ve C\u0131mb\u0131z takma adlar\u0131n\u0131 da kullanan Osman Cemal Kayg\u0131l\u0131\u2019n\u0131n Alay, G\u00fclery\u00fcz, Aydede, Akbaba, Kurun, Z\u00fcmr\u00fcd-i Anka, \u015eebab, Y\u0131ld\u0131z, Papa\u011fan,Yenig\u00fcn, Haber, Son Telgraf gibi \u00e7e\u015fitli s\u00fcreli yay\u0131nlarda f\u0131kra, hik\u00e2ye, roman, mizah, an\u0131, sohbet, ara\u015ft\u0131rma, s\u00f6zl\u00fck ve r\u00f6portaj t\u00fcr\u00fcnde yaz\u0131lar\u0131 ve eserleri yay\u0131mland\u0131. Yazar\u0131n se\u00e7me eserlerine T\u00fcrk Edebiyat\u0131 Klasikleri Dizimizde yer vermeyi s\u00fcrd\u00fcrece\u011fiz. <\/p>\n","protected":false},"excerpt":{"rendered":"<p>\u201cOsman Cemal\u2019in \u00c7ingeneler\u2019i muhakkak bir \u015faheserdir. Osman Cemal \u015fimdiden sonra bir tek yaz\u0131 yazmasa T\u00fcrk edebiyat\u0131na kazand\u0131rd\u0131\u011f\u0131 bu \u015faheserle gene mahzun ve gene yar\u0131 me\u00e7hul aram\u0131zda<span class=\"excerpt-hellip\"> [\u2026]<\/span><\/p>\n","protected":false},"featured_media":0,"template":"","meta":{"_monsterinsights_skip_tracking":false,"_monsterinsights_sitenote_active":false,"_monsterinsights_sitenote_note":"","_monsterinsights_sitenote_category":0},"product_brand":[],"product_cat":[12291,12711],"product_tag":[],"class_list":{"0":"post-741957","1":"product","2":"type-product","3":"status-publish","5":"product_cat-edebiyat","6":"product_cat-roman-oyku","7":"pa_cilt-ciltsiz","8":"pa_tur-kitap","9":"pa_yayinevi-is-bankasi-kultur-yayinlari","10":"pa_yazar-osman-cemal-kaygili","12":"first","13":"instock","14":"sale","15":"shipping-taxable","16":"purchasable","17":"product-type-simple"},"_links":{"self":[{"href":"https:\/\/roveyayinevi.com.tr\/index.php\/wp-json\/wp\/v2\/product\/741957","targetHints":{"allow":["GET"]}}],"collection":[{"href":"https:\/\/roveyayinevi.com.tr\/index.php\/wp-json\/wp\/v2\/product"}],"about":[{"href":"https:\/\/roveyayinevi.com.tr\/index.php\/wp-json\/wp\/v2\/types\/product"}],"wp:attachment":[{"href":"https:\/\/roveyayinevi.com.tr\/index.php\/wp-json\/wp\/v2\/media?parent=741957"}],"wp:term":[{"taxonomy":"product_brand","embeddable":true,"href":"https:\/\/roveyayinevi.com.tr\/index.php\/wp-json\/wp\/v2\/product_brand?post=741957"},{"taxonomy":"product_cat","embeddable":true,"href":"https:\/\/roveyayinevi.com.tr\/index.php\/wp-json\/wp\/v2\/product_cat?post=741957"},{"taxonomy":"product_tag","embeddable":true,"href":"https:\/\/roveyayinevi.com.tr\/index.php\/wp-json\/wp\/v2\/product_tag?post=741957"}],"curies":[{"name":"wp","href":"https:\/\/api.w.org\/{rel}","templated":true}]}}