{"id":741956,"date":"2025-08-28T01:00:45","date_gmt":"2025-08-27T22:00:45","guid":{"rendered":"https:\/\/roveyayinevi.com.tr\/index.php\/urun\/mihail-ciltli\/"},"modified":"2026-04-16T02:53:14","modified_gmt":"2026-04-15T23:53:14","slug":"mihail-ciltli","status":"publish","type":"product","link":"https:\/\/roveyayinevi.com.tr\/index.php\/urun\/mihail-ciltli\/","title":{"rendered":"Mihail (Ciltli)"},"content":{"rendered":"<p>Panait Istrati, Adrien Zograffi\u2019nin ya\u015fam\u0131na ay\u0131rd\u0131\u011f\u0131 yap\u0131tlar\u0131nda Mihail \u2019e \u00f6zel bir \u00f6nem vermi\u015ftir. Adrien\u2019i ilk bak\u0131\u015fta \u00e7arpan, daha sonra derin bir ba\u011f kurdu\u011fu Mihail, arkada\u015fl\u0131k kavram\u0131n\u0131 cisimle\u015ftiren bir karakter olarak edebiyat tarihindeki yerini alm\u0131\u015ft\u0131r. G\u00f6r\u00fcn\u00fc\u015f\u00fcyle tezat arz eden bilgeli\u011fi, kurdu\u011fu \u00e7ok katmanl\u0131 ili\u015fkiler, ondaki bu manevi zenginli\u011fin d\u0131\u015favurumudur. \u0130brail kentinde ba\u015flayan bu dostluk, Istrati\u2019nin her zaman hayranl\u0131kla betimledi\u011fi bir halklar ve k\u00fclt\u00fcrler \u015f\u00f6leni e\u015fli\u011finde geni\u015fleyecektir. Adrien, ki\u015fili\u011fini resmi e\u011fitimde de\u011fil, Rumlar, Ruslar, Romenler aras\u0131nda dokunan canl\u0131 ve gerilimli bir k\u00fclt\u00fcrde devinerek bulur. Istrati, ba\u015fyap\u0131t\u0131 say\u0131lan Mihail \u2019de insanlar\u0131n haysiyet, dostluk, payla\u015f\u0131m gibi de\u011ferleri kendili\u011finden bi\u00e7imde nas\u0131l \u00fcrettiklerini her zamanki ustal\u0131\u011f\u0131yla g\u00f6sterir. <\/p>\n","protected":false},"excerpt":{"rendered":"<p>Panait Istrati, Adrien Zograffi\u2019nin ya\u015fam\u0131na ay\u0131rd\u0131\u011f\u0131 yap\u0131tlar\u0131nda Mihail \u2019e \u00f6zel bir \u00f6nem vermi\u015ftir. Adrien\u2019i ilk bak\u0131\u015fta \u00e7arpan, daha sonra derin bir ba\u011f kurdu\u011fu Mihail, arkada\u015fl\u0131k kavram\u0131n\u0131<span class=\"excerpt-hellip\"> [\u2026]<\/span><\/p>\n","protected":false},"featured_media":0,"template":"","meta":{"_monsterinsights_skip_tracking":false,"_monsterinsights_sitenote_active":false,"_monsterinsights_sitenote_note":"","_monsterinsights_sitenote_category":0},"product_brand":[],"product_cat":[12291,12711],"product_tag":[],"class_list":{"0":"post-741956","1":"product","2":"type-product","3":"status-publish","5":"product_cat-edebiyat","6":"product_cat-roman-oyku","7":"pa_cilt-ciltli","8":"pa_tur-kitap","9":"pa_yayinevi-is-bankasi-kultur-yayinlari","10":"pa_yazar-panait-istrati","12":"first","13":"instock","14":"sale","15":"shipping-taxable","16":"purchasable","17":"product-type-simple"},"_links":{"self":[{"href":"https:\/\/roveyayinevi.com.tr\/index.php\/wp-json\/wp\/v2\/product\/741956","targetHints":{"allow":["GET"]}}],"collection":[{"href":"https:\/\/roveyayinevi.com.tr\/index.php\/wp-json\/wp\/v2\/product"}],"about":[{"href":"https:\/\/roveyayinevi.com.tr\/index.php\/wp-json\/wp\/v2\/types\/product"}],"wp:attachment":[{"href":"https:\/\/roveyayinevi.com.tr\/index.php\/wp-json\/wp\/v2\/media?parent=741956"}],"wp:term":[{"taxonomy":"product_brand","embeddable":true,"href":"https:\/\/roveyayinevi.com.tr\/index.php\/wp-json\/wp\/v2\/product_brand?post=741956"},{"taxonomy":"product_cat","embeddable":true,"href":"https:\/\/roveyayinevi.com.tr\/index.php\/wp-json\/wp\/v2\/product_cat?post=741956"},{"taxonomy":"product_tag","embeddable":true,"href":"https:\/\/roveyayinevi.com.tr\/index.php\/wp-json\/wp\/v2\/product_tag?post=741956"}],"curies":[{"name":"wp","href":"https:\/\/api.w.org\/{rel}","templated":true}]}}