{"id":741953,"date":"2025-08-28T01:00:41","date_gmt":"2025-08-27T22:00:41","guid":{"rendered":"https:\/\/roveyayinevi.com.tr\/index.php\/urun\/nasil-olunur-ciltli\/"},"modified":"2026-04-16T02:53:14","modified_gmt":"2026-04-15T23:53:14","slug":"nasil-olunur-ciltli","status":"publish","type":"product","link":"https:\/\/roveyayinevi.com.tr\/index.php\/urun\/nasil-olunur-ciltli\/","title":{"rendered":"Nas\u0131l \u00d6l\u00fcn\u00fcr (Ciltli)"},"content":{"rendered":"<p>\u00c9mile Zola (1840-1902): Nat\u00fcralizm ak\u0131m\u0131n\u0131n en \u00f6nemli temsilcilerinden olan yazar, romanlar\u0131 i\u00e7in gerekli ya\u015fam deneyimini zorluklar i\u00e7inde ge\u00e7en gen\u00e7lik y\u0131llar\u0131nda kazand\u0131. 1864\u2019te ilk \u00f6yk\u00fc kitab\u0131 Ninon\u2019a \u00d6yk\u00fcler yay\u0131mland\u0131. 1865\u2019te kendi ya\u015fam\u0131ndan izler ta\u015f\u0131yan Claude\u2019un \u0130tiraflar\u0131 \u00e7\u0131kt\u0131. Zola, romanc\u0131n\u0131n olaylar\u0131 bir izleyici gibi kaydetmekle yetinmemesi, ki\u015fileri ve tutkular\u0131n\u0131 bir dizi deneyden ge\u00e7irirken, duygusal ve toplumsal olgular\u0131 bir kimyac\u0131 gibi i\u015flemesi gerekti\u011fini savundu. Nas\u0131l \u00d6l\u00fcn\u00fcr 1876\u2019da Le Messager de l\u2019Europe dergisinde yay\u0131mland\u0131. Zola\u2019n\u0131n titiz \u00fcslubu ve g\u00f6zlem dehas\u0131n\u0131n berrak bir su gibi parlad\u0131\u011f\u0131 bu k\u0131sa eserin ba\u015frol\u00fcnde toplumsal bir olay olarak \u00f6l\u00fcm vard\u0131r: \u00d6l\u00fcm herkesin ba\u015f\u0131na gelir ama her insan \u00f6l\u00fcm\u00fc farkl\u0131 bir \u015fekilde ya\u015far, herkes kendi \u00e7evresinin i\u00e7inde \u00f6l\u00fcr.                                                                                                           <\/p>\n","protected":false},"excerpt":{"rendered":"<p>\u00c9mile Zola (1840-1902): Nat\u00fcralizm ak\u0131m\u0131n\u0131n en \u00f6nemli temsilcilerinden olan yazar, romanlar\u0131 i\u00e7in gerekli ya\u015fam deneyimini zorluklar i\u00e7inde ge\u00e7en gen\u00e7lik y\u0131llar\u0131nda kazand\u0131. 1864\u2019te ilk \u00f6yk\u00fc kitab\u0131 Ninon\u2019a<span class=\"excerpt-hellip\"> [\u2026]<\/span><\/p>\n","protected":false},"featured_media":0,"template":"","meta":{"_monsterinsights_skip_tracking":false,"_monsterinsights_sitenote_active":false,"_monsterinsights_sitenote_note":"","_monsterinsights_sitenote_category":0},"product_brand":[],"product_cat":[12291,12711],"product_tag":[],"class_list":{"0":"post-741953","1":"product","2":"type-product","3":"status-publish","5":"product_cat-edebiyat","6":"product_cat-roman-oyku","7":"pa_cilt-ciltli","8":"pa_tur-kitap","9":"pa_yayinevi-is-bankasi-kultur-yayinlari","10":"pa_yazar-emile-zola","12":"first","13":"instock","14":"sale","15":"shipping-taxable","16":"purchasable","17":"product-type-simple"},"_links":{"self":[{"href":"https:\/\/roveyayinevi.com.tr\/index.php\/wp-json\/wp\/v2\/product\/741953","targetHints":{"allow":["GET"]}}],"collection":[{"href":"https:\/\/roveyayinevi.com.tr\/index.php\/wp-json\/wp\/v2\/product"}],"about":[{"href":"https:\/\/roveyayinevi.com.tr\/index.php\/wp-json\/wp\/v2\/types\/product"}],"wp:attachment":[{"href":"https:\/\/roveyayinevi.com.tr\/index.php\/wp-json\/wp\/v2\/media?parent=741953"}],"wp:term":[{"taxonomy":"product_brand","embeddable":true,"href":"https:\/\/roveyayinevi.com.tr\/index.php\/wp-json\/wp\/v2\/product_brand?post=741953"},{"taxonomy":"product_cat","embeddable":true,"href":"https:\/\/roveyayinevi.com.tr\/index.php\/wp-json\/wp\/v2\/product_cat?post=741953"},{"taxonomy":"product_tag","embeddable":true,"href":"https:\/\/roveyayinevi.com.tr\/index.php\/wp-json\/wp\/v2\/product_tag?post=741953"}],"curies":[{"name":"wp","href":"https:\/\/api.w.org\/{rel}","templated":true}]}}