{"id":741950,"date":"2025-08-28T01:00:37","date_gmt":"2025-08-27T22:00:37","guid":{"rendered":"https:\/\/roveyayinevi.com.tr\/index.php\/urun\/letter-from-an-unkown-woman\/"},"modified":"2026-04-16T02:53:14","modified_gmt":"2026-04-15T23:53:14","slug":"letter-from-an-unkown-woman","status":"publish","type":"product","link":"https:\/\/roveyayinevi.com.tr\/index.php\/urun\/letter-from-an-unkown-woman\/","title":{"rendered":"Letter From An Unkown Woman"},"content":{"rendered":"<p>Letter From An Unkown Woman Kitap A\u00e7\u0131klamas\u0131Written in 1920s, Stefan Zweig tells the story of a woman who is unrecognised and unrequited lover in Letter From Unknown Woman. This nameless young woman reached her unaware lover with this long letter by telling their memories from first day. As reader, while appreciating the patience of life long silence and hiding we don\u2019t know this woman as her lover who read the letter never recognised her too. With Zweig\u2019s literary talent this book has an unforgetable importance in our literature by emotion of being effaced that derived from never known; based on depth psychological side and human\u2019s love feeling we can find out darker sides and obsessions of people via this short but impressive book. Every reader who knows Zweig\u2019s success will admiringly read this book which is less known considering the other novels.<\/p>\n","protected":false},"excerpt":{"rendered":"<p>Letter From An Unkown Woman Kitap A\u00e7\u0131klamas\u0131Written in 1920s, Stefan Zweig tells the story of a woman who is unrecognised and unrequited lover in Letter From<span class=\"excerpt-hellip\"> [\u2026]<\/span><\/p>\n","protected":false},"featured_media":0,"template":"","meta":{"_monsterinsights_skip_tracking":false,"_monsterinsights_sitenote_active":false,"_monsterinsights_sitenote_note":"","_monsterinsights_sitenote_category":0},"product_brand":[],"product_cat":[12472],"product_tag":[],"class_list":{"0":"post-741950","1":"product","2":"type-product","3":"status-publish","5":"product_cat-yabanci-dilde-kitaplar","6":"pa_cilt-ciltsiz","7":"pa_tur-kitap","8":"pa_yayinevi-ren-kitap","9":"pa_yazar-stefan-zweig","11":"first","12":"instock","13":"sale","14":"shipping-taxable","15":"purchasable","16":"product-type-simple"},"_links":{"self":[{"href":"https:\/\/roveyayinevi.com.tr\/index.php\/wp-json\/wp\/v2\/product\/741950","targetHints":{"allow":["GET"]}}],"collection":[{"href":"https:\/\/roveyayinevi.com.tr\/index.php\/wp-json\/wp\/v2\/product"}],"about":[{"href":"https:\/\/roveyayinevi.com.tr\/index.php\/wp-json\/wp\/v2\/types\/product"}],"wp:attachment":[{"href":"https:\/\/roveyayinevi.com.tr\/index.php\/wp-json\/wp\/v2\/media?parent=741950"}],"wp:term":[{"taxonomy":"product_brand","embeddable":true,"href":"https:\/\/roveyayinevi.com.tr\/index.php\/wp-json\/wp\/v2\/product_brand?post=741950"},{"taxonomy":"product_cat","embeddable":true,"href":"https:\/\/roveyayinevi.com.tr\/index.php\/wp-json\/wp\/v2\/product_cat?post=741950"},{"taxonomy":"product_tag","embeddable":true,"href":"https:\/\/roveyayinevi.com.tr\/index.php\/wp-json\/wp\/v2\/product_tag?post=741950"}],"curies":[{"name":"wp","href":"https:\/\/api.w.org\/{rel}","templated":true}]}}