{"id":741948,"date":"2025-08-28T01:00:35","date_gmt":"2025-08-27T22:00:35","guid":{"rendered":"https:\/\/roveyayinevi.com.tr\/index.php\/urun\/kamu-yonetimi-donusumu-surecinde-egitim-reformlari\/"},"modified":"2026-04-16T02:53:14","modified_gmt":"2026-04-15T23:53:14","slug":"kamu-yonetimi-donusumu-surecinde-egitim-reformlari","status":"publish","type":"product","link":"https:\/\/roveyayinevi.com.tr\/index.php\/urun\/kamu-yonetimi-donusumu-surecinde-egitim-reformlari\/","title":{"rendered":"Kamu Y\u00f6netimi D\u00f6n\u00fc\u015f\u00fcm\u00fc S\u00fcrecinde E\u011fitim Reformlar\u0131"},"content":{"rendered":"<p>B\u0130R\u0130NC\u0130 B\u00d6L\u00dcM KAMU Y\u00d6NET\u0130M\u0130 ANLAYI\u015eINDA 1980 SONRASI D\u00d6N\u00dc\u015e\u00dcM   \u0130K\u0130NC\u0130 B\u00d6L\u00dcM 1980 SONRASI D\u00dcNYADA VE T\u00dcRK E\u011e\u0130T\u0130M S\u0130STEM\u0130NDE D\u00d6N\u00dc\u015e\u00dcM   \u00dc\u00c7\u00dcNC\u00dc B\u00d6L\u00dcM KAMU Y\u00d6NET\u0130M\u0130NDE D\u00d6N\u00dc\u015e\u00dcM BA\u011eLAMINDA T\u00dcRK E\u011e\u0130T\u0130M S\u0130STEM\u0130 REFORMU <\/p>\n","protected":false},"excerpt":{"rendered":"<p>B\u0130R\u0130NC\u0130 B\u00d6L\u00dcM KAMU Y\u00d6NET\u0130M\u0130 ANLAYI\u015eINDA 1980 SONRASI D\u00d6N\u00dc\u015e\u00dcM \u0130K\u0130NC\u0130 B\u00d6L\u00dcM 1980 SONRASI D\u00dcNYADA VE T\u00dcRK E\u011e\u0130T\u0130M S\u0130STEM\u0130NDE D\u00d6N\u00dc\u015e\u00dcM \u00dc\u00c7\u00dcNC\u00dc B\u00d6L\u00dcM KAMU Y\u00d6NET\u0130M\u0130NDE D\u00d6N\u00dc\u015e\u00dcM BA\u011eLAMINDA T\u00dcRK E\u011e\u0130T\u0130M<span class=\"excerpt-hellip\"> [\u2026]<\/span><\/p>\n","protected":false},"featured_media":0,"template":"","meta":{"_monsterinsights_skip_tracking":false,"_monsterinsights_sitenote_active":false,"_monsterinsights_sitenote_note":"","_monsterinsights_sitenote_category":0},"product_brand":[],"product_cat":[15350,17602],"product_tag":[],"class_list":{"0":"post-741948","1":"product","2":"type-product","3":"status-publish","5":"product_cat-hukuk","6":"product_cat-hukuk-uzerine","7":"pa_cilt-ciltsiz","8":"pa_tur-kitap","9":"pa_yayinevi-gazi-kitabevi","10":"pa_yazar-leyla-ciftci-kemal-oktem","12":"first","13":"instock","14":"sale","15":"shipping-taxable","16":"purchasable","17":"product-type-simple"},"_links":{"self":[{"href":"https:\/\/roveyayinevi.com.tr\/index.php\/wp-json\/wp\/v2\/product\/741948","targetHints":{"allow":["GET"]}}],"collection":[{"href":"https:\/\/roveyayinevi.com.tr\/index.php\/wp-json\/wp\/v2\/product"}],"about":[{"href":"https:\/\/roveyayinevi.com.tr\/index.php\/wp-json\/wp\/v2\/types\/product"}],"wp:attachment":[{"href":"https:\/\/roveyayinevi.com.tr\/index.php\/wp-json\/wp\/v2\/media?parent=741948"}],"wp:term":[{"taxonomy":"product_brand","embeddable":true,"href":"https:\/\/roveyayinevi.com.tr\/index.php\/wp-json\/wp\/v2\/product_brand?post=741948"},{"taxonomy":"product_cat","embeddable":true,"href":"https:\/\/roveyayinevi.com.tr\/index.php\/wp-json\/wp\/v2\/product_cat?post=741948"},{"taxonomy":"product_tag","embeddable":true,"href":"https:\/\/roveyayinevi.com.tr\/index.php\/wp-json\/wp\/v2\/product_tag?post=741948"}],"curies":[{"name":"wp","href":"https:\/\/api.w.org\/{rel}","templated":true}]}}