{"id":741947,"date":"2025-08-28T01:00:34","date_gmt":"2025-08-27T22:00:34","guid":{"rendered":"https:\/\/roveyayinevi.com.tr\/index.php\/urun\/osmanli-hanedaninda-evlenme\/"},"modified":"2026-04-16T02:53:14","modified_gmt":"2026-04-15T23:53:14","slug":"osmanli-hanedaninda-evlenme","status":"publish","type":"product","link":"https:\/\/roveyayinevi.com.tr\/index.php\/urun\/osmanli-hanedaninda-evlenme\/","title":{"rendered":"Osmanl\u0131 Hanedan\u0131nda Evlenme"},"content":{"rendered":"<p>\u0130\u00e7indekiler   G\u0130R\u0130\u015e: T\u00dcRK HANEDANLARINDA VE B\u0130ZANS\u2019TA S\u0130YAS\u00ce EVL\u0130L\u0130KLER A.    T\u00dcRK HANEDANLARINDA S\u0130YAS\u00ce EVL\u0130L\u0130KLER B.      B\u0130ZANS DEVLET\u0130NDE S\u0130YAS\u00ce EVL\u0130L\u0130KLER   I. B\u00d6L\u00dcM: OSMANLI HANEDANINDA EVLENME      A. PAD\u0130\u015eAH VE \u015eEHZADELER\u0130N EVLENMELER\u0130      B. N\u0130\u015eAN VE N\u0130K\u00c2H      C. C\u0130HAZ VE HED\u0130YELER   II. B\u00d6L\u00dcM: YEN\u0130LE\u015eME DEVR\u0130 EVL\u0130L\u0130KLER\u0130   III. B\u00d6L\u00dcM: SULTANLARIN EVLENMELER\u0130 (S\u00dbR-I H\u00dcMAYUNLAR)   IV. B\u00d6L\u00dcM: DAMAD-I \u015eEHR\u0130YAR\u00ceLER V. B\u00d6L\u00dcM: BA\u015eARISIZ EVL\u0130L\u0130K TE\u015eEBB\u00dcSLER\u0130VI. B\u00d6L\u00dcM: \u0130MK\u00c2NLAR VE SINIRLAR D\u00dcNYASI <\/p>\n","protected":false},"excerpt":{"rendered":"<p>\u0130\u00e7indekiler G\u0130R\u0130\u015e: T\u00dcRK HANEDANLARINDA VE B\u0130ZANS\u2019TA S\u0130YAS\u00ce EVL\u0130L\u0130KLER A. T\u00dcRK HANEDANLARINDA S\u0130YAS\u00ce EVL\u0130L\u0130KLER B. B\u0130ZANS DEVLET\u0130NDE S\u0130YAS\u00ce EVL\u0130L\u0130KLER I. B\u00d6L\u00dcM: OSMANLI HANEDANINDA EVLENME A. PAD\u0130\u015eAH VE<span class=\"excerpt-hellip\"> [\u2026]<\/span><\/p>\n","protected":false},"featured_media":0,"template":"","meta":{"_monsterinsights_skip_tracking":false,"_monsterinsights_sitenote_active":false,"_monsterinsights_sitenote_note":"","_monsterinsights_sitenote_category":0},"product_brand":[],"product_cat":[12312,12304],"product_tag":[],"class_list":{"0":"post-741947","1":"product","2":"type-product","3":"status-publish","5":"product_cat-diger","6":"product_cat-tarih","7":"pa_cilt-ciltsiz","8":"pa_tur-kitap","9":"pa_yayinevi-gazi-kitabevi","10":"pa_yazar-ayhan-pala","12":"first","13":"instock","14":"sale","15":"shipping-taxable","16":"purchasable","17":"product-type-simple"},"_links":{"self":[{"href":"https:\/\/roveyayinevi.com.tr\/index.php\/wp-json\/wp\/v2\/product\/741947","targetHints":{"allow":["GET"]}}],"collection":[{"href":"https:\/\/roveyayinevi.com.tr\/index.php\/wp-json\/wp\/v2\/product"}],"about":[{"href":"https:\/\/roveyayinevi.com.tr\/index.php\/wp-json\/wp\/v2\/types\/product"}],"wp:attachment":[{"href":"https:\/\/roveyayinevi.com.tr\/index.php\/wp-json\/wp\/v2\/media?parent=741947"}],"wp:term":[{"taxonomy":"product_brand","embeddable":true,"href":"https:\/\/roveyayinevi.com.tr\/index.php\/wp-json\/wp\/v2\/product_brand?post=741947"},{"taxonomy":"product_cat","embeddable":true,"href":"https:\/\/roveyayinevi.com.tr\/index.php\/wp-json\/wp\/v2\/product_cat?post=741947"},{"taxonomy":"product_tag","embeddable":true,"href":"https:\/\/roveyayinevi.com.tr\/index.php\/wp-json\/wp\/v2\/product_tag?post=741947"}],"curies":[{"name":"wp","href":"https:\/\/api.w.org\/{rel}","templated":true}]}}