{"id":741946,"date":"2025-08-28T01:00:32","date_gmt":"2025-08-27T22:00:32","guid":{"rendered":"https:\/\/roveyayinevi.com.tr\/index.php\/urun\/iki-yasam\/"},"modified":"2026-04-16T02:53:14","modified_gmt":"2026-04-15T23:53:14","slug":"iki-yasam","status":"publish","type":"product","link":"https:\/\/roveyayinevi.com.tr\/index.php\/urun\/iki-yasam\/","title":{"rendered":"\u0130ki Ya\u015fam"},"content":{"rendered":"<p>\u0130ki ya\u015fam tek bedene s\u0131\u011far m\u0131? \u201cHepimizin bu d\u00fcnyada yapacak tek bir \u015feyi var ve mutlulu\u011fu ancak bunu ger\u00e7ekle\u015ftirerek elde edebiliriz.\u201d \u201cHakim&#8217;in Yolculu\u011fu\u201d \u00fc\u00e7lemesiyle tan\u0131nan Frans\u0131z \u00e7izer Fabien Toulm\u00e9&#8217;nin elinden \u00e7\u0131kan \u0130ki Ya\u015fam, okurlar\u0131 sars\u0131c\u0131 bir kendini arama yolculu\u011funa \u00e7\u0131kar\u0131yor. Hayallerimizi ger\u00e7ekle\u015ftirmek i\u00e7in ne kadar ileri gidebilece\u011fimizi sorgulatan kitap, sahte mutluluklar u\u011fruna \u201cicat etti\u011fimiz\u201d yersiz ihtiya\u00e7lar\u0131n hayat\u0131m\u0131z\u0131 nas\u0131l da t\u00fcketti\u011fini g\u00f6steriyor.  Gelece\u011fe dair d\u00fc\u015flerimizi ertelemememiz gerekti\u011fini hat\u0131rlatan Toulm\u00e9, bizleri konfor alanlar\u0131m\u0131zdan \u00e7\u0131kmaya ve ya\u015famdan beklentilerimizi m\u00fctevaz\u0131 tutmamaya \u00e7a\u011f\u0131r\u0131yor. \u201cKorkmuyorum art\u0131k&#8230; Kendime ait olmayan bir hayat s\u00fcrmek i\u00e7in ne kadar zaman kaybetti\u011fimi fark ediyorum.\u201d \u00c7ocuklu\u011fundan bu yana m\u00fcthi\u015f bir \u00f6zveriyle hayallerini hep ask\u0131ya almak zorunda kalan Baudouin, otuzlu ya\u015flar\u0131nda, yaln\u0131z bir adamd\u0131r. Sanatla ve felsefeyle ilgilenen, kad\u0131nlar\u0131 ba\u015ftan \u00e7\u0131karmakta kimsenin eline su d\u00f6kemeyece\u011fi, seyahat tutkunu abisi Luc&#8217;\u00fcn tam aksine monoton ve s\u0131k\u0131c\u0131 bir ya\u015fant\u0131s\u0131 vard\u0131r. \u0130yi bir e\u011fitimi, dolgun maa\u015fl\u0131 bir i\u015fi ve g\u00fczel bir evi olmas\u0131na ra\u011fmen a\u015fka, s\u0131k\u0131 dostluklara ve k\u00fc\u00e7\u00fck u\u00e7ar\u0131l\u0131klara kar\u015f\u0131 hep mesafelidir. Sakin d\u00fcnyas\u0131, hi\u00e7 beklemedi\u011fi bir anda ald\u0131\u011f\u0131 sars\u0131c\u0131 haberle ba\u015f\u0131na y\u0131k\u0131l\u0131r: Sadece birka\u00e7 ayl\u0131k \u00f6mr\u00fc kalm\u0131\u015ft\u0131r. Gen\u00e7 adam, hayalini kurdu\u011fu hi\u00e7bir \u015feyi ger\u00e7ekle\u015ftirememi\u015f olman\u0131n pi\u015fmanl\u0131\u011f\u0131 ve \u00f6fkesi ile ba\u015f ba\u015fad\u0131r. Hastal\u0131\u011f\u0131n\u0131 \u00f6\u011frenen Luc, karde\u015finin her \u015feyi geride b\u0131rak\u0131p kendisiyle Afrika&#8217;ya gitmesi konusunda onu ikna eder. D\u00fc\u015flediklerini yapmaya bir t\u00fcrl\u00fc cesaret edemeyen Baudouin i\u00e7in art\u0131k kozas\u0131ndan \u00e7\u0131kma vaktidir. \u0130kinci hayat\u0131n\u0131 ya\u015fayabilmek i\u00e7in \u00f6n\u00fcnde uzanan yolda bu kez zaman\u0131 s\u0131n\u0131rl\u0131 olsa da hayalleri s\u0131n\u0131rs\u0131zd\u0131r&#8230; Y\u0131llarca kendisine ait olmayan bir hayat\u0131n fig\u00fcran\u0131 olarak ya\u015fayan Baudouin&#8217;\u0131n h\u00fcz\u00fcnl\u00fc ama ilham verici hik\u00e2yesini anlatan bu dokunakl\u0131 grafik roman, s\u00fcrpriz sonuyla okurunu ters k\u00f6\u015feye yat\u0131r\u0131yor. \u00c7izgilerindeki sinematografik unsurlarla anlat\u0131m\u0131n\u0131 g\u00fc\u00e7lendiren Fabien Toulm\u00e9 bu kitab\u0131yla, hayat\u0131 \u0131skalamadan doyas\u0131ya ya\u015famaya ve herkesi kendi hik\u00e2yesinin pe\u015fine d\u00fc\u015fmeye davet ediyor. <\/p>\n","protected":false},"excerpt":{"rendered":"<p>\u0130ki ya\u015fam tek bedene s\u0131\u011far m\u0131? \u201cHepimizin bu d\u00fcnyada yapacak tek bir \u015feyi var ve mutlulu\u011fu ancak bunu ger\u00e7ekle\u015ftirerek elde edebiliriz.\u201d \u201cHakim&#8217;in Yolculu\u011fu\u201d \u00fc\u00e7lemesiyle tan\u0131nan Frans\u0131z<span class=\"excerpt-hellip\"> [\u2026]<\/span><\/p>\n","protected":false},"featured_media":0,"template":"","meta":{"_monsterinsights_skip_tracking":false,"_monsterinsights_sitenote_active":false,"_monsterinsights_sitenote_note":"","_monsterinsights_sitenote_category":0},"product_brand":[],"product_cat":[12291,12711],"product_tag":[],"class_list":{"0":"post-741946","1":"product","2":"type-product","3":"status-publish","5":"product_cat-edebiyat","6":"product_cat-roman-oyku","7":"pa_cilt-ciltsiz","8":"pa_tur-kitap","9":"pa_yayinevi-desen-yayinlari","10":"pa_yazar-fabien-toulme","12":"first","13":"instock","14":"sale","15":"shipping-taxable","16":"purchasable","17":"product-type-simple"},"_links":{"self":[{"href":"https:\/\/roveyayinevi.com.tr\/index.php\/wp-json\/wp\/v2\/product\/741946","targetHints":{"allow":["GET"]}}],"collection":[{"href":"https:\/\/roveyayinevi.com.tr\/index.php\/wp-json\/wp\/v2\/product"}],"about":[{"href":"https:\/\/roveyayinevi.com.tr\/index.php\/wp-json\/wp\/v2\/types\/product"}],"wp:attachment":[{"href":"https:\/\/roveyayinevi.com.tr\/index.php\/wp-json\/wp\/v2\/media?parent=741946"}],"wp:term":[{"taxonomy":"product_brand","embeddable":true,"href":"https:\/\/roveyayinevi.com.tr\/index.php\/wp-json\/wp\/v2\/product_brand?post=741946"},{"taxonomy":"product_cat","embeddable":true,"href":"https:\/\/roveyayinevi.com.tr\/index.php\/wp-json\/wp\/v2\/product_cat?post=741946"},{"taxonomy":"product_tag","embeddable":true,"href":"https:\/\/roveyayinevi.com.tr\/index.php\/wp-json\/wp\/v2\/product_tag?post=741946"}],"curies":[{"name":"wp","href":"https:\/\/api.w.org\/{rel}","templated":true}]}}