{"id":741945,"date":"2025-08-28T01:00:32","date_gmt":"2025-08-27T22:00:32","guid":{"rendered":"https:\/\/roveyayinevi.com.tr\/index.php\/urun\/tarot-rehberi\/"},"modified":"2026-04-16T02:53:14","modified_gmt":"2026-04-15T23:53:14","slug":"tarot-rehberi","status":"publish","type":"product","link":"https:\/\/roveyayinevi.com.tr\/index.php\/urun\/tarot-rehberi\/","title":{"rendered":"Tarot Rehberi"},"content":{"rendered":"<p>Tarot Kartlar\u0131n\u0131 Kolayca ve Detayl\u0131ca Yorumlamak \u0130\u00e7in Temel Rehberiniz Hepimizin i\u00e7inin derinliklerinde yetenekler gizli ve Tarot\u2019la bu yetenekleri ortaya \u00e7\u0131kartma ve hayat\u0131m\u0131zda d\u00f6n\u00fc\u015f\u00fcm yaratacak ke\u015fifler yapma g\u00fcc\u00fcne sahibiz. Daha \u00f6nceden Tarot\u2019a a\u015fina olan yorumcular ya da yeni ba\u015flayanlar i\u00e7in bu 78 kart\u0131 iyice \u00f6\u011frenmek ve a\u00e7\u0131l\u0131mlar\u0131n nas\u0131l uygulanaca\u011f\u0131n\u0131 anlamak heyecan vericidir. Tarot uzman\u0131 Stefanie Caponi bu kartlar\u0131 yorumlaman\u0131n, anlamlar\u0131n\u0131 bilmenin, kalbinizi dinlemenin ve sezgilerinize g\u00fcvenmenin bir kar\u0131\u015f\u0131m\u0131 oldu\u011funu anlat\u0131yor. Tarot Rehberi\u2019nde sadece kartlar\u0131n evrensel anlamlar\u0131n\u0131 anlamak i\u00e7in de\u011fil, kendi anlamlar\u0131n\u0131z\u0131 da \u015fekillendirmek i\u00e7in sezgilerinizi besleyip geli\u015ftirecek kolay egzersizler veriyor. Bu kapsaml\u0131  rehber size daha do\u011fru okumalar yapman\u0131z i\u00e7in enerjinizi bu desteyle nas\u0131l uyumland\u0131raca\u011f\u0131n\u0131z\u0131 da g\u00f6steriyor. K\u0131sa s\u00fcrede kendiniz ve ba\u015fkalar\u0131 i\u00e7in \u2013yan\u0131n\u0131zda bu rehber kitap olmadan\u2013 okumalar yapacak kadar g\u00fcven kazanacaks\u0131n\u0131z. Tarot Rehberi\u2019nin i\u00e7indekiler: \u00b7         Sezgilerinizi ve yorumlama becerilerinizi geli\u015ftirmek i\u00e7in \u00d6RNEK EGZERS\u0130ZLER \u00b7         Astroloji, numeroloji ve element anlamlar\u0131, kariyer, a\u015fk ve spirit\u00fcel hayat konusundaki a\u00e7\u0131klamalar\u0131 ve ters kartlar\u0131n yorumlar\u0131yla birlikte TAROT KART PROF\u0130LLER\u0130 \u00b7         Basit a\u00e7\u0131l\u0131m \u00f6rnekleriyle sizi haz\u0131rlayarak okumalar yapman\u0131z\u0131 sa\u011flayacak kademeli TAVS\u0130YELER \u00b7         Yeni ba\u015flayanlar\u0131n bu pop\u00fcler a\u00e7\u0131l\u0131ma h\u00e2kim olmas\u0131 i\u00e7in KELT HA\u00c7I ANAL\u0130Z\u0130 \u00b7         Kartlar\u0131n resimlerini ve temel d\u00fcz ve ters anlamlar\u0131n\u0131 i\u00e7eren REFERANS TABLOSU     Yazar Hakk\u0131nda: STEF ANIE CAPONI sezgisel bir yazar ve \u00e7izerdir. Yirmi y\u0131ldan uzun bir su\u0308redir Tarot okumalar\u0131 yapmaktad\u0131r ve ilk Tarot destesi The Moon Void Tarot\u2019u yaratt\u0131ktan sonra kendi i\u015fini kurmu\u015ftur. \u00c7al\u0131\u015fmalar\u0131 benli\u011fin gizli \u00e2lemlerine girmek i\u00e7in Tarot\u2019u bir ara\u00e7 olarak kullanarak g\u00f6lge \u00e7al\u0131\u015fmas\u0131n\u0131 ara\u015ft\u0131rmaya, \u015fifalanmaya ve yarat\u0131c\u0131l\u0131\u011fa odaklanm\u0131\u015ft\u0131r. Tarot \u00e7al\u0131\u015fmalar\u0131n\u0131n yan\u0131 s\u0131ra Swell by Dame i\u00e7in ayl\u0131k bur\u00e7 yorumlar\u0131 da yazmaktad\u0131r. Stefanie, e\u015fi Sean ve iki kedileri Onyx ve Luna ile birlikte Brooklyn\u2019de ya\u015famaktad\u0131r.<\/p>\n","protected":false},"excerpt":{"rendered":"<p>Tarot Kartlar\u0131n\u0131 Kolayca ve Detayl\u0131ca Yorumlamak \u0130\u00e7in Temel Rehberiniz Hepimizin i\u00e7inin derinliklerinde yetenekler gizli ve Tarot\u2019la bu yetenekleri ortaya \u00e7\u0131kartma ve hayat\u0131m\u0131zda d\u00f6n\u00fc\u015f\u00fcm yaratacak ke\u015fifler yapma<span class=\"excerpt-hellip\"> [\u2026]<\/span><\/p>\n","protected":false},"featured_media":0,"template":"","meta":{"_monsterinsights_skip_tracking":false,"_monsterinsights_sitenote_active":false,"_monsterinsights_sitenote_note":"","_monsterinsights_sitenote_category":0},"product_brand":[],"product_cat":[18082,15563],"product_tag":[],"class_list":{"0":"post-741945","1":"product","2":"type-product","3":"status-publish","5":"product_cat-astroloji-fal-ruya","6":"product_cat-hobi","7":"pa_cilt-ciltsiz","8":"pa_tur-kitap","9":"pa_yayinevi-butik-yayinlari","10":"pa_yazar-stefanie-caponi","12":"first","13":"instock","14":"sale","15":"shipping-taxable","16":"purchasable","17":"product-type-simple"},"_links":{"self":[{"href":"https:\/\/roveyayinevi.com.tr\/index.php\/wp-json\/wp\/v2\/product\/741945","targetHints":{"allow":["GET"]}}],"collection":[{"href":"https:\/\/roveyayinevi.com.tr\/index.php\/wp-json\/wp\/v2\/product"}],"about":[{"href":"https:\/\/roveyayinevi.com.tr\/index.php\/wp-json\/wp\/v2\/types\/product"}],"wp:attachment":[{"href":"https:\/\/roveyayinevi.com.tr\/index.php\/wp-json\/wp\/v2\/media?parent=741945"}],"wp:term":[{"taxonomy":"product_brand","embeddable":true,"href":"https:\/\/roveyayinevi.com.tr\/index.php\/wp-json\/wp\/v2\/product_brand?post=741945"},{"taxonomy":"product_cat","embeddable":true,"href":"https:\/\/roveyayinevi.com.tr\/index.php\/wp-json\/wp\/v2\/product_cat?post=741945"},{"taxonomy":"product_tag","embeddable":true,"href":"https:\/\/roveyayinevi.com.tr\/index.php\/wp-json\/wp\/v2\/product_tag?post=741945"}],"curies":[{"name":"wp","href":"https:\/\/api.w.org\/{rel}","templated":true}]}}