{"id":741944,"date":"2025-08-28T01:00:31","date_gmt":"2025-08-27T22:00:31","guid":{"rendered":"https:\/\/roveyayinevi.com.tr\/index.php\/urun\/kahinin-bilgeligi-kehanet-kartlari\/"},"modified":"2026-04-16T02:53:14","modified_gmt":"2026-04-15T23:53:14","slug":"kahinin-bilgeligi-kehanet-kartlari","status":"publish","type":"product","link":"https:\/\/roveyayinevi.com.tr\/index.php\/urun\/kahinin-bilgeligi-kehanet-kartlari\/","title":{"rendered":"Kahin\u2019in Bilgeli\u011fi Kehanet Kartlar\u0131"},"content":{"rendered":"<p>KAH\u0130N\u2019\u0130N B\u0130LGEL\u0130\u011e\u0130 KEHANET KARTLARI REHBER K\u0130TABI 52 Kartl\u0131k Deste ve Rehber Kitap. Colette Baron-Reid, geleneksel Tarot ile di\u011fer kadim kehanet ara\u00e7lar\u0131n\u0131 ustaca harmanlayarak kutsal bir ileti\u015fim sistemi ortaya \u00e7\u0131kartt\u0131: K\u00e2hin\u2019in Bilgeli\u011fi. Y\u00fcz\u00fc her karttan size bakan K\u00e2hin, kaderinizi ve k\u0131smetinizi anlatarak sizinle Kutsal Ruh aras\u0131nda bir arac\u0131 i\u015flevi g\u00f6r\u00fcyor. 52 karttan olu\u015fan bu deste ve ona e\u015flik eden rehber kitap, s\u0131n\u0131rs\u0131z say\u0131da durumu anlatabilen birbirinden ba\u011f\u0131ms\u0131z 250\u2019nin \u00fcst\u00fcnde anlamla birlikte yolculu\u011funuzun her y\u00f6n\u00fc hakk\u0131ndaki mesajlar\u0131n\u0131 yorumlaman\u0131z\u0131 sa\u011flayacakt\u0131r. Hayvan resimleri, do\u011fa elementleri ve di\u011fer g\u00fc\u00e7l\u00fc semboller sizi derinden etkileyerek hayat\u0131n\u0131zla ilgili anlaml\u0131 bir diyalog kurabilmenizi sa\u011flayacakt\u0131r. K\u00e2hin, sorular\u0131n\u0131za yan\u0131tlar alman\u0131z ve huzura, amaca, refaha ve sevgiye giden yolu g\u00f6rmeniz i\u00e7in ona dan\u0131\u015fman\u0131z\u0131 bekliyor! Yazar Hakk\u0131nda: Colette Baron-Reid 27 dilde yay\u0131mlanan Remembering the Future, Messages from Spirit ve The Map adl\u0131 kitaplar\u0131n ve The Wisdom of Avalon, Wisdom of the Hidden Realms ve The Enchanted Map kehanet destelerinin yazar\u0131d\u0131r Sevilen TV program\u0131 Messages from Spirit\u2019in  y\u0131ld\u0131z\u0131 olan (Vision TV) Colette, dan\u0131\u015fanlar\u0131n\u0131n sevgiyle \u201cK\u00e2hin\u201d ismini verdi\u011fi, d\u00fcnya \u00e7ap\u0131nda alk\u0131\u015flanan bir sezgi uzman\u0131 ve psi\u015fik medyumdur. Colette, ayn\u0131 zamanda karizmatik bir a\u00e7\u0131l\u0131\u015f konu\u015fmac\u0131s\u0131, bir sanat\u00e7\u0131, giri\u015fimci ve vizyonerdir. 2013 ve 2014 y\u0131llar\u0131nda Watkins\u2019in en etkili ilk y\u00fcz spirit\u00fcel listesine giren Colette, perspektif, spirit\u00fcellik ve umut mesajlar\u0131n\u0131 kendine has \u015fefkat dolu bir samimiyet ve e\u011flenceli bir ki\u015filikle iletiyor. Onun keskin sezgisel i\u00e7g\u00f6r\u00fclerinin \u00fcn\u00fc t\u00fcm d\u00fcnyaya yay\u0131lm\u0131\u015ft\u0131r ve 29 \u00fclkeyi kapsayan bir dan\u0131\u015fan a\u011f\u0131na sahiptir. Colette, kocas\u0131 ve iki Pomeranian k\u00f6pe\u011fiyle birlikte Toronto\u2019da ya\u015famaktad\u0131r. Kitap yazmad\u0131\u011f\u0131 ve d\u00fcnya \u00e7ap\u0131nda dinleyicilere ders vermedi\u011fi zamanlarda deniz k\u0131y\u0131s\u0131nda Harley\u2019ini s\u00fcrmeyi sever. \u0130nternet sitesi: www.colettebaronreid.com   \u0130ll\u00fcstrat\u00f6r Hakk\u0131nda Aslen New York&#8217;lu olan Jena DellaGrottaglia, ruh e\u015fi ve en iyi arkada\u015f\u0131 olan kocas\u0131 Daniel ile birlikte Los Angeles\u2019ta ya\u015famaktad\u0131r. Ayn\u0131 zamanda hayvanlara b\u00fcy\u00fck bir yak\u0131nl\u0131k duyan Jena, d\u00f6rt kedi evlat edinmi\u015ftir. Her zaman geli\u015fmeyi ve yeni ve muhte\u015fem sanat eserleri yaratmay\u0131 umarak e\u015fsiz ve derlemeci bir tarz\u0131 oldu\u011funa inanan, kendi kendini yeti\u015ftirmi\u015f bir sanat\u00e7\u0131d\u0131r. Michael Parkes ve Gil Bruvel\u2019dan Terese Nielsen\u2019e kadar pek \u00e7ok ki\u015fiyi etkilemi\u015ftir. Bu, Jena\u2019n\u0131n Colette Baron-Reid i\u00e7in resmetti\u011fi d\u00f6rd\u00fcnc\u00fc deste ve \u015fimdiye kadar \u00fcst\u00fcnde \u00e7al\u0131\u015ft\u0131\u011f\u0131 en sevdi\u011fi projelerden biridir. Bu kartlar i\u00e7in yapt\u0131\u011f\u0131 sanat \u00e7al\u0131\u015fmalar\u0131ndan zevk ald\u0131\u011f\u0131n\u0131z\u0131 ve bunun sizi bir \u015fekilde etkiledi\u011fini umuyor.<\/p>\n","protected":false},"excerpt":{"rendered":"<p>KAH\u0130N\u2019\u0130N B\u0130LGEL\u0130\u011e\u0130 KEHANET KARTLARI REHBER K\u0130TABI 52 Kartl\u0131k Deste ve Rehber Kitap. Colette Baron-Reid, geleneksel Tarot ile di\u011fer kadim kehanet ara\u00e7lar\u0131n\u0131 ustaca harmanlayarak kutsal bir ileti\u015fim<span class=\"excerpt-hellip\"> [\u2026]<\/span><\/p>\n","protected":false},"featured_media":0,"template":"","meta":{"_monsterinsights_skip_tracking":false,"_monsterinsights_sitenote_active":false,"_monsterinsights_sitenote_note":"","_monsterinsights_sitenote_category":0},"product_brand":[],"product_cat":[18082,15563],"product_tag":[],"class_list":{"0":"post-741944","1":"product","2":"type-product","3":"status-publish","5":"product_cat-astroloji-fal-ruya","6":"product_cat-hobi","7":"pa_cilt-ciltsiz","8":"pa_tur-kitap","9":"pa_yayinevi-butik-yayinlari","10":"pa_yazar-colette-baron-reid","12":"first","13":"instock","14":"sale","15":"shipping-taxable","16":"purchasable","17":"product-type-simple"},"_links":{"self":[{"href":"https:\/\/roveyayinevi.com.tr\/index.php\/wp-json\/wp\/v2\/product\/741944","targetHints":{"allow":["GET"]}}],"collection":[{"href":"https:\/\/roveyayinevi.com.tr\/index.php\/wp-json\/wp\/v2\/product"}],"about":[{"href":"https:\/\/roveyayinevi.com.tr\/index.php\/wp-json\/wp\/v2\/types\/product"}],"wp:attachment":[{"href":"https:\/\/roveyayinevi.com.tr\/index.php\/wp-json\/wp\/v2\/media?parent=741944"}],"wp:term":[{"taxonomy":"product_brand","embeddable":true,"href":"https:\/\/roveyayinevi.com.tr\/index.php\/wp-json\/wp\/v2\/product_brand?post=741944"},{"taxonomy":"product_cat","embeddable":true,"href":"https:\/\/roveyayinevi.com.tr\/index.php\/wp-json\/wp\/v2\/product_cat?post=741944"},{"taxonomy":"product_tag","embeddable":true,"href":"https:\/\/roveyayinevi.com.tr\/index.php\/wp-json\/wp\/v2\/product_tag?post=741944"}],"curies":[{"name":"wp","href":"https:\/\/api.w.org\/{rel}","templated":true}]}}