{"id":741939,"date":"2025-08-28T01:00:25","date_gmt":"2025-08-27T22:00:25","guid":{"rendered":"https:\/\/roveyayinevi.com.tr\/index.php\/urun\/yasayan-miras\/"},"modified":"2026-04-16T02:53:14","modified_gmt":"2026-04-15T23:53:14","slug":"yasayan-miras","status":"publish","type":"product","link":"https:\/\/roveyayinevi.com.tr\/index.php\/urun\/yasayan-miras\/","title":{"rendered":"Ya\u015fayan Miras"},"content":{"rendered":"<p>K\u00fclt\u00fcrel miras\u0131n \u00f6nemli bir temsilcisi olan geleneksel meslek ustalar\u0131n hayat hikayelerini ve mesle\u011fin inceliklerini ilk a\u011f\u0131zdan ele alan bu kitap ,tarihi miras\u0131n korunmas\u0131 ve gelecek ku\u015faklara aktar\u0131lmas\u0131 ad\u0131na \u00f6rnek \u00e7al\u0131\u015fmalardan birisi niteli\u011findedir.<\/p>\n","protected":false},"excerpt":{"rendered":"<p>K\u00fclt\u00fcrel miras\u0131n \u00f6nemli bir temsilcisi olan geleneksel meslek ustalar\u0131n hayat hikayelerini ve mesle\u011fin inceliklerini ilk a\u011f\u0131zdan ele alan bu kitap ,tarihi miras\u0131n korunmas\u0131 ve gelecek ku\u015faklara<span class=\"excerpt-hellip\"> [\u2026]<\/span><\/p>\n","protected":false},"featured_media":0,"template":"","meta":{"_monsterinsights_skip_tracking":false,"_monsterinsights_sitenote_active":false,"_monsterinsights_sitenote_note":"","_monsterinsights_sitenote_category":0},"product_brand":[],"product_cat":[12312,12304],"product_tag":[],"class_list":{"0":"post-741939","1":"product","2":"type-product","3":"status-publish","5":"product_cat-diger","6":"product_cat-tarih","7":"pa_cilt-ciltsiz","8":"pa_tur-kitap","9":"pa_yayinevi-bilgin-kultur-sanat","10":"pa_yazar-bilgin-kultur-sanat-kolektif","12":"first","13":"instock","14":"sale","15":"shipping-taxable","16":"purchasable","17":"product-type-simple"},"_links":{"self":[{"href":"https:\/\/roveyayinevi.com.tr\/index.php\/wp-json\/wp\/v2\/product\/741939","targetHints":{"allow":["GET"]}}],"collection":[{"href":"https:\/\/roveyayinevi.com.tr\/index.php\/wp-json\/wp\/v2\/product"}],"about":[{"href":"https:\/\/roveyayinevi.com.tr\/index.php\/wp-json\/wp\/v2\/types\/product"}],"wp:attachment":[{"href":"https:\/\/roveyayinevi.com.tr\/index.php\/wp-json\/wp\/v2\/media?parent=741939"}],"wp:term":[{"taxonomy":"product_brand","embeddable":true,"href":"https:\/\/roveyayinevi.com.tr\/index.php\/wp-json\/wp\/v2\/product_brand?post=741939"},{"taxonomy":"product_cat","embeddable":true,"href":"https:\/\/roveyayinevi.com.tr\/index.php\/wp-json\/wp\/v2\/product_cat?post=741939"},{"taxonomy":"product_tag","embeddable":true,"href":"https:\/\/roveyayinevi.com.tr\/index.php\/wp-json\/wp\/v2\/product_tag?post=741939"}],"curies":[{"name":"wp","href":"https:\/\/api.w.org\/{rel}","templated":true}]}}