{"id":741938,"date":"2025-08-28T01:00:24","date_gmt":"2025-08-27T22:00:24","guid":{"rendered":"https:\/\/roveyayinevi.com.tr\/index.php\/urun\/senin-secimin-boyama-kitabi\/"},"modified":"2026-04-16T02:53:14","modified_gmt":"2026-04-15T23:53:14","slug":"senin-secimin-boyama-kitabi","status":"publish","type":"product","link":"https:\/\/roveyayinevi.com.tr\/index.php\/urun\/senin-secimin-boyama-kitabi\/","title":{"rendered":"Senin Se\u00e7imin Boyama Kitab\u0131"},"content":{"rendered":"<p>BOYANACAK DOLU DOLU 24 SAYFA VE NEREYE \u0130STERSEN YAPI\u015eTIRAB\u0130LECE\u011e\u0130N 60 HAR\u0130KA \u00c7IKARTMA   \u0130stedi\u011fin her yere gidebilecek olsan nereyi se\u00e7erdin? Deniz kenar\u0131, orman, yanarda\u011f, \u015fehir, \u00e7\u00f6l ya da uzay? Neyle seyahat ederdin? Roket, kano, z\u0131pz\u0131p, helikopter ya da yar\u0131\u015f arabas\u0131? Peki e\u011flenmek i\u00e7in hangisini tercih ederdin? Kayak yapmak, iple y\u00fcksekten atlamak, s\u00f6rf yapmak, ke\u015fif yapmak ya da g\u00fcne\u015flenmek? Haydi&#8230; SE\u00c7\u0130M SEN\u0130N! \u00c7\u0131kar boya kalemlerini!   D\u00fcnya \u00e7ap\u0131nda bir milyondan fazla satan SEN\u0130N SE\u00c7\u0130M\u0130N serisinin boyama kitab\u0131.   \u201cSharratt\u2019\u0131n harika ill\u00fcstrasyonlar\u0131 ile muazzam bir hik\u00e2ye olu\u015fturma seti.\u201d \u2014Geraldine Brennan, Times E\u011fitim Eki <\/p>\n","protected":false},"excerpt":{"rendered":"<p>BOYANACAK DOLU DOLU 24 SAYFA VE NEREYE \u0130STERSEN YAPI\u015eTIRAB\u0130LECE\u011e\u0130N 60 HAR\u0130KA \u00c7IKARTMA \u0130stedi\u011fin her yere gidebilecek olsan nereyi se\u00e7erdin? Deniz kenar\u0131, orman, yanarda\u011f, \u015fehir, \u00e7\u00f6l ya<span class=\"excerpt-hellip\"> [\u2026]<\/span><\/p>\n","protected":false},"featured_media":0,"template":"","meta":{"_monsterinsights_skip_tracking":false,"_monsterinsights_sitenote_active":false,"_monsterinsights_sitenote_note":"","_monsterinsights_sitenote_category":0},"product_brand":[],"product_cat":[12644,12274],"product_tag":[],"class_list":{"0":"post-741938","1":"product","2":"type-product","3":"status-publish","5":"product_cat-boyama-kitaplari","6":"product_cat-cocuk-ve-genclik-kitaplari","7":"pa_cilt-ciltsiz","8":"pa_tur-kitap","9":"pa_yayinevi-domingo-yayinevi","10":"pa_yazar-pippa-goodhart","12":"first","13":"instock","14":"sale","15":"shipping-taxable","16":"purchasable","17":"product-type-simple"},"_links":{"self":[{"href":"https:\/\/roveyayinevi.com.tr\/index.php\/wp-json\/wp\/v2\/product\/741938","targetHints":{"allow":["GET"]}}],"collection":[{"href":"https:\/\/roveyayinevi.com.tr\/index.php\/wp-json\/wp\/v2\/product"}],"about":[{"href":"https:\/\/roveyayinevi.com.tr\/index.php\/wp-json\/wp\/v2\/types\/product"}],"wp:attachment":[{"href":"https:\/\/roveyayinevi.com.tr\/index.php\/wp-json\/wp\/v2\/media?parent=741938"}],"wp:term":[{"taxonomy":"product_brand","embeddable":true,"href":"https:\/\/roveyayinevi.com.tr\/index.php\/wp-json\/wp\/v2\/product_brand?post=741938"},{"taxonomy":"product_cat","embeddable":true,"href":"https:\/\/roveyayinevi.com.tr\/index.php\/wp-json\/wp\/v2\/product_cat?post=741938"},{"taxonomy":"product_tag","embeddable":true,"href":"https:\/\/roveyayinevi.com.tr\/index.php\/wp-json\/wp\/v2\/product_tag?post=741938"}],"curies":[{"name":"wp","href":"https:\/\/api.w.org\/{rel}","templated":true}]}}