{"id":741937,"date":"2025-08-28T01:00:23","date_gmt":"2025-08-27T22:00:23","guid":{"rendered":"https:\/\/roveyayinevi.com.tr\/index.php\/urun\/edna-gunlukleri\/"},"modified":"2026-04-13T02:59:56","modified_gmt":"2026-04-12T23:59:56","slug":"edna-gunlukleri","status":"publish","type":"product","link":"https:\/\/roveyayinevi.com.tr\/index.php\/urun\/edna-gunlukleri\/","title":{"rendered":"Edna G\u00fcnl\u00fckleri"},"content":{"rendered":"<p>Zaman\u0131n \u00e7ok \u00f6tesinde, tarihin tozlu sayfalar\u0131nda bir hik\u00e2ye anlat\u0131l\u0131r Edna dilinde. H\u0131rs ve kibirden d\u00f6v\u00fclen nefretin beden buldu\u011fu hayatlar y\u0131k\u0131mdan ba\u015fka bir \u015fey getirmedi.  Yans\u0131ma ve yan\u0131lsamalar kendi ger\u00e7ekli\u011finden s\u0131yr\u0131ld\u0131. Zamansa b\u00fcy\u00fck k\u0131r\u0131lmalara u\u011frayarak en zay\u0131f d\u00fc\u015fmanlar\u0131 bile hayata geri d\u00f6nd\u00fcrd\u00fc. \u00c7a\u011f de\u011fi\u015fti, karanl\u0131k t\u00fcm diyarlardan i\u00e7eriye s\u0131z\u0131p kan ve deh\u015feti serbest b\u0131rakt\u0131.  Karanl\u0131\u011f\u0131n ve karma\u015fan\u0131n i\u00e7erisinde t\u00fcm umutlar yitirilirken son varis Edna&#8217;ya yeniden \u0131\u015f\u0131k tutacakt\u0131. Kaderin elleri, b\u00fct\u00fcn diyarlar\u0131n son \u015fans\u0131 tek bir ki\u015fiye emanet edildi. Peki ya bu v\u00e2ris, kaybedilen ge\u00e7mi\u015fin i\u00e7inde gelece\u011fi kurtarabilecek miydi? <\/p>\n","protected":false},"excerpt":{"rendered":"<p>Zaman\u0131n \u00e7ok \u00f6tesinde, tarihin tozlu sayfalar\u0131nda bir hik\u00e2ye anlat\u0131l\u0131r Edna dilinde. H\u0131rs ve kibirden d\u00f6v\u00fclen nefretin beden buldu\u011fu hayatlar y\u0131k\u0131mdan ba\u015fka bir \u015fey getirmedi. Yans\u0131ma ve<span class=\"excerpt-hellip\"> [\u2026]<\/span><\/p>\n","protected":false},"featured_media":0,"template":"","meta":{"_monsterinsights_skip_tracking":false,"_monsterinsights_sitenote_active":false,"_monsterinsights_sitenote_note":"","_monsterinsights_sitenote_category":0},"product_brand":[],"product_cat":[12291,12711],"product_tag":[],"class_list":{"0":"post-741937","1":"product","2":"type-product","3":"status-publish","5":"product_cat-edebiyat","6":"product_cat-roman-oyku","7":"pa_cilt-ciltsiz","8":"pa_tur-kitap","9":"pa_yayinevi-epsilon-yayinlari","10":"pa_yazar-aygul-mudurlu","12":"first","13":"instock","14":"sale","15":"shipping-taxable","16":"purchasable","17":"product-type-simple"},"_links":{"self":[{"href":"https:\/\/roveyayinevi.com.tr\/index.php\/wp-json\/wp\/v2\/product\/741937","targetHints":{"allow":["GET"]}}],"collection":[{"href":"https:\/\/roveyayinevi.com.tr\/index.php\/wp-json\/wp\/v2\/product"}],"about":[{"href":"https:\/\/roveyayinevi.com.tr\/index.php\/wp-json\/wp\/v2\/types\/product"}],"wp:attachment":[{"href":"https:\/\/roveyayinevi.com.tr\/index.php\/wp-json\/wp\/v2\/media?parent=741937"}],"wp:term":[{"taxonomy":"product_brand","embeddable":true,"href":"https:\/\/roveyayinevi.com.tr\/index.php\/wp-json\/wp\/v2\/product_brand?post=741937"},{"taxonomy":"product_cat","embeddable":true,"href":"https:\/\/roveyayinevi.com.tr\/index.php\/wp-json\/wp\/v2\/product_cat?post=741937"},{"taxonomy":"product_tag","embeddable":true,"href":"https:\/\/roveyayinevi.com.tr\/index.php\/wp-json\/wp\/v2\/product_tag?post=741937"}],"curies":[{"name":"wp","href":"https:\/\/api.w.org\/{rel}","templated":true}]}}