{"id":741936,"date":"2025-08-28T01:00:21","date_gmt":"2025-08-27T22:00:21","guid":{"rendered":"https:\/\/roveyayinevi.com.tr\/index.php\/urun\/eski-ve-yeni-kitaplar\/"},"modified":"2026-04-16T02:53:14","modified_gmt":"2026-04-15T23:53:14","slug":"eski-ve-yeni-kitaplar","status":"publish","type":"product","link":"https:\/\/roveyayinevi.com.tr\/index.php\/urun\/eski-ve-yeni-kitaplar\/","title":{"rendered":"Eski ve Yeni Kitaplar"},"content":{"rendered":"<p>Banu Bozdemir\u2019den kitaplar\u0131nb\u00fcy\u00fcl\u00fc d\u00fcnyas\u0131na aite\u011flenceli ve s\u0131cac\u0131kbir \u00f6yk\u00fc&#8230;   Can, uzun s\u00fcredir icatlar\u0131n nas\u0131l ke\u015ffedildi\u011fini merak ediyordu. Tam dedesiyle kar\u015f\u0131l\u0131kl\u0131 oturup kitap okurlarken birden g\u00f6z\u00fc dedesinin k\u00fct\u00fcphanesine tak\u0131ld\u0131. Acaba dedesinin o tozlu raflar\u0131nda bu konuyla ilgili kitap var m\u0131yd\u0131? Eski kitaplar\u0131n bilgileri de eski olur muydu? Belki de dedesinin dedi\u011fi gibi yeni kitaplar\u0131n de\u011feri eskidik\u00e7e art\u0131yordu, kim bilir! Can ve dedesinin k\u00fct\u00fcphanesindeki konu\u015fan kitaplar\u0131n tatl\u0131 at\u0131\u015fmalar\u0131n\u0131 okurken hem g\u00fclecek hem de bol bold\u00fc\u015f\u00fcneceksiniz. Siz de k\u00fct\u00fcphanenizin yak\u0131nlar\u0131ndan ge\u00e7erken kulak kabart\u0131p dinleyin bakal\u0131m, sizin kitaplar\u0131n\u0131z da konu\u015fuyor mu?<\/p>\n","protected":false},"excerpt":{"rendered":"<p>Banu Bozdemir\u2019den kitaplar\u0131nb\u00fcy\u00fcl\u00fc d\u00fcnyas\u0131na aite\u011flenceli ve s\u0131cac\u0131kbir \u00f6yk\u00fc&#8230; Can, uzun s\u00fcredir icatlar\u0131n nas\u0131l ke\u015ffedildi\u011fini merak ediyordu. Tam dedesiyle kar\u015f\u0131l\u0131kl\u0131 oturup kitap okurlarken birden g\u00f6z\u00fc dedesinin k\u00fct\u00fcphanesine<span class=\"excerpt-hellip\"> [\u2026]<\/span><\/p>\n","protected":false},"featured_media":0,"template":"","meta":{"_monsterinsights_skip_tracking":false,"_monsterinsights_sitenote_active":false,"_monsterinsights_sitenote_note":"","_monsterinsights_sitenote_category":0},"product_brand":[],"product_cat":[12274,12284],"product_tag":[],"class_list":{"0":"post-741936","1":"product","2":"type-product","3":"status-publish","5":"product_cat-cocuk-ve-genclik-kitaplari","6":"product_cat-hikayeler","7":"pa_cilt-ciltsiz","8":"pa_tur-kitap","9":"pa_yayinevi-epsilon-ozel-urun","10":"pa_yazar-banu-bozdemir","12":"first","13":"instock","14":"sale","15":"shipping-taxable","16":"purchasable","17":"product-type-simple"},"_links":{"self":[{"href":"https:\/\/roveyayinevi.com.tr\/index.php\/wp-json\/wp\/v2\/product\/741936","targetHints":{"allow":["GET"]}}],"collection":[{"href":"https:\/\/roveyayinevi.com.tr\/index.php\/wp-json\/wp\/v2\/product"}],"about":[{"href":"https:\/\/roveyayinevi.com.tr\/index.php\/wp-json\/wp\/v2\/types\/product"}],"wp:attachment":[{"href":"https:\/\/roveyayinevi.com.tr\/index.php\/wp-json\/wp\/v2\/media?parent=741936"}],"wp:term":[{"taxonomy":"product_brand","embeddable":true,"href":"https:\/\/roveyayinevi.com.tr\/index.php\/wp-json\/wp\/v2\/product_brand?post=741936"},{"taxonomy":"product_cat","embeddable":true,"href":"https:\/\/roveyayinevi.com.tr\/index.php\/wp-json\/wp\/v2\/product_cat?post=741936"},{"taxonomy":"product_tag","embeddable":true,"href":"https:\/\/roveyayinevi.com.tr\/index.php\/wp-json\/wp\/v2\/product_tag?post=741936"}],"curies":[{"name":"wp","href":"https:\/\/api.w.org\/{rel}","templated":true}]}}