{"id":741934,"date":"2025-08-28T01:00:18","date_gmt":"2025-08-27T22:00:18","guid":{"rendered":"https:\/\/roveyayinevi.com.tr\/index.php\/urun\/seraph-of-the-end-kiyamet-melegi-21\/"},"modified":"2026-04-16T02:53:14","modified_gmt":"2026-04-15T23:53:14","slug":"seraph-of-the-end-kiyamet-melegi-21","status":"publish","type":"product","link":"https:\/\/roveyayinevi.com.tr\/index.php\/urun\/seraph-of-the-end-kiyamet-melegi-21\/","title":{"rendered":"Seraph of the End -K\u0131yamet Mele\u011fi 21"},"content":{"rendered":"<p>Gizemli bir vir\u00fcs d\u00fcnyaya yay\u0131ld\u0131 ve 13 ya\u015f\u0131n \u00fczerindeki herkesin \u00f6l\u00fcm\u00fcne neden oldu. Vampirler karanl\u0131k k\u00f6\u015felerinden \u00e7\u0131kt\u0131lar ve hayatta kalan \u00e7ocuklar\u0131 yer alt\u0131n\u0131n karanl\u0131\u011f\u0131na mahk\u00fbm ettiler. Bu \u00e7ocuklardan biri olan Yui\u00e7iro vampirlerin elinden kurtulmay\u0131 ba\u015fard\u0131. \u015eimdi istedi\u011fi tek bir \u015fey var: T\u00fcm vampirlerden intikam\u0131n\u0131 almak. Guren, Yui\u00e7iro\u2019yu esir alan ki\u015fileri yakalar ama Yui\u00e7iro\u2019yu Hyakuya mensuplar\u0131n\u0131n elinden kurtarmak i\u00e7in herhangi bir \u015fey yapmaz. Birden Mahiru belirir ve Mikaela\u2019ya sald\u0131r\u0131r! Bu arada, Guren\u2019in i\u00e7indeki di\u011fer bir iblis olan Noya da geli\u015fmeleri izlemektedir. Bariz ihanetine ra\u011fmen Guren\u2019e g\u00fcvenmeye devam ediyor olsa da, acaba Yui\u00e7iro Mikaela ile sonsuza dek s\u00fcrecek bir ka\u00e7\u0131\u015f\u0131 planl\u0131yor olabilir mi? <\/p>\n","protected":false},"excerpt":{"rendered":"<p>Gizemli bir vir\u00fcs d\u00fcnyaya yay\u0131ld\u0131 ve 13 ya\u015f\u0131n \u00fczerindeki herkesin \u00f6l\u00fcm\u00fcne neden oldu. Vampirler karanl\u0131k k\u00f6\u015felerinden \u00e7\u0131kt\u0131lar ve hayatta kalan \u00e7ocuklar\u0131 yer alt\u0131n\u0131n karanl\u0131\u011f\u0131na mahk\u00fbm ettiler.<span class=\"excerpt-hellip\"> [\u2026]<\/span><\/p>\n","protected":false},"featured_media":0,"template":"","meta":{"_monsterinsights_skip_tracking":false,"_monsterinsights_sitenote_active":false,"_monsterinsights_sitenote_note":"","_monsterinsights_sitenote_category":0},"product_brand":[],"product_cat":[12416,12291],"product_tag":[],"class_list":{"0":"post-741934","1":"product","2":"type-product","3":"status-publish","5":"product_cat-cizgi-roman","6":"product_cat-edebiyat","7":"pa_cilt-ciltsiz","8":"pa_tur-kitap","9":"pa_yayinevi-akil-celen-kitaplar","10":"pa_yazar-takaya-kagami","12":"first","13":"instock","14":"sale","15":"shipping-taxable","16":"purchasable","17":"product-type-simple"},"_links":{"self":[{"href":"https:\/\/roveyayinevi.com.tr\/index.php\/wp-json\/wp\/v2\/product\/741934","targetHints":{"allow":["GET"]}}],"collection":[{"href":"https:\/\/roveyayinevi.com.tr\/index.php\/wp-json\/wp\/v2\/product"}],"about":[{"href":"https:\/\/roveyayinevi.com.tr\/index.php\/wp-json\/wp\/v2\/types\/product"}],"wp:attachment":[{"href":"https:\/\/roveyayinevi.com.tr\/index.php\/wp-json\/wp\/v2\/media?parent=741934"}],"wp:term":[{"taxonomy":"product_brand","embeddable":true,"href":"https:\/\/roveyayinevi.com.tr\/index.php\/wp-json\/wp\/v2\/product_brand?post=741934"},{"taxonomy":"product_cat","embeddable":true,"href":"https:\/\/roveyayinevi.com.tr\/index.php\/wp-json\/wp\/v2\/product_cat?post=741934"},{"taxonomy":"product_tag","embeddable":true,"href":"https:\/\/roveyayinevi.com.tr\/index.php\/wp-json\/wp\/v2\/product_tag?post=741934"}],"curies":[{"name":"wp","href":"https:\/\/api.w.org\/{rel}","templated":true}]}}