{"id":741931,"date":"2025-08-28T01:00:14","date_gmt":"2025-08-27T22:00:14","guid":{"rendered":"https:\/\/roveyayinevi.com.tr\/index.php\/urun\/tayflarin-ve-yikimin-sarkisi\/"},"modified":"2026-04-16T02:53:14","modified_gmt":"2026-04-15T23:53:14","slug":"tayflarin-ve-yikimin-sarkisi","status":"publish","type":"product","link":"https:\/\/roveyayinevi.com.tr\/index.php\/urun\/tayflarin-ve-yikimin-sarkisi\/","title":{"rendered":"Tayflar\u0131n ve Y\u0131k\u0131m\u0131n \u015eark\u0131s\u0131"},"content":{"rendered":"<p>Elli y\u0131lda bir ger\u00e7ekle\u015fen Solstasia Festivali, Malik i\u00e7in Ziran \u015fehrinde k\u0131z karde\u015fleriyle yeni bir hayat kurma f\u0131rsat\u0131yd\u0131. Fakat \u015fehre girebilmek u\u011fruna kindar bir ruhla \u00f6l\u00fcmc\u00fcl bir anla\u015fma yapmas\u0131 gerekecekti. Ziran&#8217;\u0131n Veliaht Prensesi Karina&#8217;y\u0131 \u00f6ld\u00fcrmek zorunda kalaca\u011f\u0131 bir anla\u015fma\u2026   Karina\u2019n\u0131n da \u00f6l\u00fcmc\u00fcl planlar\u0131 vard\u0131. H\u00fck\u00fcmdarl\u0131k isyanla y\u00fcz y\u00fcze gelmenin e\u015fi\u011findeyken, festival boynuna inmeyi bekleyen bir k\u0131l\u0131\u00e7 gibiydi. Bu kaosu yaln\u0131zca tek bir \u015fey sona erdirebilirdi: Taht\u0131n ger\u00e7ek sahibini geri getirmek. Bunun i\u00e7in de yasakl\u0131 bir sihre ve\u2026 bir kral\u0131n kalbine ihtiyac\u0131 vard\u0131. S\u0131radaki Solstasia \u015eampiyonu, kanla lekelenecek bir d\u00fc\u011f\u00fcne haz\u0131rlanmal\u0131yd\u0131.   Malik hileyle yar\u0131\u015fmaya kat\u0131ld\u0131\u011f\u0131nda, ikisi de birbirlerini yok etmek \u00fczere \u00e7oktan harekete ge\u00e7mi\u015fti. Ancak aralar\u0131nda bir \u00e7ekim do\u011farken ve kadim k\u00f6t\u00fcl\u00fc\u011f\u00fcn planlar\u0131 t\u0131k\u0131r t\u0131k\u0131r i\u015flerken, sevdikleri u\u011fruna neler yapabileceklerini kendileri bile bilemezdi.     \u201cSihir, a\u015fk ve entrikayla par\u0131ldayan b\u00fcy\u00fcleyici bir ilk roman. Brown, i\u00e7inize i\u015fleyecek ve son sayfadan sonra bile pe\u015finizi b\u0131rakmayacak bir hik\u00e2yeye hayat veriyor.\u201d \u2014Swati Teerdhala   \u201c\u0130\u00e7ine \u00e7ekildi\u011finiz d\u00fcnyan\u0131n \u015fatafatl\u0131 detaylar\u0131na ve m\u00fcthi\u015f bir ger\u00e7ek\u00e7ilikle yaz\u0131lm\u0131\u015f karakterlere \u00f6yle bay\u0131lacaks\u0131n\u0131z ki sayfalar\u0131 h\u0131zla \u00e7evirmekten kendinizi alamayacaks\u0131n\u0131z.\u201d \u2014Rena Barron   \u201cKandan ve Kemikten \u00c7ocuklar\u2019\u0131n nefes kesen aksiyonunu, Ruhlar\u0131n Ka\u00e7\u0131\u015f\u0131\u2019n\u0131n sihrini ve Taht Oyunlar\u0131\u2019n\u0131n \u015foka u\u011fratan, cezbedici entrikalar\u0131n\u0131 kendinde toplayan Tayflar\u0131n ve Y\u0131k\u0131m\u0131n \u015eark\u0131s\u0131 tam bir ba\u015fyap\u0131t.\u201d \u2014Brittney Morris \u201cEnfes bir sihir sistemi ve \u00f6l\u00fcmc\u00fcl risklerle dolu mest edici bir a\u015fk hik\u00e2yesi sunan Tayflar\u0131n ve Y\u0131k\u0131m\u0131n \u015eark\u0131s\u0131 ka\u00e7\u0131r\u0131lmamas\u0131 gereken, \u00e7ok heyecanl\u0131 bir destan.\u201d \u2014Dhonielle Clayton   \u201cFantastik seven herkesin kitapl\u0131\u011f\u0131nda olmas\u0131 gereken s\u00fcr\u00fckleyici bir kitap.\u201d \u2014Kiersten White   \u201cBrown\u2019\u0131n \u00e7\u0131k\u0131\u015f roman\u0131 hayat\u0131m\u0131zda h\u00e2l\u00e2 yeri olan eski halk hik\u00e2yelerine yeni bir nefes \u00fcfl\u00fcyor.\u201d \u2014Kirkus (starred review)   \u201cAdaletsizlik, sihir ve a\u015fkla yo\u011frulmu\u015f aksiyon dolu bu hik\u00e2yede okurlar nefes kesici bir d\u00fcnyan\u0131n i\u00e7ine girecek.\u201d \u2014Publishers Weekly (starred review)   \u201cOyunbaz ruhlar, zengin bir k\u00fclt\u00fcr ve do\u011fal bir \u015fekilde yolunu bulan bir a\u015fkla dolup ta\u015fan bu destans\u0131 hik\u00e2yede her ters k\u00f6\u015fe bir \u00f6ncekinden daha da ilgi \u00e7ekici.\u201d \u2014BCCB (starred review)   \u201cBat\u0131 Afrika halk masallar\u0131ndan esinlenen ve i\u00e7inde modern d\u00fcnyadakine paralel politik yorumlar bar\u0131nd\u0131ran do\u011fa\u00fcst\u00fc bir a\u015fk hik\u00e2yesi.\u201d \u2014BookPage (starred review)   \u201cSihirle dolu d\u00fcnyalar\u0131 ve kibar erkek karakterlerle g\u00fc\u00e7l\u00fc kad\u0131n karakterleri seven okurlar Tayflar\u0131n ve Y\u0131k\u0131m\u0131n \u015eark\u0131s\u0131\u2019na bay\u0131lacak!\u201d \u2014School Library Journal <\/p>\n","protected":false},"excerpt":{"rendered":"<p>Elli y\u0131lda bir ger\u00e7ekle\u015fen Solstasia Festivali, Malik i\u00e7in Ziran \u015fehrinde k\u0131z karde\u015fleriyle yeni bir hayat kurma f\u0131rsat\u0131yd\u0131. Fakat \u015fehre girebilmek u\u011fruna kindar bir ruhla \u00f6l\u00fcmc\u00fcl bir<span class=\"excerpt-hellip\"> [\u2026]<\/span><\/p>\n","protected":false},"featured_media":0,"template":"","meta":{"_monsterinsights_skip_tracking":false,"_monsterinsights_sitenote_active":false,"_monsterinsights_sitenote_note":"","_monsterinsights_sitenote_category":0},"product_brand":[],"product_cat":[12291,14777],"product_tag":[],"class_list":{"0":"post-741931","1":"product","2":"type-product","3":"status-publish","5":"product_cat-edebiyat","6":"product_cat-fantastik","7":"pa_cilt-ciltsiz","8":"pa_tur-kitap","9":"pa_yayinevi-yabanci-yayinevi","10":"pa_yazar-roseanne-a-brown","12":"first","13":"instock","14":"sale","15":"shipping-taxable","16":"purchasable","17":"product-type-simple"},"_links":{"self":[{"href":"https:\/\/roveyayinevi.com.tr\/index.php\/wp-json\/wp\/v2\/product\/741931","targetHints":{"allow":["GET"]}}],"collection":[{"href":"https:\/\/roveyayinevi.com.tr\/index.php\/wp-json\/wp\/v2\/product"}],"about":[{"href":"https:\/\/roveyayinevi.com.tr\/index.php\/wp-json\/wp\/v2\/types\/product"}],"wp:attachment":[{"href":"https:\/\/roveyayinevi.com.tr\/index.php\/wp-json\/wp\/v2\/media?parent=741931"}],"wp:term":[{"taxonomy":"product_brand","embeddable":true,"href":"https:\/\/roveyayinevi.com.tr\/index.php\/wp-json\/wp\/v2\/product_brand?post=741931"},{"taxonomy":"product_cat","embeddable":true,"href":"https:\/\/roveyayinevi.com.tr\/index.php\/wp-json\/wp\/v2\/product_cat?post=741931"},{"taxonomy":"product_tag","embeddable":true,"href":"https:\/\/roveyayinevi.com.tr\/index.php\/wp-json\/wp\/v2\/product_tag?post=741931"}],"curies":[{"name":"wp","href":"https:\/\/api.w.org\/{rel}","templated":true}]}}