{"id":741918,"date":"2025-08-28T00:59:55","date_gmt":"2025-08-27T21:59:55","guid":{"rendered":"https:\/\/roveyayinevi.com.tr\/index.php\/urun\/beni-nefessiz-birakma\/"},"modified":"2026-04-13T02:59:56","modified_gmt":"2026-04-12T23:59:56","slug":"beni-nefessiz-birakma","status":"publish","type":"product","link":"https:\/\/roveyayinevi.com.tr\/index.php\/urun\/beni-nefessiz-birakma\/","title":{"rendered":"Beni Nefessiz B\u0131rakma"},"content":{"rendered":"<p>Deniz nefessiz kal\u0131nca Bal\u0131klar \u00f6l\u00fcrm\u00fc\u015f Ve dermi\u015f ki deniz r\u00fczg\u00e2ra \u0130\u00e7im bu denli \u00e7i\u00e7ekler a\u00e7arken Ne olur Beni nefessiz b\u0131rakma\u2026   <\/p>\n","protected":false},"excerpt":{"rendered":"<p>Deniz nefessiz kal\u0131nca Bal\u0131klar \u00f6l\u00fcrm\u00fc\u015f Ve dermi\u015f ki deniz r\u00fczg\u00e2ra \u0130\u00e7im bu denli \u00e7i\u00e7ekler a\u00e7arken Ne olur Beni nefessiz b\u0131rakma\u2026<\/p>\n","protected":false},"featured_media":0,"template":"","meta":{"_monsterinsights_skip_tracking":false,"_monsterinsights_sitenote_active":false,"_monsterinsights_sitenote_note":"","_monsterinsights_sitenote_category":0},"product_brand":[],"product_cat":[12291,12509],"product_tag":[],"class_list":{"0":"post-741918","1":"product","2":"type-product","3":"status-publish","5":"product_cat-edebiyat","6":"product_cat-siir","7":"pa_cilt-ciltsiz","8":"pa_tur-kitap","9":"pa_yayinevi-sinirsiz-kitap","10":"pa_yazar-yakup-balci","12":"first","13":"instock","14":"sale","15":"shipping-taxable","16":"purchasable","17":"product-type-simple"},"_links":{"self":[{"href":"https:\/\/roveyayinevi.com.tr\/index.php\/wp-json\/wp\/v2\/product\/741918","targetHints":{"allow":["GET"]}}],"collection":[{"href":"https:\/\/roveyayinevi.com.tr\/index.php\/wp-json\/wp\/v2\/product"}],"about":[{"href":"https:\/\/roveyayinevi.com.tr\/index.php\/wp-json\/wp\/v2\/types\/product"}],"wp:attachment":[{"href":"https:\/\/roveyayinevi.com.tr\/index.php\/wp-json\/wp\/v2\/media?parent=741918"}],"wp:term":[{"taxonomy":"product_brand","embeddable":true,"href":"https:\/\/roveyayinevi.com.tr\/index.php\/wp-json\/wp\/v2\/product_brand?post=741918"},{"taxonomy":"product_cat","embeddable":true,"href":"https:\/\/roveyayinevi.com.tr\/index.php\/wp-json\/wp\/v2\/product_cat?post=741918"},{"taxonomy":"product_tag","embeddable":true,"href":"https:\/\/roveyayinevi.com.tr\/index.php\/wp-json\/wp\/v2\/product_tag?post=741918"}],"curies":[{"name":"wp","href":"https:\/\/api.w.org\/{rel}","templated":true}]}}